{"id":10075,"date":"2021-02-20T22:10:33","date_gmt":"2021-02-21T03:10:33","guid":{"rendered":"https:\/\/info-prema.uqo.ca\/?page_id=10075"},"modified":"2022-10-07T13:18:16","modified_gmt":"2022-10-07T18:18:16","slug":"lallaitement-2","status":"publish","type":"page","link":"https:\/\/info-prema.uqo.ca\/?page_id=10075","title":{"rendered":"Difficult\u00e9s et Complications"},"content":{"rendered":"<div class=\"wpb-content-wrapper\"><p>[vc_row tw_dimension_type=&#8221;custom-min-height&#8221; tw_dimension_height=&#8221;300&#8243; size=&#8221;uk-section-normal&#8221; uk_light=&#8221;true&#8221; tablet=&#8221;true&#8221; mobile=&#8221;true&#8221; overlay=&#8221;0.3&#8243; css=&#8221;.vc_custom_1616798584348{margin-bottom: 55px !important;background: #0a0a0a url(https:\/\/info-prema.uqo.ca\/wp-content\/uploads\/2021\/03\/benefice_lait_maternel-e1616798394843.jpg?id=11111) !important;background-position: center !important;background-repeat: no-repeat !important;background-size: cover !important;}&#8221;][vc_column][tw_heading heading_tag=&#8221;h2&#8243; title_animate=&#8221;&#8221; title=&#8221;Allaitement&#8221; subtitle=&#8221;&#8221; css=&#8221;.vc_custom_1616798594956{padding-top: 30px !important;background-position: center !important;background-repeat: no-repeat !important;background-size: cover !important;}&#8221;][\/tw_heading][\/vc_column][\/vc_row][vc_row tw_dimension_type=&#8221;custom-min-height&#8221; tw_dimension_height=&#8221;200&#8243; size=&#8221;uk-section-normal&#8221; uk_light=&#8221;true&#8221; large_screens=&#8221;true&#8221; desktop=&#8221;true&#8221; overlay=&#8221;0.3&#8243; css=&#8221;.vc_custom_1616798818030{margin-bottom: 45px !important;background: #0a0a0a url(https:\/\/info-prema.uqo.ca\/wp-content\/uploads\/2021\/03\/benefice_lait_maternel-e1616798394843.jpg?id=11111) !important;background-position: center !important;background-repeat: no-repeat !important;background-size: cover !important;}&#8221;][vc_column][tw_heading heading_tag=&#8221;h2&#8243; title_animate=&#8221;&#8221; title=&#8221;Difficult\u00e9 et Complications&#8221; subtitle=&#8221;Allaitement&#8221; css=&#8221;.vc_custom_1616798848383{padding-top: 15px !important;background-position: center !important;background-repeat: no-repeat !important;background-size: cover !important;}&#8221;][\/tw_heading][\/vc_column][\/vc_row][vc_row size=&#8221;uk-padding-remove-vertical&#8221;][vc_column width=&#8221;1\/4&#8243;][vc_wp_custommenu title=&#8221;Sections&#8221; nav_menu=&#8221;116&#8243;][vc_row_inner size=&#8221;uk-section-xsmall&#8221; equal_height=&#8221;&#8221;][vc_column_inner][\/vc_column_inner][\/vc_row_inner][\/vc_column][vc_column width=&#8221;3\/4&#8243;][tw_heading title_animate=&#8221;true&#8221; title=&#8221;&#8221; subtitle=&#8221;Allaitement&#8221; title_align=&#8221;uk-text-left&#8221; max_width=&#8221;title_full&#8221;][\/tw_heading][tw_heading title_animate=&#8221;&#8221; title=&#8221;Difficult\u00e9s&#8221; subtitle=&#8221;&#8221; title_align=&#8221;uk-text-left&#8221; max_width=&#8221;title_full&#8221;]Les recherches ont d\u00e9montr\u00e9 que les b\u00e9b\u00e9s pr\u00e9matur\u00e9s sont plus \u00e0 risque de ne pas recevoir assez de lait maternel et que le taux d\u2019allaitement est moins \u00e9lev\u00e9 que pour les enfants n\u00e9s \u00e0 terme (\u00e0 plus de 37 semaines de gestation).<\/p>\n<p>Voici quelques difficult\u00e9s d\u2019allaitement rencontr\u00e9es chez les b\u00e9b\u00e9s pr\u00e9matur\u00e9s et des solutions pour y rem\u00e9dier :[\/tw_heading][vc_accordion active_tab=&#8221;false&#8221; collapsible=&#8221;yes&#8221;][vc_accordion_tab title=&#8221;S\u00e9paration de la m\u00e8re et du b\u00e9b\u00e9&#8221;][tw_text]Recommandations :<\/p>\n<ul>\n<li>\u00catre au chevet du b\u00e9b\u00e9 le plus souvent possible.<\/li>\n<li>Avoir un contact peau-\u00e0-peau le plus souvent et le plus longtemps possible avec votre b\u00e9b\u00e9.<\/li>\n<li>Utiliser une photo de votre b\u00e9b\u00e9 pour les p\u00e9riodes d&#8217;expression du lait maternel \u00e0 la maison.<\/li>\n<\/ul>\n<p>[\/tw_text][\/vc_accordion_tab][vc_accordion_tab title=&#8221;Production de lait insuffisante&#8221;][tw_text]Qui peut \u00eatre reli\u00e9e \u00e0\u00a0:<\/p>\n<ul>\n<li>L\u2019immaturit\u00e9 des glandes mammaires d\u00fb \u00e0 l\u2019accouchement pr\u00e9matur\u00e9<\/li>\n<li>Le d\u00e9lai du d\u00e9but de l\u2019expression du lait maternel<\/li>\n<li>L\u2019anxi\u00e9t\u00e9 maternelle<\/li>\n<li>Les seins non vid\u00e9s ad\u00e9quatement lors de l\u2019allaitement \u00e0 cause de l\u2019immaturit\u00e9 du b\u00e9b\u00e9<\/li>\n<\/ul>\n<p>Strat\u00e9gies :<\/p>\n<ul>\n<li>Discuter avec l\u2019\u00e9quipe soignante de vos objectifs d\u2019allaitement (dur\u00e9e, exclusivit\u00e9, m\u00e9thode).<\/li>\n<li>D\u00e9buter l\u2019expression du lait dans les 6 heures suivant l\u2019accouchement).<\/li>\n<li>Vider chaque sein au moins 6 fois par jour (expression manuelle ou tire-lait).<\/li>\n<li>Masser les seins.<\/li>\n<li>Faire le contact peau-\u00e0-peau le plus souvent et le plus longtemps possible.<\/li>\n<li>V\u00e9rifier avec l\u2019\u00e9quipe soignante s\u2019il est possible que le b\u00e9b\u00e9 re\u00e7oive du lait en provenance de la banque de lait humain pour combler les quantit\u00e9s insuffisantes.<\/li>\n<li>Entreposer et conserver ad\u00e9quatement (au r\u00e9frig\u00e9rateur ou au cong\u00e9lateur) tout le lait exprim\u00e9, quelle que soit la quantit\u00e9.<\/li>\n<li>D\u00e9buter les t\u00e9t\u00e9es non-nutritives d\u00e8s 32 semaines d\u2019\u00e2ge gestationnel (ou avant si le b\u00e9b\u00e9 d\u00e9montre un int\u00e9r\u00eat). La stimulation du mamelon et le contact peau-\u00e0-peau aident la production de lait.<\/li>\n<li>Diminuer l\u2019anxi\u00e9t\u00e9 maternelle (soutien de votre entourage, soutien de professionnels, et autres).<\/li>\n<li>Prise de m\u00e9dicaments galactogogues (Metoclopramide, ocytocyine) selon l\u2019avis d\u2019un professionnel.<\/li>\n<\/ul>\n<p>[\/tw_text][\/vc_accordion_tab][vc_accordion_tab title=&#8221;Environnement de soins intensifs stressant&#8221;][tw_text]Recommandations :<\/p>\n<ul>\n<li>Se rappeler que le personnel de la n\u00e9onatalogie est disponible et comp\u00e9tent pour aider \u00e0 l\u2019allaitement.<\/li>\n<li>Il est souhait\u00e9 de r\u00e9duire le bruit et l\u2019\u00e9clairage pendant les p\u00e9riode d\u2019expression du lait ou d\u2019alimentation du b\u00e9b\u00e9. Les nombreux stimuli (bruits, lumi\u00e8res) peuvent stresser la maman pendant l\u2019expression du lait ou l&#8217;allaitement et le b\u00e9b\u00e9 pendant les p\u00e9riodes d\u2019alimentation.<\/li>\n<\/ul>\n<p>[\/tw_text][\/vc_accordion_tab][vc_accordion_tab title=&#8221;Immaturit\u00e9 du b\u00e9b\u00e9 pr\u00e9matur\u00e9&#8221;][tw_text]Qui peut entrainer\u00a0:<\/p>\n<ul>\n<li>Des signes de faim non \u00e9vidents<\/li>\n<li>De la difficult\u00e9 \u00e0 s\u2019accrocher au sein<\/li>\n<li>Une fatigue rapide<\/li>\n<li>Une absence de coordination\u00a0: t\u00e9ter, avaler, respirer<\/li>\n<li>Des t\u00e9t\u00e9es inefficaces<\/li>\n<\/ul>\n<p>Une obligation d&#8217;exprimer son lait<\/p>\n<ul>\n<li>Obtenir du soutien du personnel de la n\u00e9onatalogie concernant les signes de faim, les positions d\u2019allaitement et l\u2019utilisation du tire-lait.<\/li>\n<li>Respecter le rythme de votre b\u00e9b\u00e9 et favoriser les t\u00e9t\u00e9es non-nutritives au d\u00e9but.<\/li>\n<li>Consultez votre pharmacie ou CLSC pour avoir de l\u2019information sur la location ou l\u2019achat d\u2019un tire-lait pour exprimer votre lait lorsque vous n\u2019\u00eates pas \u00e0 l\u2019h\u00f4pital.<\/li>\n<\/ul>\n<p>[\/tw_text][\/vc_accordion_tab][vc_accordion_tab title=&#8221;D\u00e9lai de la mise au sein&#8221;][tw_text]Caus\u00e9 par\u00a0:<\/p>\n<ul>\n<li>Gavage<\/li>\n<li>Biberons prioris\u00e9s car contient du lait fortifi\u00e9<\/li>\n<\/ul>\n<p>Explication :<\/p>\n<ul>\n<li>Le lait humain non fortifi\u00e9 ne contient pas assez de prot\u00e9ines, de calcium, de phosphore, de fer et de vitamines pour les b\u00e9b\u00e9s pr\u00e9matur\u00e9s et de petit poids \u00e0 la naissance. Ceci fait en sorte qu\u2019il faut fortifier le lait, soit y ajouter des nutriments.<\/li>\n<\/ul>\n<p>Recommandations :<\/p>\n<ul>\n<li>D\u00e9buter les t\u00e9t\u00e9es non nutritives d\u00e8s 32 semaines d\u2019\u00e2ge gestationnel. Lorsque la m\u00e8re n\u2019est pas disponible l\u2019usage de la suce pour les t\u00e9t\u00e9es non nutritives est recommand\u00e9.<\/li>\n<\/ul>\n<p>[\/tw_text][\/vc_accordion_tab][vc_accordion_tab title=&#8221;Maintenir l\u2019allaitement une fois \u00e0 la maison&#8221;][tw_text]Recommandations :<\/p>\n<ul>\n<li>Pratiquer les techniques de positionnement \u00e0 l\u2019h\u00f4pital.<\/li>\n<li>Apprendre \u00e0 reconnaitre les signes de faim de votre b\u00e9b\u00e9 pendant l\u2019hospitalisation.<\/li>\n<li>\u00catre au chevet du b\u00e9b\u00e9 le plus possible pour pouvoir faire des mises au sein fr\u00e9quentes.<\/li>\n<li>Continuer \u00e0 exprimer son lait suite \u00e0 l\u2019allaitement.<\/li>\n<li>Continuer le contact peau-\u00e0-peau \u00e0 la maison.<\/li>\n<\/ul>\n<p>[\/tw_text][\/vc_accordion_tab][\/vc_accordion][\/vc_column][\/vc_row][vc_row size=&#8221;uk-section-normal&#8221; css=&#8221;.vc_custom_1616798755142{padding-bottom: 75px !important;background-position: center !important;background-repeat: no-repeat !important;background-size: cover !important;}&#8221;][vc_column width=&#8221;1\/4&#8243;][vc_row_inner][vc_column_inner][\/vc_column_inner][\/vc_row_inner][\/vc_column][vc_column width=&#8221;3\/4&#8243; css=&#8221;.vc_custom_1614397931974{padding-top: 50px !important;padding-right: 50px !important;padding-bottom: 50px !important;padding-left: 50px !important;background-color: #eaeaea !important;background-position: center !important;background-repeat: no-repeat !important;background-size: cover !important;}&#8221;][tw_heading title_animate=&#8221;&#8221; title=&#8221;Complications de l\u2019allaitement&#8221; subtitle=&#8221;&#8221; title_align=&#8221;uk-text-left&#8221; max_width=&#8221;title_full&#8221;]Pour en savoir plus sur les complications de l\u2019allaitement (ex : mastite, engorgement, mauvaise prise du sein, etc.) et leur prise en charge, consultez le site de l&#8217;<span style=\"text-decoration: underline;\"><a href=\"https:\/\/www.inspq.qc.ca\/mieux-vivre\/alimentation\/nourrir-bebe-au-sein\/difficultes-d-allaitement-et-solutions\" target=\"_blank\" rel=\"noopener\">Institut national de sant\u00e9 publique du Qu\u00e9bec<\/a><\/span>.<\/p>\n<p>Vous pouvez aussi vous r\u00e9f\u00e9rer \u00e0 un professionnel de l\u2019\u00e9quipe de n\u00e9onatalogie qui vous dirigera vers la bonne ressource pour vos besoins.[\/tw_heading][\/vc_column][\/vc_row][vc_row size=&#8221;uk-padding-remove-vertical&#8221; large_screens=&#8221;true&#8221; desktop=&#8221;true&#8221; css=&#8221;.vc_custom_1616810291882{margin-bottom: 75px !important;}&#8221;][vc_column width=&#8221;1\/4&#8243;][\/vc_column][vc_column width=&#8221;3\/4&#8243;][tw_text]<\/p>\n<p style=\"text-align: right;\">[tw_button link=&#8221;https:\/\/info-prema.uqo.ca\/?page_id=10166&#8243;\u00a0 size=&#8221;small&#8221; style=&#8221;border uk-button-radius&#8221; hover=&#8221;dark-hover&#8221; icon_class=&#8221;ion-ios-arrow-thin-right&#8221; margin=&#8221;0,0,0,0&#8243; animate_icon=&#8221;true&#8221;]Exp\u00e9rience des m\u00e8res qui allaitent[\/tw_button]<\/p>\n<p>[\/tw_text][\/vc_column][\/vc_row]<\/p>\n<\/div>","protected":false},"excerpt":{"rendered":"<p>[vc_row tw_dimension_type=&#8221;custom-min-height&#8221; tw_dimension_height=&#8221;300&#8243; size=&#8221;uk-section-normal&#8221; uk_light=&#8221;true&#8221; tablet=&#8221;true&#8221; mobile=&#8221;true&#8221; overlay=&#8221;0.3&#8243; css=&#8221;.vc_custom_1616798584348{margin-bottom: 55px !important;background: #0a0a0a url(https:\/\/info-prema.uqo.ca\/wp-content\/uploads\/2021\/03\/benefice_lait_maternel-e1616798394843.jpg?id=11111) !important;background-position: center !important;background-repeat: no-repeat !important;background-size: cover !important;}&#8221;][vc_column][tw_heading heading_tag=&#8221;h2&#8243; title_animate=&#8221;&#8221; title=&#8221;Allaitement&#8221; subtitle=&#8221;&#8221; css=&#8221;.vc_custom_1616798594956{padding-top: 30px !important;background-position: center !important;background-repeat: no-repeat !important;background-size: cover !important;}&#8221;][\/tw_heading][\/vc_column][\/vc_row][vc_row tw_dimension_type=&#8221;custom-min-height&#8221; tw_dimension_height=&#8221;200&#8243; size=&#8221;uk-section-normal&#8221; uk_light=&#8221;true&#8221; large_screens=&#8221;true&#8221; desktop=&#8221;true&#8221; overlay=&#8221;0.3&#8243; css=&#8221;.vc_custom_1616798818030{margin-bottom: 45px !important;background: #0a0a0a url(https:\/\/info-prema.uqo.ca\/wp-content\/uploads\/2021\/03\/benefice_lait_maternel-e1616798394843.jpg?id=11111) !important;background-position: center !important;background-repeat: no-repeat !important;background-size: cover !important;}&#8221;][vc_column][tw_heading heading_tag=&#8221;h2&#8243; title_animate=&#8221;&#8221; title=&#8221;Difficult\u00e9 [&hellip;]<\/p>\n","protected":false},"author":1,"featured_media":0,"parent":0,"menu_order":0,"comment_status":"closed","ping_status":"closed","template":"","meta":{"footnotes":""},"class_list":["post-10075","page","type-page","status-publish","hentry"],"_links":{"self":[{"href":"https:\/\/info-prema.uqo.ca\/index.php?rest_route=\/wp\/v2\/pages\/10075","targetHints":{"allow":["GET"]}}],"collection":[{"href":"https:\/\/info-prema.uqo.ca\/index.php?rest_route=\/wp\/v2\/pages"}],"about":[{"href":"https:\/\/info-prema.uqo.ca\/index.php?rest_route=\/wp\/v2\/types\/page"}],"author":[{"embeddable":true,"href":"https:\/\/info-prema.uqo.ca\/index.php?rest_route=\/wp\/v2\/users\/1"}],"replies":[{"embeddable":true,"href":"https:\/\/info-prema.uqo.ca\/index.php?rest_route=%2Fwp%2Fv2%2Fcomments&post=10075"}],"version-history":[{"count":46,"href":"https:\/\/info-prema.uqo.ca\/index.php?rest_route=\/wp\/v2\/pages\/10075\/revisions"}],"predecessor-version":[{"id":11716,"href":"https:\/\/info-prema.uqo.ca\/index.php?rest_route=\/wp\/v2\/pages\/10075\/revisions\/11716"}],"wp:attachment":[{"href":"https:\/\/info-prema.uqo.ca\/index.php?rest_route=%2Fwp%2Fv2%2Fmedia&parent=10075"}],"curies":[{"name":"wp","href":"https:\/\/api.w.org\/{rel}","templated":true}]}}