{"id":10078,"date":"2021-02-20T21:51:55","date_gmt":"2021-02-21T02:51:55","guid":{"rendered":"https:\/\/info-prema.uqo.ca\/?page_id=10078"},"modified":"2022-10-07T13:07:35","modified_gmt":"2022-10-07T18:07:35","slug":"lallaitement-2-2","status":"publish","type":"page","link":"https:\/\/info-prema.uqo.ca\/?page_id=10078","title":{"rendered":"B\u00e9n\u00e9fices du lait maternel"},"content":{"rendered":"<div class=\"wpb-content-wrapper\"><p>[vc_row tw_dimension_type=&#8221;custom-min-height&#8221; tw_dimension_height=&#8221;300&#8243; size=&#8221;uk-section-normal&#8221; uk_light=&#8221;true&#8221; tablet=&#8221;true&#8221; mobile=&#8221;true&#8221; overlay=&#8221;0.3&#8243; css=&#8221;.vc_custom_1616798404796{margin-bottom: 55px !important;background: #0a0a0a url(https:\/\/info-prema.uqo.ca\/wp-content\/uploads\/2021\/03\/benefice_lait_maternel-e1616798394843.jpg?id=11111) !important;background-position: center !important;background-repeat: no-repeat !important;background-size: cover !important;}&#8221;][vc_column][tw_heading heading_tag=&#8221;h2&#8243; title_animate=&#8221;&#8221; title=&#8221;Allaitement&#8221; subtitle=&#8221;&#8221; css=&#8221;.vc_custom_1616798289194{padding-top: 30px !important;background-position: center !important;background-repeat: no-repeat !important;background-size: cover !important;}&#8221;][\/tw_heading][\/vc_column][\/vc_row][vc_row tw_dimension_type=&#8221;custom-min-height&#8221; tw_dimension_height=&#8221;200&#8243; size=&#8221;uk-section-normal&#8221; uk_light=&#8221;true&#8221; large_screens=&#8221;true&#8221; desktop=&#8221;true&#8221; overlay=&#8221;0.3&#8243; css=&#8221;.vc_custom_1616798470608{margin-bottom: 45px !important;background: #0a0a0a url(https:\/\/info-prema.uqo.ca\/wp-content\/uploads\/2021\/03\/benefice_lait_maternel-e1616798394843.jpg?id=11111) !important;background-position: center !important;background-repeat: no-repeat !important;background-size: cover !important;}&#8221;][vc_column][tw_heading heading_tag=&#8221;h2&#8243; title_animate=&#8221;&#8221; title=&#8221;B\u00e9n\u00e9fices du lait maternel&#8221; subtitle=&#8221;Allaitement&#8221; max_width=&#8221;title_full&#8221; css=&#8221;.vc_custom_1616798494170{padding-top: 15px !important;background-position: center !important;background-repeat: no-repeat !important;background-size: cover !important;}&#8221;][\/tw_heading][\/vc_column][\/vc_row][vc_row size=&#8221;uk-padding-remove-vertical&#8221; gutter=&#8221;uk-grid-collapse&#8221; css=&#8221;.vc_custom_1616798309711{padding-bottom: 75px !important;}&#8221;][vc_column width=&#8221;1\/4&#8243;][vc_wp_custommenu title=&#8221;Sections&#8221; nav_menu=&#8221;116&#8243;][vc_row_inner size=&#8221;uk-section-xsmall&#8221; equal_height=&#8221;&#8221;][vc_column_inner][\/vc_column_inner][\/vc_row_inner][\/vc_column][vc_column width=&#8221;3\/4&#8243;][tw_heading title_animate=&#8221;true&#8221; title=&#8221;&#8221; subtitle=&#8221;Allaitement&#8221; title_align=&#8221;uk-text-left&#8221;][\/tw_heading][tw_heading title_animate=&#8221;&#8221; title=&#8221;B\u00e9n\u00e9fices du lait maternel&#8221; subtitle=&#8221;&#8221; title_align=&#8221;uk-text-left&#8221;][\/tw_heading][tw_list list_style=&#8221;uk-list-icon&#8221; items=&#8221;Diminue les complications li\u00e9es \u00e0 la pr\u00e9maturit\u00e9 telles que l\u2019ent\u00e9rocolite-n\u00e9crosante . En effet 90% des enfants qui d\u00e9veloppent l\u2019ent\u00e9rocolite-n\u00e9crosante sont pr\u00e9matur\u00e9s et l\u2019utilisation de lait humain pourrait diminuer de moiti\u00e9 sa fr\u00e9quence.,Prot\u00e8ge contre la r\u00e9tinopathie du pr\u00e9matur\u00e9.,Prot\u00e8ge contre la dysplasie broncho-pulmonaire.,Augmente la r\u00e9ponse du syst\u00e8me immunitaire et donc diminue les infections. ,Les b\u00e9b\u00e9s pr\u00e9matur\u00e9s qui re\u00e7oivent du lait humain ont un taux r\u00e9duit d\u2019infections urinaires et du sang ce qui est expliqu\u00e9 par la pr\u00e9sence d\u2019anticorps dans ce lait.,Diminue le temps d\u2019hospitalisation et le taux de r\u00e9admissions \u00e0 l\u2019h\u00f4pital.,Am\u00e9liore le d\u00e9veloppement neurologique (du cerveau).,Diminue le risque de syndrome de mort subite du nourrisson.,Am\u00e9liore les fonctions gastro-intestinales (comme la digestion et l\u2019absorption de nutriments).,Diminue les probl\u00e8mes de sant\u00e9 \u00e0 long terme.,Aide \u00e0 cr\u00e9er le lien d\u2019attachement entre le parent et l\u2019enfant.,Diminue le risque de cancer du sein et des ovaires chez les m\u00e8res.&#8221; color=&#8221;#999999&#8243; icon=&#8221;entypo&#8221; entypo=&#8221;entypo-icon entypo-icon-heart-empty&#8221;][vc_row_inner equal_height=&#8221;&#8221; large_screens=&#8221;true&#8221; desktop=&#8221;true&#8221;][vc_column_inner][tw_text]<\/p>\n<p style=\"text-align: right;\">[tw_button link=&#8221;https:\/\/info-prema.uqo.ca\/?page_id=10075&#8243;\u00a0 size=&#8221;small&#8221; style=&#8221;border uk-button-radius&#8221; hover=&#8221;dark-hover&#8221; icon_class=&#8221;ion-ios-arrow-thin-right&#8221; margin=&#8221;0,0,0,0&#8243; animate_icon=&#8221;true&#8221;]Difficult\u00e9s et Complications[\/tw_button]<\/p>\n<p>[\/tw_text][\/vc_column_inner][\/vc_row_inner][\/vc_column][\/vc_row]<\/p>\n<\/div>","protected":false},"excerpt":{"rendered":"<p>[vc_row tw_dimension_type=&#8221;custom-min-height&#8221; tw_dimension_height=&#8221;300&#8243; size=&#8221;uk-section-normal&#8221; uk_light=&#8221;true&#8221; tablet=&#8221;true&#8221; mobile=&#8221;true&#8221; overlay=&#8221;0.3&#8243; css=&#8221;.vc_custom_1616798404796{margin-bottom: 55px !important;background: #0a0a0a url(https:\/\/info-prema.uqo.ca\/wp-content\/uploads\/2021\/03\/benefice_lait_maternel-e1616798394843.jpg?id=11111) !important;background-position: center !important;background-repeat: no-repeat !important;background-size: cover !important;}&#8221;][vc_column][tw_heading heading_tag=&#8221;h2&#8243; title_animate=&#8221;&#8221; title=&#8221;Allaitement&#8221; subtitle=&#8221;&#8221; css=&#8221;.vc_custom_1616798289194{padding-top: 30px !important;background-position: center !important;background-repeat: no-repeat !important;background-size: cover !important;}&#8221;][\/tw_heading][\/vc_column][\/vc_row][vc_row tw_dimension_type=&#8221;custom-min-height&#8221; tw_dimension_height=&#8221;200&#8243; size=&#8221;uk-section-normal&#8221; uk_light=&#8221;true&#8221; large_screens=&#8221;true&#8221; desktop=&#8221;true&#8221; overlay=&#8221;0.3&#8243; css=&#8221;.vc_custom_1616798470608{margin-bottom: 45px !important;background: #0a0a0a url(https:\/\/info-prema.uqo.ca\/wp-content\/uploads\/2021\/03\/benefice_lait_maternel-e1616798394843.jpg?id=11111) !important;background-position: center !important;background-repeat: no-repeat !important;background-size: cover !important;}&#8221;][vc_column][tw_heading heading_tag=&#8221;h2&#8243; title_animate=&#8221;&#8221; title=&#8221;B\u00e9n\u00e9fices [&hellip;]<\/p>\n","protected":false},"author":1,"featured_media":0,"parent":0,"menu_order":0,"comment_status":"closed","ping_status":"closed","template":"","meta":{"footnotes":""},"class_list":["post-10078","page","type-page","status-publish","hentry"],"_links":{"self":[{"href":"https:\/\/info-prema.uqo.ca\/index.php?rest_route=\/wp\/v2\/pages\/10078","targetHints":{"allow":["GET"]}}],"collection":[{"href":"https:\/\/info-prema.uqo.ca\/index.php?rest_route=\/wp\/v2\/pages"}],"about":[{"href":"https:\/\/info-prema.uqo.ca\/index.php?rest_route=\/wp\/v2\/types\/page"}],"author":[{"embeddable":true,"href":"https:\/\/info-prema.uqo.ca\/index.php?rest_route=\/wp\/v2\/users\/1"}],"replies":[{"embeddable":true,"href":"https:\/\/info-prema.uqo.ca\/index.php?rest_route=%2Fwp%2Fv2%2Fcomments&post=10078"}],"version-history":[{"count":37,"href":"https:\/\/info-prema.uqo.ca\/index.php?rest_route=\/wp\/v2\/pages\/10078\/revisions"}],"predecessor-version":[{"id":11710,"href":"https:\/\/info-prema.uqo.ca\/index.php?rest_route=\/wp\/v2\/pages\/10078\/revisions\/11710"}],"wp:attachment":[{"href":"https:\/\/info-prema.uqo.ca\/index.php?rest_route=%2Fwp%2Fv2%2Fmedia&parent=10078"}],"curies":[{"name":"wp","href":"https:\/\/api.w.org\/{rel}","templated":true}]}}