{"id":10192,"date":"2021-02-26T20:30:34","date_gmt":"2021-02-27T01:30:34","guid":{"rendered":"https:\/\/info-prema.uqo.ca\/?page_id=10192"},"modified":"2021-03-26T19:40:59","modified_gmt":"2021-03-27T00:40:59","slug":"lallaitement-2-4-2","status":"publish","type":"page","link":"https:\/\/info-prema.uqo.ca\/?page_id=10192","title":{"rendered":"\u00c9quipement m\u00e9dical"},"content":{"rendered":"<div class=\"wpb-content-wrapper\"><p>[vc_row tw_dimension_type=&#8221;custom-min-height&#8221; tw_dimension_height=&#8221;300&#8243; size=&#8221;uk-section-normal&#8221; uk_light=&#8221;true&#8221; tablet=&#8221;true&#8221; mobile=&#8221;true&#8221; overlay=&#8221;0.3&#8243; css=&#8221;.vc_custom_1616805278040{margin-bottom: 55px !important;background: #0a0a0a url(https:\/\/info-prema.uqo.ca\/wp-content\/uploads\/2021\/03\/equipement_medical.jpg?id=10923) !important;background-position: center !important;background-repeat: no-repeat !important;background-size: cover !important;}&#8221;][vc_column][tw_heading heading_tag=&#8221;h2&#8243; title_animate=&#8221;&#8221; title=&#8221;\u00c9quipement m\u00e9dical&#8221; subtitle=&#8221;&#8221; max_width=&#8221;title_large&#8221; css=&#8221;.vc_custom_1616805288233{padding-top: 30px !important;background-position: center !important;background-repeat: no-repeat !important;background-size: cover !important;}&#8221;][\/tw_heading][\/vc_column][\/vc_row][vc_row tw_dimension_type=&#8221;custom-min-height&#8221; tw_dimension_height=&#8221;200&#8243; size=&#8221;uk-section-normal&#8221; uk_light=&#8221;true&#8221; large_screens=&#8221;true&#8221; desktop=&#8221;true&#8221; overlay=&#8221;0.3&#8243; css=&#8221;.vc_custom_1616805432174{margin-bottom: 45px !important;background: #0a0a0a url(https:\/\/info-prema.uqo.ca\/wp-content\/uploads\/2021\/03\/equipement_medical.jpg?id=10923) !important;background-position: center !important;background-repeat: no-repeat !important;background-size: cover !important;}&#8221;][vc_column][tw_heading heading_tag=&#8221;h2&#8243; title_animate=&#8221;&#8221; title=&#8221;\u00c9quipement m\u00e9dical&#8221; subtitle=&#8221;&#8221; max_width=&#8221;title_large&#8221; css=&#8221;.vc_custom_1616805288233{padding-top: 30px !important;background-position: center !important;background-repeat: no-repeat !important;background-size: cover !important;}&#8221;][\/tw_heading][\/vc_column][\/vc_row][vc_row size=&#8221;uk-padding-remove-vertical&#8221;][vc_column][tw_heading title_animate=&#8221;true&#8221; title=&#8221;&#8221; subtitle=&#8221;\u00c9quipement m\u00e9dical&#8221; title_align=&#8221;uk-text-left&#8221; max_width=&#8221;title_full&#8221;][\/tw_heading][tw_heading title_animate=&#8221;&#8221; title=&#8221;Description sommaire des appareils&#8221; subtitle=&#8221;&#8221; title_align=&#8221;uk-text-left&#8221; max_width=&#8221;title_full&#8221;]L\u2019unit\u00e9 n\u00e9onatale contient beaucoup de mat\u00e9riel servant \u00e0 prendre soins de votre b\u00e9b\u00e9 pr\u00e9matur\u00e9. Dans la chambre de votre b\u00e9b\u00e9, vous allez voir un <a href=\"https:\/\/info-prema.uqo.ca\/?page_id=10620\"><strong>moniteur cardiorespiratoire<\/strong><\/a> (\u00e9cran qui affiche le pouls et la respiration de votre b\u00e9b\u00e9) \u00e0 lequel votre b\u00e9b\u00e9 est reli\u00e9 avec un petit fil et des <a href=\"https:\/\/info-prema.uqo.ca\/?page_id=10620\"><strong>\u00e9lectrodes<\/strong><\/a> (petite rondelles pos\u00e9es sur son thorax). Il est aussi possible qu\u2019un <a href=\"https:\/\/info-prema.uqo.ca\/?portfolio=10684\"><strong>respirateur<\/strong><\/a> ou un \u00e9quipement servant \u00e0 soutenir la respiration de votre b\u00e9b\u00e9 soit pr\u00e9sent dans la chambre et qu\u2019un dispositif soit plac\u00e9 dans le visage de votre b\u00e9b\u00e9 pour permettre \u00e0 cet \u00e9quipement de l\u2019aider \u00e0 respirer. Pour hydrater et nourrir votre b\u00e9b\u00e9, des <a href=\"https:\/\/info-prema.uqo.ca\/?page_id=10620\"><strong>pompes<\/strong><\/a> peuvent \u00eatre utilis\u00e9es pour administrer des liquides par les veines ou par un <a href=\"https:\/\/info-prema.uqo.ca\/?page_id=10620\"><strong>tube de gavage<\/strong><\/a> (tube mis dans sa bouche ou son nez).<\/p>\n<blockquote>\n<p>Il ne faut pas penser que quelque chose ne va pas \u00e0 toutes les fois que l\u2019un de ces appareils sonnent.<\/p>\n<\/blockquote>\n<p>Ces \u00e9quipements peuvent sonner r\u00e9guli\u00e8rement pour aviser le personnel soignant d\u2019observer votre b\u00e9b\u00e9. Ils sonnent souvent de fa\u00e7on pr\u00e9ventive, c\u2019est-\u00e0-dire avant qu\u2019un \u00e9v\u00e9nement important se produise. Le personnel soignant va r\u00e9pondre \u00e0 ces sons (alarmes) selon le type de bruit \u00e9mis. Il est important de ne pas toucher \u00e0 ces appareils, car une formation est requise pour bien conna\u00eetre leur fonctionnement. Si vous avez une inqui\u00e9tude en lien avec ces appareils, n\u2019h\u00e9sitez pas \u00e0 aviser l\u2019infirmi\u00e8re responsable de la surveillance de votre b\u00e9b\u00e9.[\/tw_heading][\/vc_column][\/vc_row][vc_row size=&#8221;uk-padding-remove-vertical&#8221; css=&#8221;.vc_custom_1615606107827{padding-top: 40px !important;}&#8221;][vc_column width=&#8221;2\/3&#8243;][tw_heading title_animate=&#8221;true&#8221; title=&#8221;&#8221; subtitle=&#8221;\u00c9quipement m\u00e9dical&#8221; title_align=&#8221;uk-text-left&#8221; max_width=&#8221;title_full&#8221;][\/tw_heading][tw_heading title_animate=&#8221;&#8221; title=&#8221;Incubateur&#8221; subtitle=&#8221;&#8221; title_align=&#8221;uk-text-left&#8221; max_width=&#8221;title_full&#8221;]Votre b\u00e9b\u00e9 sera plac\u00e9 dans un <strong><a href=\"https:\/\/info-prema.uqo.ca\/?page_id=10620\">incubateur<\/a><\/strong> pour lui permettre de maintenir la chaleur de son corps. Avant 32 semaines de grossesse, votre b\u00e9b\u00e9 n\u2019est pas capable de maintenir sa chaleur par lui-m\u00eame. L\u2019incubateur contient de l\u2019air r\u00e9chauff\u00e9 et s\u2019ajuste \u00e0 la temp\u00e9rature du corps de votre b\u00e9b\u00e9 gr\u00e2ce au petit capteur de temp\u00e9rature qui est plac\u00e9 sur son ventre.<\/p>\n<p>M\u00eame si votre b\u00e9b\u00e9 est dans un incubateur, il est possible pour vous de le toucher et d\u2019interagir avec lui. Lors de ses p\u00e9riodes d\u2019\u00e9veil vous pouvez ouvrir les portes de l\u2019incubateur (selon les directives de l\u2019infirmi\u00e8re) et mettre vos mains propres dans l\u2019incubateur et les d\u00e9poser sur votre b\u00e9b\u00e9. La couverture d\u00e9pos\u00e9e sur l\u2019incubateur permet de diminuer l\u2019\u00e9clairage et les bruits qui peuvent entrer dans l\u2019incubateur.[\/tw_heading][\/vc_column][vc_column width=&#8221;1\/3&#8243;][tw_gallery images=&#8221;10816&#8243; layout=&#8221;justified&#8221; row_height=&#8221;400&#8243; row_height_max=&#8221;true&#8221;][\/vc_column][\/vc_row][vc_row size=&#8221;uk-padding-remove-vertical&#8221; css=&#8221;.vc_custom_1615605895761{padding-top: 40px !important;}&#8221;][vc_column width=&#8221;1\/3&#8243;][tw_gallery images=&#8221;10812&#8243; layout=&#8221;justified&#8221; row_height=&#8221;400&#8243; row_height_max=&#8221;true&#8221;][\/vc_column][vc_column width=&#8221;2\/3&#8243;][tw_heading title_animate=&#8221;true&#8221; title=&#8221;&#8221; subtitle=&#8221;\u00c9quipement m\u00e9dical&#8221; title_align=&#8221;uk-text-left&#8221; max_width=&#8221;title_full&#8221;][\/tw_heading][tw_heading title_animate=&#8221;&#8221; title=&#8221;\u00c9quipements sur le b\u00e9b\u00e9&#8221; subtitle=&#8221;&#8221; title_align=&#8221;uk-text-left&#8221; max_width=&#8221;title_full&#8221;]Lorsqu\u2019il est dans l\u2019incubateur, plusieurs pi\u00e8ces d\u2019\u00e9quipement m\u00e9dical sont plac\u00e9s sur votre b\u00e9b\u00e9 afin de lui permettre de bien respirer, de rester au chaud et permettre aux membres du personnel soignant de surveiller son \u00e9tat clinique. Dans son nez ou sa bouche, un<strong><a href=\"https:\/\/info-prema.uqo.ca\/?page_id=10620\"> tube endotrach\u00e9al<\/a><\/strong> sera install\u00e9 pour l\u2019aider \u00e0 respirer ad\u00e9quatement. Ce tube est connect\u00e9 \u00e0 aux tuyaux du respirateur. Le ruban adh\u00e9sif sur son visage est requis pour bien tenir en place le tube. D\u2019autres dispositifs peuvent aussi \u00eatre utilis\u00e9s pour soutenir sa respiration comme une <strong>canule nasale<\/strong>, une <strong>lunette nasale <\/strong>ou autre.<\/p>\n<p>Les trois petites <strong>\u00e9lectrodes<\/strong> rondes sur son abdomen servent \u00e0 prendre son rythme cardiaque et respiratoire. Elles sont connect\u00e9es au <a href=\"https:\/\/info-prema.uqo.ca\/?page_id=10620\"><strong>respirateur <\/strong><\/a>cardio-respiratoire. Le petit fil blanc sou le c\u0153ur (ou demi-c\u0153ur) dor\u00e9 ou argent\u00e9 permet de prendre la temp\u00e9rature en continue de votre b\u00e9b\u00e9. Ce fil est connect\u00e9 \u00e0 l\u2019incubateur et ce qui permet d\u2019adapter la chaleur \u00e0 l\u2019int\u00e9rieur de l\u2019incubateur selon la temp\u00e9rature de votre b\u00e9b\u00e9.<\/p>\n<p>Le petit ruban qui entoure la main ou le pied de votre b\u00e9b\u00e9 sert \u00e0 maintenir le capteur de saturation en place. Ce capteur permet de mesurer le taux d\u2019oxyg\u00e8ne dans le sang de votre b\u00e9b\u00e9 et est reli\u00e9 au moniteur cardio-respiratoire. La quantit\u00e9 d\u2019oxyg\u00e8ne administr\u00e9e \u00e0 votre b\u00e9b\u00e9 est ajust\u00e9e selon cette valeur.[\/tw_heading][\/vc_column][\/vc_row][vc_row size=&#8221;uk-padding-remove-vertical&#8221; css=&#8221;.vc_custom_1615605911217{padding-bottom: 40px !important;}&#8221;][vc_column width=&#8221;1\/3&#8243;][tw_text font_size=&#8221;uk-text-small&#8221;]Tube endotrach\u00e9al, \u00e9lectrodes, capteur de saturation[\/tw_text][\/vc_column][vc_column width=&#8221;2\/3&#8243;][\/vc_column][\/vc_row][vc_row size=&#8221;uk-padding-remove-vertical&#8221; css=&#8221;.vc_custom_1615605513942{padding-top: 20px !important;background-position: center !important;background-repeat: no-repeat !important;background-size: cover !important;}&#8221;][vc_column width=&#8221;1\/4&#8243;][tw_gallery images=&#8221;10820&#8243; layout=&#8221;justified&#8221; row_height=&#8221;300&#8243; row_height_max=&#8221;true&#8221;][vc_row_inner][vc_column_inner][tw_text font_size=&#8221;uk-text-small&#8221;]Respirateur[\/tw_text][\/vc_column_inner][\/vc_row_inner][\/vc_column][vc_column width=&#8221;1\/2&#8243;][tw_gallery images=&#8221;10821&#8243; layout=&#8221;justified&#8221; row_height=&#8221;300&#8243; row_height_max=&#8221;true&#8221;][vc_row_inner][vc_column_inner][tw_text font_size=&#8221;uk-text-small&#8221;]Moniteur[\/tw_text][\/vc_column_inner][\/vc_row_inner][\/vc_column][vc_column width=&#8221;1\/4&#8243;][tw_gallery images=&#8221;10819&#8243; layout=&#8221;justified&#8221; row_height=&#8221;300&#8243; row_height_max=&#8221;true&#8221;][vc_row_inner][vc_column_inner][tw_text font_size=&#8221;uk-text-small&#8221;]Pompes[\/tw_text][\/vc_column_inner][\/vc_row_inner][\/vc_column][\/vc_row][vc_row size=&#8221;uk-section-normal&#8221;][vc_column][tw_heading title_animate=&#8221;&#8221; title=&#8221;&#8221; subtitle=&#8221;&#8221; title_align=&#8221;uk-text-left&#8221; max_width=&#8221;title_full&#8221;]Pour mieux conna\u00eetre les appareils pr\u00e9sents dans la chambre de votre b\u00e9b\u00e9, vous pouvez poser des questions \u00e0 l\u2019\u00e9quipe soignante. Ils peuvent vous expliquer sommairement \u00e0 quoi servent les appareils et pourquoi ils \u00e9mettent des alarmes. En connaissant mieux les alarmes pr\u00e9sentes dans la chambre de votre b\u00e9b\u00e9, ceci va vous aider \u00e0 r\u00e9duire votre stress et \u00e0 ne pas r\u00e9agir \u00e0 toutes les fois qu\u2019une alarme est d\u00e9clench\u00e9e.[\/tw_heading][\/vc_column][\/vc_row][vc_row size=&#8221;uk-padding-remove-vertical&#8221; css=&#8221;.vc_custom_1616805253279{padding-top: 30px !important;padding-bottom: 75px !important;}&#8221;][vc_column][tw_text]<\/p>\n<p style=\"text-align: right;\">[tw_button link=&#8221;https:\/\/info-prema.uqo.ca\/?page_id=10620&#8243;\u00a0 size=&#8221;small&#8221; style=&#8221;border uk-button-radius&#8221; hover=&#8221;dark-hover&#8221; icon_class=&#8221;ion-ios-arrow-thin-right&#8221; margin=&#8221;0,0,0,0&#8243; animate_icon=&#8221;true&#8221;]Lexique[\/tw_button]<\/p>\n<p>[\/tw_text][\/vc_column][\/vc_row]<\/p>\n<\/div>","protected":false},"excerpt":{"rendered":"<p>[vc_row tw_dimension_type=&#8221;custom-min-height&#8221; tw_dimension_height=&#8221;300&#8243; size=&#8221;uk-section-normal&#8221; uk_light=&#8221;true&#8221; tablet=&#8221;true&#8221; mobile=&#8221;true&#8221; overlay=&#8221;0.3&#8243; css=&#8221;.vc_custom_1616805278040{margin-bottom: 55px !important;background: #0a0a0a url(https:\/\/info-prema.uqo.ca\/wp-content\/uploads\/2021\/03\/equipement_medical.jpg?id=10923) !important;background-position: center !important;background-repeat: no-repeat !important;background-size: cover !important;}&#8221;][vc_column][tw_heading heading_tag=&#8221;h2&#8243; title_animate=&#8221;&#8221; title=&#8221;\u00c9quipement m\u00e9dical&#8221; subtitle=&#8221;&#8221; max_width=&#8221;title_large&#8221; css=&#8221;.vc_custom_1616805288233{padding-top: 30px !important;background-position: center !important;background-repeat: no-repeat !important;background-size: cover !important;}&#8221;][\/tw_heading][\/vc_column][\/vc_row][vc_row tw_dimension_type=&#8221;custom-min-height&#8221; tw_dimension_height=&#8221;200&#8243; size=&#8221;uk-section-normal&#8221; uk_light=&#8221;true&#8221; large_screens=&#8221;true&#8221; desktop=&#8221;true&#8221; overlay=&#8221;0.3&#8243; css=&#8221;.vc_custom_1616805432174{margin-bottom: 45px !important;background: #0a0a0a url(https:\/\/info-prema.uqo.ca\/wp-content\/uploads\/2021\/03\/equipement_medical.jpg?id=10923) !important;background-position: center !important;background-repeat: no-repeat !important;background-size: cover !important;}&#8221;][vc_column][tw_heading heading_tag=&#8221;h2&#8243; [&hellip;]<\/p>\n","protected":false},"author":1,"featured_media":0,"parent":0,"menu_order":0,"comment_status":"closed","ping_status":"closed","template":"","meta":{"footnotes":""},"class_list":["post-10192","page","type-page","status-publish","hentry"],"_links":{"self":[{"href":"https:\/\/info-prema.uqo.ca\/index.php?rest_route=\/wp\/v2\/pages\/10192","targetHints":{"allow":["GET"]}}],"collection":[{"href":"https:\/\/info-prema.uqo.ca\/index.php?rest_route=\/wp\/v2\/pages"}],"about":[{"href":"https:\/\/info-prema.uqo.ca\/index.php?rest_route=\/wp\/v2\/types\/page"}],"author":[{"embeddable":true,"href":"https:\/\/info-prema.uqo.ca\/index.php?rest_route=\/wp\/v2\/users\/1"}],"replies":[{"embeddable":true,"href":"https:\/\/info-prema.uqo.ca\/index.php?rest_route=%2Fwp%2Fv2%2Fcomments&post=10192"}],"version-history":[{"count":92,"href":"https:\/\/info-prema.uqo.ca\/index.php?rest_route=\/wp\/v2\/pages\/10192\/revisions"}],"predecessor-version":[{"id":11482,"href":"https:\/\/info-prema.uqo.ca\/index.php?rest_route=\/wp\/v2\/pages\/10192\/revisions\/11482"}],"wp:attachment":[{"href":"https:\/\/info-prema.uqo.ca\/index.php?rest_route=%2Fwp%2Fv2%2Fmedia&parent=10192"}],"curies":[{"name":"wp","href":"https:\/\/api.w.org\/{rel}","templated":true}]}}