{"id":10274,"date":"2021-02-26T23:05:23","date_gmt":"2021-02-27T04:05:23","guid":{"rendered":"https:\/\/info-prema.uqo.ca\/?page_id=10274"},"modified":"2021-03-26T21:08:35","modified_gmt":"2021-03-27T02:08:35","slug":"actions-a-faire-3-7","status":"publish","type":"page","link":"https:\/\/info-prema.uqo.ca\/?page_id=10274","title":{"rendered":"Communication avec l\u2019\u00e9quipe soignante"},"content":{"rendered":"<div class=\"wpb-content-wrapper\"><p>[vc_row tw_dimension_type=&#8221;custom-min-height&#8221; tw_dimension_height=&#8221;300&#8243; size=&#8221;uk-section-normal&#8221; uk_light=&#8221;true&#8221; tablet=&#8221;true&#8221; mobile=&#8221;true&#8221; overlay=&#8221;0.3&#8243; css=&#8221;.vc_custom_1616799774236{margin-bottom: 55px !important;background: rgba(10,10,10,0.91) url(https:\/\/info-prema.uqo.ca\/wp-content\/uploads\/2021\/03\/planification_conge.jpg?id=11159) !important;background-position: center !important;background-repeat: no-repeat !important;background-size: cover !important;*background-color: rgb(10,10,10) !important;}&#8221;][vc_column css=&#8221;.vc_custom_1615681801518{background-position: center !important;background-repeat: no-repeat !important;background-size: cover !important;}&#8221;][tw_heading heading_tag=&#8221;h2&#8243; title_animate=&#8221;&#8221; title=&#8221;Planification du cong\u00e9&#8221; subtitle=&#8221;&#8221; max_width=&#8221;title_full&#8221;][\/tw_heading][\/vc_column][\/vc_row][vc_row tw_dimension_type=&#8221;custom-min-height&#8221; tw_dimension_height=&#8221;200&#8243; size=&#8221;uk-section-normal&#8221; uk_light=&#8221;true&#8221; large_screens=&#8221;true&#8221; desktop=&#8221;true&#8221; overlay=&#8221;0.3&#8243; css=&#8221;.vc_custom_1616800106420{margin-bottom: -75px !important;background: rgba(10,10,10,0.91) url(https:\/\/info-prema.uqo.ca\/wp-content\/uploads\/2021\/03\/planification_conge.jpg?id=11159) !important;background-position: center !important;background-repeat: no-repeat !important;background-size: cover !important;*background-color: rgb(10,10,10) !important;}&#8221;][vc_column css=&#8221;.vc_custom_1615681801518{background-position: center !important;background-repeat: no-repeat !important;background-size: cover !important;}&#8221;][tw_heading heading_tag=&#8221;h2&#8243; title_animate=&#8221;&#8221; title=&#8221;Communication avec l\u2019\u00e9quipe soignante&#8221; subtitle=&#8221;Planification du cong\u00e9&#8221; max_width=&#8221;title_full&#8221;][\/tw_heading][\/vc_column][\/vc_row][vc_row size=&#8221;uk-section-small&#8221; large_screens=&#8221;true&#8221; desktop=&#8221;true&#8221; css=&#8221;.vc_custom_1613862551229{padding-bottom: -50px !important;}&#8221;][vc_column][vc_wp_custommenu nav_menu=&#8221;115&#8243; title=&#8221;Sections&#8221;][\/vc_column][\/vc_row][vc_row size=&#8221;uk-section-xsmall&#8221; gutter=&#8221;uk-grid-collapse&#8221; large_screens=&#8221;true&#8221; desktop=&#8221;true&#8221; css=&#8221;.vc_custom_1613863042638{padding-bottom: 75px !important;}&#8221;][vc_column width=&#8221;1\/4&#8243; tablet=&#8221;true&#8221; mobile=&#8221;true&#8221;][vc_widget_sidebar sidebar_id=&#8221;default-sidebar&#8221;][\/vc_column][\/vc_row][vc_row size=&#8221;uk-padding-remove-vertical&#8221; gutter=&#8221;uk-grid-collapse&#8221; css=&#8221;.vc_custom_1616799790705{padding-bottom: 75px !important;}&#8221;][vc_column width=&#8221;1\/4&#8243;][vc_wp_custommenu title=&#8221;Sections&#8221; nav_menu=&#8221;118&#8243;][vc_row_inner size=&#8221;uk-section-xsmall&#8221; equal_height=&#8221;&#8221;][vc_column_inner][\/vc_column_inner][\/vc_row_inner][\/vc_column][vc_column width=&#8221;3\/4&#8243;][tw_heading title_animate=&#8221;true&#8221; title=&#8221;&#8221; subtitle=&#8221;Planification du cong\u00e9&#8221; title_align=&#8221;uk-text-left&#8221; max_width=&#8221;title_700&#8243;][\/tw_heading][tw_heading title_animate=&#8221;&#8221; title=&#8221;Communication avec l\u2019\u00e9quipe soignante&#8221; subtitle=&#8221;&#8221; title_align=&#8221;uk-text-left&#8221; max_width=&#8221;title_700&#8243;]Il est important d\u2019aborder le sujet du d\u00e9part de l\u2019unit\u00e9 n\u00e9onatale avec l\u2019\u00e9quipe soignante tr\u00e8s t\u00f4t dans le s\u00e9jour hospitalier. Ceci permet d\u2019avoir <strong>des attentes r\u00e9alistes<\/strong> et de pouvoir bien se pr\u00e9parer \u00e0 l\u2019arriv\u00e9e du b\u00e9b\u00e9 \u00e0 la maison.<\/p>\n<blockquote>\n<p>L&#8217;arriv\u00e9e \u00e0 la maison de votre b\u00e9b\u00e9 pr\u00e9matur\u00e9 est une grande \u00e9tape qu&#8217;il faut bien pr\u00e9parer.<\/p>\n<\/blockquote>\n<p>Mentionnez \u00e0 l\u2019\u00e9quipe la fa\u00e7on dont vous apprenez le mieux (ex: en le voyant, en le faisant, l\u2019encadrement qu\u2019il vous faut). N\u2019h\u00e9sitez pas \u00e0 leur demander de r\u00e9p\u00e9ter plusieurs fois et m\u00eame de reposer les m\u00eames questions \u00e0 d\u2019autres membres de l\u2019\u00e9quipe. Dans les h\u00f4pitaux, il y a plusieurs professionnels qui peuvent \u00eatre impliqu\u00e9s dans les soins de votre b\u00e9b\u00e9 et vous accompagner \u00e0 devenir parent. Demandez \u00e0 l\u2019\u00e9quipe les diff\u00e9rents professionnels qui sont impliqu\u00e9s dans les soins de votre enfant et comment et quand vous pouvez les rencontrer (ex: nutritionniste, physioth\u00e9rapeute, psychologue, consultante en lactation, etc.).<\/p>\n<p><strong>Surtout, partagez vos \u00e9motions avec l\u2019\u00e9quipe.<\/strong> Lorsque vous vivez de la d\u00e9tresse, ils peuvent vous accompagner et vous soutenir. Prenez le temps d\u2019\u00e9tablir une communication ouverte et honn\u00eate avec votre \u00e9quipe soignante.[\/tw_heading][vc_row_inner equal_height=&#8221;&#8221; large_screens=&#8221;true&#8221; desktop=&#8221;true&#8221;][vc_column_inner][tw_text]<\/p>\n<p style=\"text-align: right;\">[tw_button link=&#8221;https:\/\/info-prema.uqo.ca\/?page_id=10281&#8243;\u00a0 size=&#8221;small&#8221; style=&#8221;border uk-button-radius&#8221; hover=&#8221;dark-hover&#8221; icon_class=&#8221;ion-ios-arrow-thin-right&#8221; margin=&#8221;0,0,0,0&#8243; animate_icon=&#8221;true&#8221;]Approche du cong\u00e9[\/tw_button]<\/p>\n<p>[\/tw_text][\/vc_column_inner][\/vc_row_inner][\/vc_column][\/vc_row]<\/p>\n<\/div>","protected":false},"excerpt":{"rendered":"<p>[vc_row tw_dimension_type=&#8221;custom-min-height&#8221; tw_dimension_height=&#8221;300&#8243; size=&#8221;uk-section-normal&#8221; uk_light=&#8221;true&#8221; tablet=&#8221;true&#8221; mobile=&#8221;true&#8221; overlay=&#8221;0.3&#8243; css=&#8221;.vc_custom_1616799774236{margin-bottom: 55px !important;background: rgba(10,10,10,0.91) url(https:\/\/info-prema.uqo.ca\/wp-content\/uploads\/2021\/03\/planification_conge.jpg?id=11159) !important;background-position: center !important;background-repeat: no-repeat !important;background-size: cover !important;*background-color: rgb(10,10,10) !important;}&#8221;][vc_column css=&#8221;.vc_custom_1615681801518{background-position: center !important;background-repeat: no-repeat !important;background-size: cover !important;}&#8221;][tw_heading heading_tag=&#8221;h2&#8243; title_animate=&#8221;&#8221; title=&#8221;Planification du cong\u00e9&#8221; subtitle=&#8221;&#8221; max_width=&#8221;title_full&#8221;][\/tw_heading][\/vc_column][\/vc_row][vc_row tw_dimension_type=&#8221;custom-min-height&#8221; tw_dimension_height=&#8221;200&#8243; size=&#8221;uk-section-normal&#8221; uk_light=&#8221;true&#8221; large_screens=&#8221;true&#8221; desktop=&#8221;true&#8221; overlay=&#8221;0.3&#8243; css=&#8221;.vc_custom_1616800106420{margin-bottom: -75px !important;background: rgba(10,10,10,0.91) url(https:\/\/info-prema.uqo.ca\/wp-content\/uploads\/2021\/03\/planification_conge.jpg?id=11159) !important;background-position: center !important;background-repeat: no-repeat !important;background-size: cover !important;*background-color: [&hellip;]<\/p>\n","protected":false},"author":1,"featured_media":0,"parent":0,"menu_order":0,"comment_status":"closed","ping_status":"closed","template":"","meta":{"footnotes":""},"class_list":["post-10274","page","type-page","status-publish","hentry"],"_links":{"self":[{"href":"https:\/\/info-prema.uqo.ca\/index.php?rest_route=\/wp\/v2\/pages\/10274","targetHints":{"allow":["GET"]}}],"collection":[{"href":"https:\/\/info-prema.uqo.ca\/index.php?rest_route=\/wp\/v2\/pages"}],"about":[{"href":"https:\/\/info-prema.uqo.ca\/index.php?rest_route=\/wp\/v2\/types\/page"}],"author":[{"embeddable":true,"href":"https:\/\/info-prema.uqo.ca\/index.php?rest_route=\/wp\/v2\/users\/1"}],"replies":[{"embeddable":true,"href":"https:\/\/info-prema.uqo.ca\/index.php?rest_route=%2Fwp%2Fv2%2Fcomments&post=10274"}],"version-history":[{"count":22,"href":"https:\/\/info-prema.uqo.ca\/index.php?rest_route=\/wp\/v2\/pages\/10274\/revisions"}],"predecessor-version":[{"id":11544,"href":"https:\/\/info-prema.uqo.ca\/index.php?rest_route=\/wp\/v2\/pages\/10274\/revisions\/11544"}],"wp:attachment":[{"href":"https:\/\/info-prema.uqo.ca\/index.php?rest_route=%2Fwp%2Fv2%2Fmedia&parent=10274"}],"curies":[{"name":"wp","href":"https:\/\/api.w.org\/{rel}","templated":true}]}}