{"id":10280,"date":"2021-02-26T23:14:44","date_gmt":"2021-02-27T04:14:44","guid":{"rendered":"https:\/\/info-prema.uqo.ca\/?page_id=10280"},"modified":"2022-10-07T13:28:28","modified_gmt":"2022-10-07T18:28:28","slug":"actions-a-faire-3-7-2","status":"publish","type":"page","link":"https:\/\/info-prema.uqo.ca\/?page_id=10280","title":{"rendered":"R\u00f4le parental"},"content":{"rendered":"<div class=\"wpb-content-wrapper\"><p>[vc_row tw_dimension_type=&#8221;custom-min-height&#8221; tw_dimension_height=&#8221;300&#8243; size=&#8221;uk-section-normal&#8221; uk_light=&#8221;true&#8221; tablet=&#8221;true&#8221; mobile=&#8221;true&#8221; overlay=&#8221;0.3&#8243; css=&#8221;.vc_custom_1616800512409{margin-bottom: 55px !important;background: #0a0a0a url(https:\/\/info-prema.uqo.ca\/wp-content\/uploads\/2021\/03\/planification_conge.jpg?id=11159) !important;background-position: center !important;background-repeat: no-repeat !important;background-size: cover !important;}&#8221;][vc_column][tw_heading heading_tag=&#8221;h2&#8243; title_animate=&#8221;&#8221; title=&#8221;Planification du cong\u00e9&#8221; subtitle=&#8221;&#8221; max_width=&#8221;title_full&#8221; css=&#8221;.vc_custom_1616800565443{padding-top: 30px !important;}&#8221;][\/tw_heading][\/vc_column][\/vc_row][vc_row tw_dimension_type=&#8221;custom-min-height&#8221; tw_dimension_height=&#8221;199&#8243; size=&#8221;uk-section-normal&#8221; uk_light=&#8221;true&#8221; large_screens=&#8221;true&#8221; desktop=&#8221;true&#8221; overlay=&#8221;0.3&#8243; css=&#8221;.vc_custom_1616800701138{margin-bottom: 25px !important;background: #0a0a0a url(https:\/\/info-prema.uqo.ca\/wp-content\/uploads\/2021\/03\/planification_conge.jpg?id=11159) !important;background-position: center !important;background-repeat: no-repeat !important;background-size: cover !important;}&#8221;][vc_column][tw_heading heading_tag=&#8221;h2&#8243; title_animate=&#8221;&#8221; title=&#8221;R\u00f4le parental&#8221; subtitle=&#8221;Planification du cong\u00e9&#8221; max_width=&#8221;title_full&#8221; css=&#8221;.vc_custom_1616800675322{padding-top: 15px !important;}&#8221;][\/tw_heading][\/vc_column][\/vc_row][vc_row size=&#8221;uk-section-small&#8221; large_screens=&#8221;true&#8221; desktop=&#8221;true&#8221; css=&#8221;.vc_custom_1613862551229{padding-bottom: -50px !important;}&#8221;][vc_column][vc_wp_custommenu nav_menu=&#8221;115&#8243; title=&#8221;Sections&#8221;][\/vc_column][\/vc_row][vc_row size=&#8221;uk-padding-remove-vertical&#8221; gutter=&#8221;uk-grid-collapse&#8221; css=&#8221;.vc_custom_1616800529508{padding-bottom: 75px !important;}&#8221;][vc_column width=&#8221;1\/4&#8243;][vc_wp_custommenu title=&#8221;Sections&#8221; nav_menu=&#8221;118&#8243;][vc_row_inner size=&#8221;uk-section-xsmall&#8221; equal_height=&#8221;&#8221;][vc_column_inner][\/vc_column_inner][\/vc_row_inner][\/vc_column][vc_column width=&#8221;3\/4&#8243;][tw_heading title_animate=&#8221;true&#8221; title=&#8221;&#8221; subtitle=&#8221;Planification du cong\u00e9&#8221; title_align=&#8221;uk-text-left&#8221; max_width=&#8221;title_700&#8243;][\/tw_heading][tw_heading title_animate=&#8221;&#8221; title=&#8221;R\u00f4le parental&#8221; subtitle=&#8221;&#8221; title_align=&#8221;uk-text-left&#8221; max_width=&#8221;title_700&#8243;]Afin d\u2019assurer un d\u00e9part ad\u00e9quat \u00e0 la maison, il est important de vous impliquer dans les soins de votre b\u00e9b\u00e9 d\u00e8s le d\u00e9but et aussi souvent que possible. Certaines t\u00e2ches seront r\u00e9serv\u00e9es \u00e0 l\u2019\u00e9quipe soignante, par contre vous pouvez vous impliquer dans les t\u00e2ches li\u00e9es \u00e0 l\u2019alimentation, au bain et au r\u00e9confort. Voici quelques exemples:[\/tw_heading][tw_list list_style=&#8221;uk-list-icon&#8221; items=&#8221;Exprimer votre lait avec un tire-lait,Pr\u00e9parer le lait,Donner le biberon faire faire le rot ,Pr\u00e9parer le mat\u00e9riel n\u00e9cessaire au bain (serviette d\u00e9barbouillettes savon couche et autres),Pr\u00e9parer l\u2019eau du bain,Changer la couche,R\u00e9conforter b\u00e9b\u00e9 en faisant du peau \u00e0 peau (m\u00e9thode kangourou),Lire une histoire ou chanter \u00e0 son b\u00e9b\u00e9,Autres&#8221; color=&#8221;#999999&#8243; icon=&#8221;ionicons&#8221; ionicons=&#8221;ion-android-favorite-outline&#8221;][tw_text]Avant le cong\u00e9, il est important de savoir comment contacter les divers professionnels qui vous aideront. Par exemple, la clinique de suivi n\u00e9onatal, p\u00e9diatre, pharmacien, ophtalmologue, nutritionniste, infirmi\u00e8re du CLSC, gyn\u00e9cologue, m\u00e9decin de famille, etc. Il sera essentiel que vous preniez les rendez-vous n\u00e9cessaires au suivi de votre b\u00e9b\u00e9 rapidement suite au cong\u00e9 ou m\u00eame avant de quitter la n\u00e9onatalogie.<\/p>\n<p>Assurez-vous de vous cr\u00e9er une \u00e9quipe de soutien \u00e0 l\u2019ext\u00e9rieur de l\u2019h\u00f4pital. Celle-ci peut \u00eatre constitu\u00e9e de votre famille, vos amis, des groupes de parents en ligne, etc.<\/p>\n<p>Finalement, ayez un plan financier pour quitter la n\u00e9onatalogie sans tracas additionnel. Consid\u00e9rer de prendre un cong\u00e9 du travail pour les premi\u00e8res semaines \u00e0 la maison afin de faciliter la transition. Au besoin, faites les d\u00e9marches avec le R\u00e9gime Qu\u00e9b\u00e9cois d\u2019Assurance Parentale. Consultez ces ressources pour conna\u00eetre ce qui est disponible pour vous:<\/p>\n<ul>\n<li>Pr\u00e9ma-Qu\u00e9bec <a href=\"http:\/\/www.premaquebec.ca\/fr\/services\/soutien-financier\/\" target=\"_blank\" rel=\"noopener\">www.premaquebec.ca<\/a><\/li>\n<li>Site officiel du gouvernement du Qu\u00e9bec <a href=\"https:\/\/www.quebec.ca\/famille-et-soutien-aux-personnes\/grossesse-et-parentalite\/parent\/\" target=\"_blank\" rel=\"noopener\">www.quebec.ca<\/a><\/li>\n<li>R\u00e9gime qu\u00e9b\u00e9cois d&#8217;assurance parentale <a href=\"https:\/\/www.rqap.gouv.qc.ca\/fr\/accueil\" target=\"_blank\" rel=\"noopener\">www.rqap.gouv.qc.ca<\/a><\/li>\n<\/ul>\n<p>[\/tw_text][vc_row_inner equal_height=&#8221;&#8221; large_screens=&#8221;true&#8221; desktop=&#8221;true&#8221;][vc_column_inner][tw_text]<\/p>\n<p style=\"text-align: right;\">[tw_button link=&#8221;https:\/\/info-prema.uqo.ca\/?page_id=10291&#8243;\u00a0 size=&#8221;small&#8221; style=&#8221;border uk-button-radius&#8221; hover=&#8221;dark-hover&#8221; icon_class=&#8221;ion-ios-arrow-thin-right&#8221; margin=&#8221;0,0,0,0&#8243; animate_icon=&#8221;true&#8221;]Pr\u00e9parer le cong\u00e9[\/tw_button]<\/p>\n<p>[\/tw_text][\/vc_column_inner][\/vc_row_inner][\/vc_column][\/vc_row]<\/p>\n<\/div>","protected":false},"excerpt":{"rendered":"<p>[vc_row tw_dimension_type=&#8221;custom-min-height&#8221; tw_dimension_height=&#8221;300&#8243; size=&#8221;uk-section-normal&#8221; uk_light=&#8221;true&#8221; tablet=&#8221;true&#8221; mobile=&#8221;true&#8221; overlay=&#8221;0.3&#8243; css=&#8221;.vc_custom_1616800512409{margin-bottom: 55px !important;background: #0a0a0a url(https:\/\/info-prema.uqo.ca\/wp-content\/uploads\/2021\/03\/planification_conge.jpg?id=11159) !important;background-position: center !important;background-repeat: no-repeat !important;background-size: cover !important;}&#8221;][vc_column][tw_heading heading_tag=&#8221;h2&#8243; title_animate=&#8221;&#8221; title=&#8221;Planification du cong\u00e9&#8221; subtitle=&#8221;&#8221; max_width=&#8221;title_full&#8221; css=&#8221;.vc_custom_1616800565443{padding-top: 30px !important;}&#8221;][\/tw_heading][\/vc_column][\/vc_row][vc_row tw_dimension_type=&#8221;custom-min-height&#8221; tw_dimension_height=&#8221;199&#8243; size=&#8221;uk-section-normal&#8221; uk_light=&#8221;true&#8221; large_screens=&#8221;true&#8221; desktop=&#8221;true&#8221; overlay=&#8221;0.3&#8243; css=&#8221;.vc_custom_1616800701138{margin-bottom: 25px !important;background: #0a0a0a url(https:\/\/info-prema.uqo.ca\/wp-content\/uploads\/2021\/03\/planification_conge.jpg?id=11159) !important;background-position: center !important;background-repeat: no-repeat !important;background-size: cover !important;}&#8221;][vc_column][tw_heading heading_tag=&#8221;h2&#8243; title_animate=&#8221;&#8221; title=&#8221;R\u00f4le parental&#8221; subtitle=&#8221;Planification du [&hellip;]<\/p>\n","protected":false},"author":1,"featured_media":0,"parent":0,"menu_order":0,"comment_status":"closed","ping_status":"closed","template":"","meta":{"footnotes":""},"class_list":["post-10280","page","type-page","status-publish","hentry"],"_links":{"self":[{"href":"https:\/\/info-prema.uqo.ca\/index.php?rest_route=\/wp\/v2\/pages\/10280","targetHints":{"allow":["GET"]}}],"collection":[{"href":"https:\/\/info-prema.uqo.ca\/index.php?rest_route=\/wp\/v2\/pages"}],"about":[{"href":"https:\/\/info-prema.uqo.ca\/index.php?rest_route=\/wp\/v2\/types\/page"}],"author":[{"embeddable":true,"href":"https:\/\/info-prema.uqo.ca\/index.php?rest_route=\/wp\/v2\/users\/1"}],"replies":[{"embeddable":true,"href":"https:\/\/info-prema.uqo.ca\/index.php?rest_route=%2Fwp%2Fv2%2Fcomments&post=10280"}],"version-history":[{"count":17,"href":"https:\/\/info-prema.uqo.ca\/index.php?rest_route=\/wp\/v2\/pages\/10280\/revisions"}],"predecessor-version":[{"id":11722,"href":"https:\/\/info-prema.uqo.ca\/index.php?rest_route=\/wp\/v2\/pages\/10280\/revisions\/11722"}],"wp:attachment":[{"href":"https:\/\/info-prema.uqo.ca\/index.php?rest_route=%2Fwp%2Fv2%2Fmedia&parent=10280"}],"curies":[{"name":"wp","href":"https:\/\/api.w.org\/{rel}","templated":true}]}}