{"id":10281,"date":"2021-02-26T23:25:58","date_gmt":"2021-02-27T04:25:58","guid":{"rendered":"https:\/\/info-prema.uqo.ca\/?page_id=10281"},"modified":"2021-03-26T21:04:12","modified_gmt":"2021-03-27T02:04:12","slug":"actions-a-faire-3-7-3","status":"publish","type":"page","link":"https:\/\/info-prema.uqo.ca\/?page_id=10281","title":{"rendered":"Indicateurs de l\u2019approche du cong\u00e9"},"content":{"rendered":"<div class=\"wpb-content-wrapper\"><p>[vc_row tw_dimension_type=&#8221;custom-min-height&#8221; tw_dimension_height=&#8221;300&#8243; size=&#8221;uk-section-normal&#8221; uk_light=&#8221;true&#8221; tablet=&#8221;true&#8221; mobile=&#8221;true&#8221; overlay=&#8221;0.3&#8243; css=&#8221;.vc_custom_1616800154929{margin-bottom: 55px !important;background: #0a0a0a url(https:\/\/info-prema.uqo.ca\/wp-content\/uploads\/2021\/03\/planification_conge.jpg?id=11159) !important;background-position: center !important;background-repeat: no-repeat !important;background-size: cover !important;}&#8221;][vc_column][tw_heading heading_tag=&#8221;h2&#8243; title_animate=&#8221;&#8221; title=&#8221;Planification du cong\u00e9&#8221; subtitle=&#8221;&#8221; max_width=&#8221;title_full&#8221; css=&#8221;.vc_custom_1616800446552{padding-top: 30px !important;}&#8221;][\/tw_heading][\/vc_column][\/vc_row][vc_row tw_dimension_type=&#8221;custom-min-height&#8221; tw_dimension_height=&#8221;200&#8243; size=&#8221;uk-section-normal&#8221; uk_light=&#8221;true&#8221; large_screens=&#8221;true&#8221; desktop=&#8221;true&#8221; overlay=&#8221;0.3&#8243; css=&#8221;.vc_custom_1616800246256{margin-bottom: 45px !important;background: #0a0a0a url(https:\/\/info-prema.uqo.ca\/wp-content\/uploads\/2021\/03\/planification_conge.jpg?id=11159) !important;background-position: center !important;background-repeat: no-repeat !important;background-size: cover !important;}&#8221;][vc_column][tw_heading heading_tag=&#8221;h2&#8243; title_animate=&#8221;&#8221; title=&#8221;Indicateurs de l\u2019approche du cong\u00e9&#8221; subtitle=&#8221;Planification du cong\u00e9&#8221; max_width=&#8221;title_full&#8221; css=&#8221;.vc_custom_1616800351997{padding-top: 15px !important;}&#8221;][\/tw_heading][\/vc_column][\/vc_row][vc_row size=&#8221;uk-padding-remove-vertical&#8221; gutter=&#8221;uk-grid-collapse&#8221; css=&#8221;.vc_custom_1616800184156{padding-bottom: 75px !important;}&#8221;][vc_column width=&#8221;1\/4&#8243;][vc_wp_custommenu title=&#8221;Sections&#8221; nav_menu=&#8221;118&#8243;][vc_row_inner size=&#8221;uk-section-xsmall&#8221; equal_height=&#8221;&#8221;][vc_column_inner][\/vc_column_inner][\/vc_row_inner][\/vc_column][vc_column width=&#8221;3\/4&#8243;][tw_heading title_animate=&#8221;true&#8221; title=&#8221;&#8221; subtitle=&#8221;Planification du cong\u00e9&#8221; title_align=&#8221;uk-text-left&#8221; max_width=&#8221;title_700&#8243;][\/tw_heading][tw_heading title_animate=&#8221;&#8221; title=&#8221;Indicateurs de l\u2019approche du cong\u00e9&#8221; subtitle=&#8221;&#8221; title_align=&#8221;uk-text-left&#8221; max_width=&#8221;title_700&#8243;]\u00c9l\u00e9ments qui peuvent \u00eatre requis pour obtenir le cong\u00e9\u00a0:[\/tw_heading][tw_list list_style=&#8221;uk-list-icon&#8221; items=&#8221;L\u2019approche de la date pr\u00e9vue d\u2019accouchement,L\u2019arr\u00eat des \u00e9pisodes de bradycardie et apn\u00e9e,Le retrait du moniteur cardiorespiratoire,Le maintien de la temp\u00e9rature corporelle ad\u00e9quate sans l\u2019incubateur,Une prise de poids constante et l\u2019atteinte de 2.5kg,L\u2019alimentation autonome,Autres&#8221; color=&#8221;#999999&#8243; icon=&#8221;ionicons&#8221; ionicons=&#8221;ion-android-favorite-outline&#8221;][tw_text]Selon l\u2019\u00e9tat de sant\u00e9 de votre b\u00e9b\u00e9, le cong\u00e9 se fera plus ou moins pr\u00e8s de la date pr\u00e9vue d\u2019accouchement. Dans certains cas, il est aussi possible que votre b\u00e9b\u00e9 soit transf\u00e9r\u00e9 dans un centre hospitalier plus pr\u00e8s de votre domicile lorsque votre b\u00e9b\u00e9 aura atteint l\u2019\u00e2ge gestationnel requis par ce centre. La liste suivante vous donnera certains indicateurs de l\u2019approche du cong\u00e9, toutefois le cong\u00e9 est attribu\u00e9 de mani\u00e8re unique pour chaque b\u00e9b\u00e9. Parlez \u00e0 votre \u00e9quipe soignante des cibles pr\u00e9cises que votre b\u00e9b\u00e9 devra atteindre pour obtenir son cong\u00e9.<\/p>\n<p>Lorsque vous \u00eates pr\u00e8s du cong\u00e9 et que vous attendez que votre b\u00e9b\u00e9 atteigne les cibles d\u00e9termin\u00e9es par l\u2019\u00e9quipe m\u00e9dicale avant de quitter l\u2019h\u00f4pital avec votre b\u00e9b\u00e9 pour aller \u00e0 la maison, il est normal de vivre des \u00e9motions diversifi\u00e9es. La joie peut accompagner l\u2019atteinte d\u2019une des cibles, tandis que la tristesse et le d\u00e9couragement peut accompagner la non-atteinte d\u2019une autre cible. Il est normal que votre b\u00e9b\u00e9 ne progresse pas toujours de la m\u00eame fa\u00e7on de jour en jour. Il peut m\u00eame pr\u00e9senter des p\u00e9riodes o\u00f9 il semble r\u00e9gresser. Par exemple, lorsqu\u2019il fait une apn\u00e9e apr\u00e8s 6 jours sans en avoir fait. Ceci peut vous faire vivre plusieurs \u00e9motions et c\u2019est normal. Il est aussi normal que votre b\u00e9b\u00e9 pr\u00e9matur\u00e9 progresse de cette fa\u00e7on vers les cibles \u00e0 atteindre.<\/p>\n<p>Il est important de se rappeler que certains b\u00e9b\u00e9s quittent l\u2019h\u00f4pital avec une sonde nasogastrique pour l\u2019alimentation, un moniteur d\u2019apn\u00e9e, de l\u2019oxyg\u00e8ne, une trach\u00e9otomie ou d\u2019autres \u00e9quipements qui requi\u00e8rent des soins \u00e0 la maison. Si tel est le cas pour votre b\u00e9b\u00e9, l\u2019\u00e9quipe soignante vous informera des \u00e9tapes.[\/tw_text][vc_row_inner equal_height=&#8221;&#8221; large_screens=&#8221;true&#8221; desktop=&#8221;true&#8221;][vc_column_inner][tw_text]<\/p>\n<p style=\"text-align: right;\">[tw_button link=&#8221;https:\/\/info-prema.uqo.ca\/?page_id=10280&#8243;\u00a0 size=&#8221;small&#8221; style=&#8221;border uk-button-radius&#8221; hover=&#8221;dark-hover&#8221; icon_class=&#8221;ion-ios-arrow-thin-right&#8221; margin=&#8221;0,0,0,0&#8243; animate_icon=&#8221;true&#8221;]R\u00f4le parental[\/tw_button]<\/p>\n<p>[\/tw_text][\/vc_column_inner][\/vc_row_inner][\/vc_column][\/vc_row]<\/p>\n<\/div>","protected":false},"excerpt":{"rendered":"<p>[vc_row tw_dimension_type=&#8221;custom-min-height&#8221; tw_dimension_height=&#8221;300&#8243; size=&#8221;uk-section-normal&#8221; uk_light=&#8221;true&#8221; tablet=&#8221;true&#8221; mobile=&#8221;true&#8221; overlay=&#8221;0.3&#8243; css=&#8221;.vc_custom_1616800154929{margin-bottom: 55px !important;background: #0a0a0a url(https:\/\/info-prema.uqo.ca\/wp-content\/uploads\/2021\/03\/planification_conge.jpg?id=11159) !important;background-position: center !important;background-repeat: no-repeat !important;background-size: cover !important;}&#8221;][vc_column][tw_heading heading_tag=&#8221;h2&#8243; title_animate=&#8221;&#8221; title=&#8221;Planification du cong\u00e9&#8221; subtitle=&#8221;&#8221; max_width=&#8221;title_full&#8221; css=&#8221;.vc_custom_1616800446552{padding-top: 30px !important;}&#8221;][\/tw_heading][\/vc_column][\/vc_row][vc_row tw_dimension_type=&#8221;custom-min-height&#8221; tw_dimension_height=&#8221;200&#8243; size=&#8221;uk-section-normal&#8221; uk_light=&#8221;true&#8221; large_screens=&#8221;true&#8221; desktop=&#8221;true&#8221; overlay=&#8221;0.3&#8243; css=&#8221;.vc_custom_1616800246256{margin-bottom: 45px !important;background: #0a0a0a url(https:\/\/info-prema.uqo.ca\/wp-content\/uploads\/2021\/03\/planification_conge.jpg?id=11159) !important;background-position: center !important;background-repeat: no-repeat !important;background-size: cover !important;}&#8221;][vc_column][tw_heading heading_tag=&#8221;h2&#8243; title_animate=&#8221;&#8221; title=&#8221;Indicateurs de l\u2019approche du [&hellip;]<\/p>\n","protected":false},"author":1,"featured_media":0,"parent":0,"menu_order":0,"comment_status":"closed","ping_status":"closed","template":"","meta":{"footnotes":""},"class_list":["post-10281","page","type-page","status-publish","hentry"],"_links":{"self":[{"href":"https:\/\/info-prema.uqo.ca\/index.php?rest_route=\/wp\/v2\/pages\/10281","targetHints":{"allow":["GET"]}}],"collection":[{"href":"https:\/\/info-prema.uqo.ca\/index.php?rest_route=\/wp\/v2\/pages"}],"about":[{"href":"https:\/\/info-prema.uqo.ca\/index.php?rest_route=\/wp\/v2\/types\/page"}],"author":[{"embeddable":true,"href":"https:\/\/info-prema.uqo.ca\/index.php?rest_route=\/wp\/v2\/users\/1"}],"replies":[{"embeddable":true,"href":"https:\/\/info-prema.uqo.ca\/index.php?rest_route=%2Fwp%2Fv2%2Fcomments&post=10281"}],"version-history":[{"count":26,"href":"https:\/\/info-prema.uqo.ca\/index.php?rest_route=\/wp\/v2\/pages\/10281\/revisions"}],"predecessor-version":[{"id":11540,"href":"https:\/\/info-prema.uqo.ca\/index.php?rest_route=\/wp\/v2\/pages\/10281\/revisions\/11540"}],"wp:attachment":[{"href":"https:\/\/info-prema.uqo.ca\/index.php?rest_route=%2Fwp%2Fv2%2Fmedia&parent=10281"}],"curies":[{"name":"wp","href":"https:\/\/api.w.org\/{rel}","templated":true}]}}