{"id":10299,"date":"2021-02-26T23:47:45","date_gmt":"2021-02-27T04:47:45","guid":{"rendered":"https:\/\/info-prema.uqo.ca\/?page_id=10299"},"modified":"2022-10-07T13:30:58","modified_gmt":"2022-10-07T18:30:58","slug":"lallaitement-2-5-2","status":"publish","type":"page","link":"https:\/\/info-prema.uqo.ca\/?page_id=10299","title":{"rendered":"Pr\u00e9venir les infections"},"content":{"rendered":"<div class=\"wpb-content-wrapper\"><p>[vc_row tw_dimension_type=&#8221;custom-min-height&#8221; tw_dimension_height=&#8221;300&#8243; size=&#8221;uk-section-normal&#8221; uk_light=&#8221;true&#8221; tablet=&#8221;true&#8221; mobile=&#8221;true&#8221; overlay=&#8221;0.3&#8243; css=&#8221;.vc_custom_1616801095471{margin-bottom: 55px !important;background: #0a0a0a url(https:\/\/info-prema.uqo.ca\/wp-content\/uploads\/2021\/03\/planification_conge.jpg?id=11159) !important;background-position: center !important;background-repeat: no-repeat !important;background-size: cover !important;}&#8221;][vc_column][tw_heading heading_tag=&#8221;h2&#8243; title_animate=&#8221;&#8221; title=&#8221;Planification du cong\u00e9&#8221; subtitle=&#8221;&#8221; max_width=&#8221;title_full&#8221; css=&#8221;.vc_custom_1616801391597{padding-top: 30px !important;background-position: center !important;background-repeat: no-repeat !important;background-size: cover !important;}&#8221;][\/tw_heading][\/vc_column][\/vc_row][vc_row tw_dimension_type=&#8221;custom-min-height&#8221; tw_dimension_height=&#8221;197&#8243; size=&#8221;uk-section-normal&#8221; uk_light=&#8221;true&#8221; large_screens=&#8221;true&#8221; desktop=&#8221;true&#8221; overlay=&#8221;0.3&#8243; css=&#8221;.vc_custom_1616801087697{margin-bottom: 45px !important;background: #0a0a0a url(https:\/\/info-prema.uqo.ca\/wp-content\/uploads\/2021\/03\/planification_conge.jpg?id=11159) !important;background-position: center !important;background-repeat: no-repeat !important;background-size: cover !important;}&#8221;][vc_column][tw_heading heading_tag=&#8221;h2&#8243; title_animate=&#8221;&#8221; title=&#8221;Pr\u00e9venir les infections&#8221; subtitle=&#8221;Planification du cong\u00e9&#8221; max_width=&#8221;title_full&#8221; css=&#8221;.vc_custom_1616801122159{padding-top: 15px !important;background-position: center !important;background-repeat: no-repeat !important;background-size: cover !important;}&#8221;][\/tw_heading][\/vc_column][\/vc_row][vc_row size=&#8221;uk-padding-remove-vertical&#8221; css=&#8221;.vc_custom_1616801022279{padding-bottom: 75px !important;}&#8221;][vc_column width=&#8221;1\/4&#8243;][vc_wp_custommenu title=&#8221;Sections&#8221; nav_menu=&#8221;118&#8243;][vc_row_inner size=&#8221;uk-padding-remove-vertical&#8221; equal_height=&#8221;&#8221;][vc_column_inner][\/vc_column_inner][\/vc_row_inner][\/vc_column][vc_column width=&#8221;3\/4&#8243;][tw_heading title_animate=&#8221;true&#8221; title=&#8221;&#8221; subtitle=&#8221;Planification du cong\u00e9&#8221; title_align=&#8221;uk-text-left&#8221; max_width=&#8221;title_full&#8221;][\/tw_heading][tw_heading title_animate=&#8221;&#8221; title=&#8221;Pr\u00e9venir les infections&#8221; subtitle=&#8221;&#8221; title_align=&#8221;uk-text-left&#8221; max_width=&#8221;title_full&#8221;][\/tw_heading][tw_text]<strong>Le lavage des mains<\/strong> avec du savon pendant au moins 20 secondes est l\u2019action la plus importante pour r\u00e9duire la transmission des infections. Lavez-vous les mains avant et apr\u00e8s un contact avec votre b\u00e9b\u00e9 et le plus souvent possible.<\/p>\n<p><strong>L\u2019allaitement.<\/strong> Le lait humain contient des anticorps et d\u2019autres enzymes qui am\u00e9liorent le syst\u00e8me immunitaire et les fonctions digestives de votre b\u00e9b\u00e9. Il est recommand\u00e9 d\u2019allaiter votre b\u00e9b\u00e9 aussi souvent et longtemps que possible.<\/p>\n<p><strong>Vaccination.<\/strong> On doit vacciner les pr\u00e9matur\u00e9s stables et les b\u00e9b\u00e9s de petit poids \u00e0 la naissance selon le calendrier r\u00e9gulier de vaccination. Pour les pr\u00e9matur\u00e9s de moins de 32 semaines de gestation et les b\u00e9b\u00e9s pesant moins de 1 500 g \u00e0 la naissance, on administre 1 dose additionnelle du vaccin contre la pneumonie avant l\u2019\u00e2ge de 1 an.<\/p>\n<p><strong>Limiter les visites.<\/strong> Bien qu\u2019il soit tentant de pr\u00e9senter votre b\u00e9b\u00e9 \u00e0 vos proches, il est recommand\u00e9 de limiter le nombre de personnes en contact avec votre b\u00e9b\u00e9 pr\u00e9matur\u00e9. Les visiteurs que vous s\u00e9lectionnerez devraient suivre les consignes suivantes :<\/p>\n<ul>\n<li>Ne pr\u00e9senter aucun sympt\u00f4me infectieux (toux nez qui coule fi\u00e8vre difficult\u00e9 respiratoire vomissements diarrh\u00e9es douleur musculaire mal de gorge et autre).<\/li>\n<li>Se laver les mains jusqu\u2019aux coudes avant de toucher le b\u00e9b\u00e9 ou son environnement.<\/li>\n<li>Venir directement de chez eux \u00e0 chez vous. Par exemple un visiteur ne devrait pas aller \u00e0 l\u2019\u00e9picerie et ensuite venir voir votre b\u00e9b\u00e9 car ses v\u00eatements peuvent \u00eatre contamin\u00e9s. Si votre visiteur doit prendre le transport en commun vous pouvez lui sugg\u00e9rer d\u2019amener des v\u00eatements pour se changer une fois arriv\u00e9 chez vous.<\/li>\n<\/ul>\n<p>[\/tw_text][tw_text]<strong>\u00c9viter les lieux publics achaland\u00e9s.<\/strong> N\u2019h\u00e9sitez pas \u00e0 dire aux personnes que vous ne connaissez pas de ne pas toucher votre b\u00e9b\u00e9. Essayez de fr\u00e9quenter les lieux publics lors des moments plus calmes.<\/p>\n<p><strong>Garderie. <\/strong>Pour les enfants ayant des probl\u00e8mes respiratoires s\u00e9rieux, certains experts recommandent de ne pas fr\u00e9quenter la garderie avant l\u2019\u00e2ge de 2 ans. Les poumons des b\u00e9b\u00e9s pr\u00e9matur\u00e9s en bas \u00e2ge sont fragiles et ils grandiront jusqu\u2019\u00e0 l\u2019\u00e2ge de deux ans, donc il faut \u00e9viter de les exposer \u00e0 des risques d\u2019infections possibles.<\/p>\n<p>Pour des informations concernant le d\u00e9veloppement de votre b\u00e9b\u00e9 pr\u00e9matur\u00e9 au cours de ses premiers mois et premi\u00e8res ann\u00e9es de vie, vous pouvez consulter le site <a href=\"http:\/\/developpementenfant.ca\/wp\/mon-enfant-au-fil-des-jours\/\" target=\"_blank\" rel=\"noopener\">Plateforme Canadienne du Cerveau N\u00e9onatal<\/a>.[\/tw_text][vc_row_inner equal_height=&#8221;&#8221; large_screens=&#8221;true&#8221; desktop=&#8221;true&#8221;][vc_column_inner][tw_text]<\/p>\n<p style=\"text-align: right;\">[tw_button link=&#8221;https:\/\/info-prema.uqo.ca\/?page_id=10316&#8243;\u00a0 size=&#8221;small&#8221; style=&#8221;border uk-button-radius&#8221; hover=&#8221;dark-hover&#8221; icon_class=&#8221;ion-ios-arrow-thin-right&#8221; margin=&#8221;0,0,0,0&#8243; animate_icon=&#8221;true&#8221;]Soutien externe[\/tw_button]<\/p>\n<p>[\/tw_text][\/vc_column_inner][\/vc_row_inner][\/vc_column][\/vc_row]<\/p>\n<\/div>","protected":false},"excerpt":{"rendered":"<p>[vc_row tw_dimension_type=&#8221;custom-min-height&#8221; tw_dimension_height=&#8221;300&#8243; size=&#8221;uk-section-normal&#8221; uk_light=&#8221;true&#8221; tablet=&#8221;true&#8221; mobile=&#8221;true&#8221; overlay=&#8221;0.3&#8243; css=&#8221;.vc_custom_1616801095471{margin-bottom: 55px !important;background: #0a0a0a url(https:\/\/info-prema.uqo.ca\/wp-content\/uploads\/2021\/03\/planification_conge.jpg?id=11159) !important;background-position: center !important;background-repeat: no-repeat !important;background-size: cover !important;}&#8221;][vc_column][tw_heading heading_tag=&#8221;h2&#8243; title_animate=&#8221;&#8221; title=&#8221;Planification du cong\u00e9&#8221; subtitle=&#8221;&#8221; max_width=&#8221;title_full&#8221; css=&#8221;.vc_custom_1616801391597{padding-top: 30px !important;background-position: center !important;background-repeat: no-repeat !important;background-size: cover !important;}&#8221;][\/tw_heading][\/vc_column][\/vc_row][vc_row tw_dimension_type=&#8221;custom-min-height&#8221; tw_dimension_height=&#8221;197&#8243; size=&#8221;uk-section-normal&#8221; uk_light=&#8221;true&#8221; large_screens=&#8221;true&#8221; desktop=&#8221;true&#8221; overlay=&#8221;0.3&#8243; css=&#8221;.vc_custom_1616801087697{margin-bottom: 45px !important;background: #0a0a0a url(https:\/\/info-prema.uqo.ca\/wp-content\/uploads\/2021\/03\/planification_conge.jpg?id=11159) !important;background-position: center !important;background-repeat: no-repeat !important;background-size: cover !important;}&#8221;][vc_column][tw_heading [&hellip;]<\/p>\n","protected":false},"author":1,"featured_media":0,"parent":0,"menu_order":0,"comment_status":"closed","ping_status":"closed","template":"","meta":{"footnotes":""},"class_list":["post-10299","page","type-page","status-publish","hentry"],"_links":{"self":[{"href":"https:\/\/info-prema.uqo.ca\/index.php?rest_route=\/wp\/v2\/pages\/10299","targetHints":{"allow":["GET"]}}],"collection":[{"href":"https:\/\/info-prema.uqo.ca\/index.php?rest_route=\/wp\/v2\/pages"}],"about":[{"href":"https:\/\/info-prema.uqo.ca\/index.php?rest_route=\/wp\/v2\/types\/page"}],"author":[{"embeddable":true,"href":"https:\/\/info-prema.uqo.ca\/index.php?rest_route=\/wp\/v2\/users\/1"}],"replies":[{"embeddable":true,"href":"https:\/\/info-prema.uqo.ca\/index.php?rest_route=%2Fwp%2Fv2%2Fcomments&post=10299"}],"version-history":[{"count":16,"href":"https:\/\/info-prema.uqo.ca\/index.php?rest_route=\/wp\/v2\/pages\/10299\/revisions"}],"predecessor-version":[{"id":11723,"href":"https:\/\/info-prema.uqo.ca\/index.php?rest_route=\/wp\/v2\/pages\/10299\/revisions\/11723"}],"wp:attachment":[{"href":"https:\/\/info-prema.uqo.ca\/index.php?rest_route=%2Fwp%2Fv2%2Fmedia&parent=10299"}],"curies":[{"name":"wp","href":"https:\/\/api.w.org\/{rel}","templated":true}]}}