{"id":10323,"date":"2021-03-01T23:02:10","date_gmt":"2021-03-02T04:02:10","guid":{"rendered":"https:\/\/info-prema.uqo.ca\/?page_id=10323"},"modified":"2021-03-26T18:32:40","modified_gmt":"2021-03-26T23:32:40","slug":"actions-a-faire-3-7-3-2","status":"publish","type":"page","link":"https:\/\/info-prema.uqo.ca\/?page_id=10323","title":{"rendered":"R\u00e9f\u00e9rences R\u00f4le parental"},"content":{"rendered":"<div class=\"wpb-content-wrapper\"><p>[vc_row tw_dimension_type=&#8221;custom-min-height&#8221; tw_dimension_height=&#8221;300&#8243; size=&#8221;uk-section-normal&#8221; uk_light=&#8221;true&#8221; tablet=&#8221;true&#8221; mobile=&#8221;true&#8221; overlay=&#8221;0.3&#8243; css=&#8221;.vc_custom_1616801505319{margin-bottom: 55px !important;background: #0a0a0a url(https:\/\/info-prema.uqo.ca\/wp-content\/uploads\/2021\/03\/references2-e1616192338464.jpg?id=10987) !important;background-position: center !important;background-repeat: no-repeat !important;background-size: cover !important;}&#8221;][vc_column][tw_heading heading_tag=&#8221;h2&#8243; title_animate=&#8221;&#8221; title=&#8221;R\u00e9f\u00e9rences scientifiques&#8221; subtitle=&#8221;R\u00f4le parental&#8221; max_width=&#8221;title_full&#8221; css=&#8221;.vc_custom_1616801442526{padding-top: 15px !important;}&#8221;][\/tw_heading][\/vc_column][\/vc_row][vc_row tw_dimension_type=&#8221;custom-min-height&#8221; tw_dimension_height=&#8221;200&#8243; size=&#8221;uk-section-normal&#8221; uk_light=&#8221;true&#8221; large_screens=&#8221;true&#8221; desktop=&#8221;true&#8221; overlay=&#8221;0.3&#8243; css=&#8221;.vc_custom_1616801557542{margin-bottom: 25px !important;background: #0a0a0a url(https:\/\/info-prema.uqo.ca\/wp-content\/uploads\/2021\/03\/references2-e1616192338464.jpg?id=10987) !important;background-position: center !important;background-repeat: no-repeat !important;background-size: cover !important;}&#8221;][vc_column][tw_heading heading_tag=&#8221;h2&#8243; title_animate=&#8221;&#8221; title=&#8221;R\u00e9f\u00e9rences scientifiques&#8221; subtitle=&#8221;R\u00f4le parental&#8221; max_width=&#8221;title_full&#8221; css=&#8221;.vc_custom_1616801442526{padding-top: 15px !important;}&#8221;][\/tw_heading][\/vc_column][\/vc_row][vc_row size=&#8221;uk-section-small&#8221; large_screens=&#8221;true&#8221; desktop=&#8221;true&#8221; css=&#8221;.vc_custom_1613862551229{padding-bottom: -50px !important;}&#8221;][vc_column][vc_wp_custommenu nav_menu=&#8221;115&#8243; title=&#8221;Sections&#8221;][\/vc_column][\/vc_row][vc_row size=&#8221;uk-padding-remove-vertical&#8221; css=&#8221;.vc_custom_1616801463571{padding-bottom: 75px !important;}&#8221;][vc_column][tw_text]<\/p>\n<ul>\n<li>Abrams, S. A. &amp; Hurst, N. M. (2020). <em>Breastfeeding the preterm infant<\/em>. Rep\u00e9r\u00e9 \u00e0\u00a0: <a href=\"https:\/\/www.uptodate.com\/contents\/breastfeeding-the-preterm-infant\" target=\"_blank\" rel=\"noopener\">https:\/\/www.uptodate.com\/contents\/breastfeeding-the-preterm-infant<\/a><\/li>\n<li>Ahmed, A. H., &amp; Sands, L. P. (2010). Effect of pre- and postdischarge interventions on breastfeeding outcomes and weight gain among premature infants, <em>Journal of Obstretic, Gynecologic &amp; Neonatal Nursing,<\/em> <em>39<\/em>(1), 53\u201363. <a href=\"https:\/\/doi.org\/10.1111\/j.1552-6909.2009.01088.x\" target=\"_blank\" rel=\"noopener\">https:\/\/doi.org\/10.1111\/j.1552-6909.2009.01088.x<\/a><\/li>\n<li>Boundy, E. O., Dastjerdi, R., Spiegelman, D., Fawzi, W. W.,\u00a0 Missmer, S. A., Lieberman, E. \u2026 Chan, G. J. (2016). Kangaroo mother care and neonatal outcomes: A meta-analysis.<em> Pediatrics<\/em>. <em>137<\/em>(1), <a href=\"https:\/\/doi.org\/10.1542\/peds.2015-2238\" target=\"_blank\" rel=\"noopener\">https:\/\/doi.org\/10.1542\/peds.2015-2238<\/a><\/li>\n<li>Breivold, K., Hjaelmhult, E., Sjo\u0308stro\u0308m-Strand, A., &amp; Hallstro\u0308m, I.K. (2019). Mothers&#8217; experiences after coming home from the hospital with a moderately to late preterm infant &#8211; a qualitative study. <em>Scandinavian Journal of Caring Sciences<\/em>, <em>33<\/em>(3), 632\u2013640. <a href=\"https:\/\/doi.org\/10.1111\/scs.12656\" target=\"_blank\" rel=\"noopener\">https:\/\/doi.org\/10.1111\/scs.12656<\/a><\/li>\n<li>Bri\u00e8re, C. E., McGrath, J. M., Cong, X., Brownell, E., &amp; Cusson, R. (2015). Direct-breastfeeding premature infants in the neonatal intensive care unit. <em>Journal of Human Lactation<\/em>, <em>31<\/em>(3), 386\u2013392. <a href=\"https:\/\/doi.org\/10.1177\/0890334415581798\" target=\"_blank\" rel=\"noopener\">https:\/\/doi.org\/10.1177\/0890334415581798<\/a><\/li>\n<li>Busse, M., Stromgren, K., Thorngate, L., &amp; Thomas, K. A. (2013). Parents&#8217; responses to stress in the Neonatal Intensive Care Unit. <em>Critical Care Nurse<\/em>, <em>33<\/em>(4), 52-60. <a href=\"https:\/\/doi.org\/10.4037\/ccn2013715\" target=\"_blank\" rel=\"noopener\">https:\/\/doi.org\/10.4037\/ccn2013715<\/a><\/li>\n<li>Cartwright, J. A., Atz, T., Newman, S., Mueller, M., &amp; Demirci, J. R. (2017). Integrative review of interventions to promote breastfeeding in the late preterm infant. <em>Journal of Obstetric, Gynecologic, and Neonatal Nursing<\/em>, <em>46<\/em>(3), 347\u2013356. <a href=\"https:\/\/doi.org\/10.1016\/j.jogn.2017.01.006\" target=\"_blank\" rel=\"noopener\">https:\/\/doi.org\/10.1016\/j.jogn.2017.01.006<\/a><\/li>\n<li>Chan, G. J., Valsangkar, B., Kajeepeta, S., Boundy, E. O. &amp; Wall, S. (2016). What is kangaroo mother care? Systematic review of the literature. <em>Journal of Global Health<\/em>, <em>6<\/em>(1), 1-9. <a href=\"https:\/\/doi.org\/10.7189\/jogh.06.010701\" target=\"_blank\" rel=\"noopener\">https:\/\/doi.org\/10.7189\/jogh.06.010701<\/a><\/li>\n<li>Feeley, N.,\u00a0 Genest, C., Niela-Vil\u00e9n, H., Charbonneau, L. &amp; Axelin, A. (2016). Parents and nurses balancing parent-infant closeness and separation: a qualitative study of NICU nurses\u2019 perceptions. <em>BMC Pediatrics, 16<\/em>(1), 1-13, <a href=\"https:\/\/doi.org\/10.1186\/s12887-016-0663-1\" target=\"_blank\" rel=\"noopener\">https:\/\/doi.org\/10.1186\/s12887-016-0663-1<\/a><\/li>\n<li>Garfield, C., Lee, Y. &amp; Kim, H. (2014). Paternal and maternal concerns for their very low- birth-weight infants transitioning from the neonatal unit to home. <em>Journal of Perinatal and Neonatal Nursing<\/em>, <em>28<\/em>(4), 305\u2013312. <a href=\"https:\/\/doi.org\/10.1097\/JPN.0000000000000021\" target=\"_blank\" rel=\"noopener\">https:\/\/doi.org\/10.1097\/JPN.0000000000000021<\/a><\/li>\n<li>Gephart, S. M., McGrath, J. M., Effken, J. A. &amp; Halpern, M. D. (2012). Necrotizing enterocolitis risk: state of the science. <em>Advances in Neonatal Care, 12<\/em>(2), 77-87. <a href=\"https:\/\/doi.org\/10.1097\/ANC.0b013e31824cee94\" target=\"_blank\" rel=\"noopener\">https:\/\/doi.org\/10.1097\/ANC.0b013e31824cee94<\/a><\/li>\n<li>Gholamreza, A., Armin, A., Anvar-Sadat, N., &amp; Azita, F.-K. (2020). Explaining breastfeeding experiences and assessing factors affecting breastfeeding self-efficacy in mothers of premature infants: a mixed method study protocol. <em>Reproductive Health, 17<\/em>(1), 1\u20137. <a href=\"https:\/\/doi.org\/10.1186\/s12978-020-0895-2\" target=\"_blank\" rel=\"noopener\">https:\/\/doi.org\/10.1186\/s12978-020-0895-2<\/a><\/li>\n<li>Gianni, M.L., Bezze, E.N., Sannino, P., Baro, M., Roggero, P., Muscolo, S., Plevani, L. &amp; Mosca, F. (2018). Maternal views on facilitators of and barriers to breastfeeding preterm infants. <em>BMC Pediatrics, 18<\/em>, 2-8. <a href=\"https:\/\/doi.org\/10.1186\/s12887-018-1260-2\" target=\"_blank\" rel=\"noopener\">https:\/\/doi.org\/10.1186\/s12887-018-1260-2<\/a><\/li>\n<li>Gouvernement de l\u2019Alberta. (2020). Protecting Your Child From Infections. Rep\u00e9r\u00e9 \u00e0\u00a0: \u00a0<a href=\"https:\/\/myhealth.alberta.ca\/Health\/Pages\/conditions.aspx?hwid=ue5130\" target=\"_blank\" rel=\"noopener\">https:\/\/myhealth.alberta.ca\/Health\/Pages\/conditions.aspx?hwid=ue5130<\/a><\/li>\n<li>Gouvernement du Canada. (2018). Pr\u00e9venir les d\u00e9c\u00e8s subits des nourrissons au Canada. Rep\u00e9r\u00e9 \u00e0\u00a0: \u00a0<a href=\"https:\/\/www.canada.ca\/fr\/sante-publique\/services\/promotion-sante\/enfance-adolescence\/etapes-enfance\/petite-enfance-naissance-deux-ans\/sommeil-securitaire\/enonce-conjoint-sommeil-securitaire.html\" target=\"_blank\" rel=\"noopener\">https:\/\/www.canada.ca\/fr\/sante-publique\/services\/promotion-sante\/enfance-adolescence\/etapes-enfance\/petite-enfance-naissance-deux-ans\/sommeil-securitaire\/enonce-conjoint-sommeil-securitaire.html<\/a><\/li>\n<li>Gouvernement du Qu\u00e9bec. (2020b). Vaccinologie pratique : Pr\u00e9matur\u00e9s ou b\u00e9b\u00e9s de petit poids \u00e0 la naissance. Rep\u00e9r\u00e9 \u00e0\u00a0: <a href=\"https:\/\/msss.gouv.qc.ca\/professionnels\/vaccination\/piq-vaccinologie-pratique\/prematures-ou-bebes-de-petit-poids-a-la-naissance\/\" target=\"_blank\" rel=\"noopener\">https:\/\/msss.gouv.qc.ca\/professionnels\/vaccination\/piq-vaccinologie-pratique\/prematures-ou-bebes-de-petit-poids-a-la-naissance\/<\/a><\/li>\n<li>Green, J., Fowler, C., Petty, J. &amp; Whiting, L. (2021). The transition home of extremely premature babies: An integrative review. <em>Journal of Neonatal Nursing,<\/em> <em>27<\/em>(1), 26-32. <a href=\"https:\/\/doi.org\/10.1016\/j.jnn.2020.09.011\" target=\"_blank\" rel=\"noopener\">https:\/\/doi.org\/10.1016\/j.jnn.2020.09.011<\/a><\/li>\n<li>Heydarpour, S., Keshavarz, Z., &amp; Bakhtiari, M. (2017). Factors affecting adaptation to the role of motherhood in mothers of preterm infants admitted to the neonatal intensive care unit: a qualitative study.\u00a0<em>Journal of Advanced Nursing<\/em>,\u00a0<em>73<\/em>(1), 138-148. <a href=\"https:\/\/doi.org\/10.1111\/jan.13099\" target=\"_blank\" rel=\"noopener\">https:\/\/doi.org\/10.1111\/jan.13099<\/a><\/li>\n<li>Johns Hopkins Medicine. (2010). Daycare Puts Childrens with Lung Disease at Risk for Serious Illness. Rep\u00e9r\u00e9 \u00e0\u00a0: <a href=\"https:\/\/www.hopkinsmedicine.org\/news\/media\/releases\/daycare_puts_childrens_with_lung_disease_at_risk_for_serious_illness\" target=\"_blank\" rel=\"noopener\">https:\/\/www.hopkinsmedicine.org\/news\/media\/releases\/daycare_puts_childrens_with_lung_disease_at_risk_for_serious_illness<\/a><\/li>\n<li>Johnston, C., Campbell-Yeo, M., Disher, T., Benoit, B., Fernandes, A., Streiner, D., Inglis, D. &amp; Zee, R. (2017). Skin-to-skin care for procedural pain in neonates. Cochrane Database of Systematic Reviews. 2, 1-83. <a href=\"https:\/\/doi.org\/10.1002\/14651858.CD008435.pub3\" target=\"_blank\" rel=\"noopener\">https:\/\/doi.org\/10.1002\/14651858.CD008435.pub3<\/a><\/li>\n<li>Kenner, C. &amp; McGrath, J. M. (2004). <em>Developmental Care of Newborn and Infants A guide for health professionals.<\/em> St-Louis, MO: Mosby.<\/li>\n<li>Krueger, C. (2010). Exposure to maternal voice in preterm infants: A review. <em>Advances in Neonatal Care<\/em>, <em>10<\/em>(1), 13\u201320. <a href=\"https:\/\/dx.doi.org\/10.1097%2FANC.0b013e3181cc3c69\" target=\"_blank\" rel=\"noopener\">https:\/\/doi.org\/10.1097\/ANC.0b013e3181cc3c69<\/a><\/li>\n<li>Kuhn, K. S., &amp; Kuhn, M. J. (2011). Bringing your premature or ill breastfeeding baby home. <em>Journal of Human Lactation<\/em>, <em>27<\/em>(3), 297\u2013298. <a href=\"https:\/\/doi.org\/10.1177\/0890334411416217\" target=\"_blank\" rel=\"noopener\">https:\/\/doi.org\/10.1177\/0890334411416217<\/a><\/li>\n<li>Milette, I., Martel, M. J. &amp; Da Silva, M. (2019). <em>Les soins du d\u00e9veloppement: Assurer la neuroprotection des nouveau-n\u00e9s<\/em> (2<sup>e<\/sup> \u00e9d.), Montr\u00e9al, QC: \u00c9ditions du CHU Sainte-Justine.<\/li>\n<li>Myers, D. &amp; Rubarth, L. B. (2013). Facilitating breastfeeding in the neonatal intensive care unit: identifying barriers. <em>Neonatal Network, 32<\/em>(3), 206-212. <a href=\"https:\/\/doi.org\/10.1891\/0730-0832.32.3.206\" target=\"_blank\" rel=\"noopener\">https:\/\/doi.org\/10.1891\/0730-0832.32.3.206<\/a><\/li>\n<li>Na\u00eetre et grandir. (2021a). Le b\u00e9b\u00e9 pr\u00e9matur\u00e9. Rep\u00e9r\u00e9 \u00e0\u00a0: <a href=\"https:\/\/naitreetgrandir.com\/fr\/etape\/0_12_mois\/soins\/fiche.aspx?doc=bg-naitre-grandir-bebe-premature#:~:text=L'%C3%A2ge%20corrig%C3%A9%20est%20l,soit%20le%201er%20janvier\" target=\"_blank\" rel=\"noopener\">https:\/\/naitreetgrandir.com\/fr\/etape\/0_12_mois\/soins\/fiche.aspx?doc=bg-naitre-grandir-bebe-premature#:~:text=L&#8217;%C3%A2ge%20corrig%C3%A9%20est%20l,soit%20le%201er%20janvier<\/a><\/li>\n<li>Nyqvist, K. H., Anderson, G. C., Bergman, N., Cattaneo, A., Charpak, N., Davanzo, R., \u2026 Expert Group of the International Network on Kangaroo Mother Care. (2010). State of the art and recommendations. Kangaroo mother care: application in a high-tech environment.\u00a0<em>Breastfeeding review : professional publication of the Nursing Mothers&#8217; Association of Australia<\/em>,\u00a0<em>18<\/em>(3), 21\u201328.<\/li>\n<li>Palme\u0301r, L. &amp; Ericson, J. (2019). A qualitative study on the breastfeeding experience of mothers of preterm infants in the first 12\u2009months after birth. <em>International Breastfeeding Journal, 14,<\/em> 1-8. <a href=\"https:\/\/doi.org\/10.1186\/s13006-019-0229-6\" target=\"_blank\" rel=\"noopener\">https:\/\/doi.org\/10.1186\/s13006-019-0229-6<\/a><\/li>\n<li>Picciolini, O., Porro, M., Meazza, A., Giann\u00ec, M. L., Rivoli, C., Lucco, G., &#8230; Mosca, F. (2014). Early exposure to maternal voice: Effects on preterm infants development. <em>Early Human Development<\/em>, <em>90<\/em>(6), 287-292. <a href=\"https:\/\/doi.org\/10.1016\/j.earlhumdev.2014.03.003\" target=\"_blank\" rel=\"noopener\">https:\/\/doi.org\/10.1016\/j.earlhumdev.2014.03.003<\/a><\/li>\n<li>Piris Borregas, S., L\u00f3pez Maestro, M., Torres Valdivieso, M. J., Mart\u00ednez \u00c1vila, J. C., Bustos Lozano, G., &amp; Pall\u00e1s Alonso, C. R. (2017). Improving nutritional practices in premature infants can increase their growth velocity and the breastfeeding rates. <em>Acta Paediatrica, 106<\/em>(5), 768\u2013772. <a href=\"https:\/\/doi.org\/10.1111\/apa.13788\" target=\"_blank\" rel=\"noopener\">https:\/\/doi.org\/10.1111\/apa.13788<\/a><\/li>\n<li>Ramasethu, J. (2017). Prevention and treatment of neonatal nosocomial infections. <em>Maternal Health, Neonatology and Perinatology, 3<\/em>, 1-11. <a href=\"https:\/\/doi.org\/10.1186\/s40748-017-0043-3\" target=\"_blank\" rel=\"noopener\">https:\/\/doi.org\/10.1186\/s40748-017-0043-3<\/a><\/li>\n<li>Schanler, R.J. (2019). Human milk feeding and fortification of human milk for premature infants. Rep\u00e9r\u00e9 \u00e0\u00a0: <a href=\"https:\/\/proxybiblio.uqo.ca:2211\/contents\/human-milk-feeding-and-fortification-of-human-milk-for-premature-infants?search=human%20milk%20feeding&amp;source=search_result&amp;selectedTitle=1~150&amp;usage_type=default&amp;display_rank\" target=\"_blank\" rel=\"noopener\">https:\/\/proxybiblio.uqo.ca:2211\/contents\/human-milk-feeding-and-fortification-of-human-milk-for-premature-infants?search=human%20milk%20feeding&amp;source=search_result&amp;selectedTitle=1~150&amp;usage_type=default&amp;display_rank<\/a><\/li>\n<li>Skene, C. (2012) Parental involvement in neonatal pain management: reflecting on the researcher-practitioner role. <em>Nurse Researcher, 19<\/em>(4), 27\u201330. <a href=\"https:\/\/doi.org\/10.7748\/nr2012.07.19.4.27.c9221\" target=\"_blank\" rel=\"noopener\">https:\/\/doi.org\/10.7748\/nr2012.07.19.4.27.c9221<\/a><\/li>\n<li>Sikorova, L., &amp; Kucova, J. (2012). The needs of mothers to newborns hospitalised in intensive care units. <em>Biomedical Papers<\/em>, <em>156<\/em>(4), 330-336. <a href=\"https:\/\/doi.org\/10.5507\/bp.2011.046\" target=\"_blank\" rel=\"noopener\">https:\/\/doi.org\/10.5507\/bp.2011.046<\/a><\/li>\n<li>Soci\u00e9t\u00e9 Canadienne de P\u00e9diatrie. (2016a). Rentrer \u00e0 la maison : faciliter le cong\u00e9 du nourrisson pr\u00e9matur\u00e9. Rep\u00e9r\u00e9 \u00e0\u00a0: <a href=\"https:\/\/www.cps.ca\/documents\/position\/facilitating-discharge-of-the-preterm-infant\" target=\"_blank\" rel=\"noopener\">https:\/\/www.cps.ca\/documents\/position\/facilitating-discharge-of-the-preterm-infant<\/a><\/li>\n<li>Whittingham, K., Boyd, R. N., Sanders, M. R. &amp; Colditz, P. (2014). Parenting and prematurity: Understanding parent experience and preferences for support. <em>Journal of Child &amp; Family Studies<\/em>, <em>23<\/em>(6), 1050-1061. <a href=\"https:\/\/doi.org\/10.1007\/s10826-013-9762-x\" target=\"_blank\" rel=\"noopener\">https:\/\/doi.org\/10.1007\/s10826-013-9762-x<\/a><\/li>\n<\/ul>\n<p>[\/tw_text][\/vc_column][\/vc_row][vc_row size=&#8221;uk-padding-remove-vertical&#8221; css=&#8221;.vc_custom_1615084569515{padding-bottom: 55px !important;}&#8221;][vc_column width=&#8221;1\/4&#8243;][\/vc_column][vc_column width=&#8221;1\/4&#8243;][\/vc_column][vc_column width=&#8221;1\/4&#8243;][tw_text]<\/p>\n<p style=\"text-align: right;\">[tw_button link=&#8221;https:\/\/info-prema.uqo.ca\/?page_id=10616&#8243;\u00a0 size=&#8221;small&#8221; style=&#8221;border uk-button-radius&#8221; hover=&#8221;light-hover&#8221; icon_class=&#8221;ion-ios-arrow-thin-right&#8221; margin=&#8221;0,0,0,0&#8243; animate_icon=&#8221;true&#8221;]R\u00e9f\u00e9rences Particularit\u00e9s[\/tw_button]<\/p>\n<p>[\/tw_text][\/vc_column][vc_column width=&#8221;1\/4&#8243;][tw_text]<\/p>\n<p style=\"text-align: right;\">[tw_button link=&#8221;https:\/\/info-prema.uqo.ca\/?page_id=10634&#8243;\u00a0 size=&#8221;small&#8221; style=&#8221;border uk-button-radius&#8221; hover=&#8221;light-hover&#8221; icon_class=&#8221;ion-ios-arrow-thin-right&#8221; margin=&#8221;0,0,0,0&#8243; animate_icon=&#8221;true&#8221;]R\u00e9f\u00e9rences N\u00e9onatologie[\/tw_button]<\/p>\n<p>[\/tw_text][\/vc_column][\/vc_row]<\/p>\n<\/div>","protected":false},"excerpt":{"rendered":"<p>[vc_row tw_dimension_type=&#8221;custom-min-height&#8221; tw_dimension_height=&#8221;300&#8243; size=&#8221;uk-section-normal&#8221; uk_light=&#8221;true&#8221; tablet=&#8221;true&#8221; mobile=&#8221;true&#8221; overlay=&#8221;0.3&#8243; css=&#8221;.vc_custom_1616801505319{margin-bottom: 55px !important;background: #0a0a0a url(https:\/\/info-prema.uqo.ca\/wp-content\/uploads\/2021\/03\/references2-e1616192338464.jpg?id=10987) !important;background-position: center !important;background-repeat: no-repeat !important;background-size: cover !important;}&#8221;][vc_column][tw_heading heading_tag=&#8221;h2&#8243; title_animate=&#8221;&#8221; title=&#8221;R\u00e9f\u00e9rences scientifiques&#8221; subtitle=&#8221;R\u00f4le parental&#8221; max_width=&#8221;title_full&#8221; css=&#8221;.vc_custom_1616801442526{padding-top: 15px !important;}&#8221;][\/tw_heading][\/vc_column][\/vc_row][vc_row tw_dimension_type=&#8221;custom-min-height&#8221; tw_dimension_height=&#8221;200&#8243; size=&#8221;uk-section-normal&#8221; uk_light=&#8221;true&#8221; large_screens=&#8221;true&#8221; desktop=&#8221;true&#8221; overlay=&#8221;0.3&#8243; css=&#8221;.vc_custom_1616801557542{margin-bottom: 25px !important;background: #0a0a0a url(https:\/\/info-prema.uqo.ca\/wp-content\/uploads\/2021\/03\/references2-e1616192338464.jpg?id=10987) !important;background-position: center !important;background-repeat: no-repeat !important;background-size: cover !important;}&#8221;][vc_column][tw_heading heading_tag=&#8221;h2&#8243; title_animate=&#8221;&#8221; title=&#8221;R\u00e9f\u00e9rences scientifiques&#8221; subtitle=&#8221;R\u00f4le parental&#8221; [&hellip;]<\/p>\n","protected":false},"author":1,"featured_media":0,"parent":0,"menu_order":0,"comment_status":"closed","ping_status":"closed","template":"","meta":{"footnotes":""},"class_list":["post-10323","page","type-page","status-publish","hentry"],"_links":{"self":[{"href":"https:\/\/info-prema.uqo.ca\/index.php?rest_route=\/wp\/v2\/pages\/10323","targetHints":{"allow":["GET"]}}],"collection":[{"href":"https:\/\/info-prema.uqo.ca\/index.php?rest_route=\/wp\/v2\/pages"}],"about":[{"href":"https:\/\/info-prema.uqo.ca\/index.php?rest_route=\/wp\/v2\/types\/page"}],"author":[{"embeddable":true,"href":"https:\/\/info-prema.uqo.ca\/index.php?rest_route=\/wp\/v2\/users\/1"}],"replies":[{"embeddable":true,"href":"https:\/\/info-prema.uqo.ca\/index.php?rest_route=%2Fwp%2Fv2%2Fcomments&post=10323"}],"version-history":[{"count":19,"href":"https:\/\/info-prema.uqo.ca\/index.php?rest_route=\/wp\/v2\/pages\/10323\/revisions"}],"predecessor-version":[{"id":11423,"href":"https:\/\/info-prema.uqo.ca\/index.php?rest_route=\/wp\/v2\/pages\/10323\/revisions\/11423"}],"wp:attachment":[{"href":"https:\/\/info-prema.uqo.ca\/index.php?rest_route=%2Fwp%2Fv2%2Fmedia&parent=10323"}],"curies":[{"name":"wp","href":"https:\/\/api.w.org\/{rel}","templated":true}]}}