{"id":10441,"date":"2021-03-03T00:19:13","date_gmt":"2021-03-03T05:19:13","guid":{"rendered":"https:\/\/info-prema.uqo.ca\/?page_id=10441"},"modified":"2021-03-26T19:24:24","modified_gmt":"2021-03-27T00:24:24","slug":"24-28-semaines-2","status":"publish","type":"page","link":"https:\/\/info-prema.uqo.ca\/?page_id=10441","title":{"rendered":"N\u00e9s entre 28 et 32 semaines"},"content":{"rendered":"<div class=\"wpb-content-wrapper\"><p>[vc_row tw_dimension_type=&#8221;custom-min-height&#8221; tw_dimension_height=&#8221;300&#8243; size=&#8221;uk-section-normal&#8221; uk_light=&#8221;true&#8221; tablet=&#8221;true&#8221; mobile=&#8221;true&#8221; overlay=&#8221;0.3&#8243; css=&#8221;.vc_custom_1616803145217{margin-bottom: 55px !important;background: #0a0a0a url(https:\/\/info-prema.uqo.ca\/wp-content\/uploads\/2021\/03\/nes_28_32-1.jpg?id=11183) !important;background-position: center !important;background-repeat: no-repeat !important;background-size: cover !important;}&#8221;][vc_column][tw_heading heading_tag=&#8221;h2&#8243; title_animate=&#8221;&#8221; title=&#8221;N\u00e9s entre 28 et 32 semaines&#8221; subtitle=&#8221;&#8221; max_width=&#8221;title_full&#8221; css=&#8221;.vc_custom_1616803165042{padding-top: 30px !important;}&#8221;][\/tw_heading][\/vc_column][\/vc_row][vc_row tw_dimension_type=&#8221;custom-min-height&#8221; tw_dimension_height=&#8221;200&#8243; size=&#8221;uk-section-normal&#8221; uk_light=&#8221;true&#8221; large_screens=&#8221;true&#8221; desktop=&#8221;true&#8221; overlay=&#8221;0.3&#8243; css=&#8221;.vc_custom_1616803295189{margin-bottom: 45px !important;background: #0a0a0a url(https:\/\/info-prema.uqo.ca\/wp-content\/uploads\/2021\/03\/nes_28_32-1.jpg?id=11183) !important;background-position: center !important;background-repeat: no-repeat !important;background-size: cover !important;}&#8221;][vc_column][tw_heading heading_tag=&#8221;h2&#8243; title_animate=&#8221;&#8221; title=&#8221;N\u00e9s entre 28 et 32 semaines&#8221; subtitle=&#8221;&#8221; max_width=&#8221;title_full&#8221; css=&#8221;.vc_custom_1616803165042{padding-top: 30px !important;}&#8221;][\/tw_heading][\/vc_column][\/vc_row][vc_row size=&#8221;uk-padding-remove-vertical&#8221;][vc_column][tw_heading title_animate=&#8221;&#8221; title=&#8221;D\u00e9veloppement des poumons&#8221; subtitle=&#8221;N\u00e9s entre 28 et 32 semaines&#8221; title_align=&#8221;uk-text-left&#8221; max_width=&#8221;title_full&#8221;][\/tw_heading][\/vc_column][\/vc_row][vc_row size=&#8221;uk-padding-remove-vertical&#8221; css=&#8221;.vc_custom_1614743650984{padding-bottom: 75px !important;}&#8221;][vc_column][tw_text]Le d\u00e9veloppement des poumons se poursuit jusqu\u2019\u00e0 la 40<sup>e<\/sup> semaine de grossesse. La p\u00e9riode de formation du surfactant (liquide \u00e9pais) est en cours dans les alv\u00e9oles qui sont les petits sacs dans lesquels les \u00e9changes gazeux se font pour permettre l\u2019oxyg\u00e9nation du sang. La quantit\u00e9 totale requise de ce liquide \u00e9pais dans les poumons sera seulement pr\u00e9sente vers 38 \u00e0 40 semaines de grossesse. Le b\u00e9b\u00e9 de 28 \u00e0 38 semaines a aussi un d\u00e9veloppement des poumons qui n\u2019est pas tout \u00e0 fait termin\u00e9 et il peut avoir besoin d\u2019un support respiratoire.[\/tw_text][\/vc_column][\/vc_row][vc_row size=&#8221;uk-section-xsmall&#8221;][vc_column][tw_heading title_animate=&#8221;&#8221; title=&#8221;D\u00e9veloppement du syst\u00e8me nerveux&#8221; subtitle=&#8221;N\u00e9s entre 28 et 32 semaines&#8221; title_align=&#8221;uk-text-left&#8221; max_width=&#8221;title_full&#8221;]\u00c0 cette p\u00e9riode, le cerveau et le syst\u00e8me nerveux se d\u00e9veloppent rapidement, puisqu\u2019ils sont immatures. \u00c0 cause de cette immaturit\u00e9, le pr\u00e9matur\u00e9 de moins de 32 semaines de grossesse a de la difficult\u00e9 \u00e0 maintenir un \u00e9quilibre pour ses signes vitaux (respirations, pouls et autres) et il peut faire des bradycardies (diminution du pouls) et des apn\u00e9es (arr\u00eat respiratoire pendant quelques secondes).[\/tw_heading][\/vc_column][\/vc_row][vc_row size=&#8221;uk-padding-remove-vertical&#8221; css=&#8221;.vc_custom_1616803250934{margin-bottom: 45px !important;}&#8221;][vc_column width=&#8221;1\/2&#8243;][tw_iconbox icon=&#8221;ionicons&#8221; ionicons=&#8221;ion-eye&#8221; title=&#8221;La vue et l&#8217;oeil&#8221;]Vers la 28e semaine de grossesse, les structures de l\u2019\u0153il telles que la r\u00e9tine se d\u00e9veloppent. Le r\u00e9flexe pupillaire (diminution de la pupille lorsque la lumi\u00e8re est en contact avec les yeux) se fait vers la 30e semaine de la grossesse ce qui permet \u00e0 l\u2019\u0153il de r\u00e9agir lentement \u00e0 la lumi\u00e8re. En plus de l\u2019apparition de ce r\u00e9flexe, l\u2019\u00e9paississement des paupi\u00e8res du pr\u00e9matur\u00e9 de 32 semaines de grossesse et plus lui permet de limiter la quantit\u00e9 de lumi\u00e8re qui atteint directement ses yeux. Il peut \u00e9galement regarder un \u00e9l\u00e9ment de l\u2019environnement imm\u00e9diat (dans son incubateur ou son lit) sous un \u00e9clairage faible.<\/p>\n<p>Donc, il faut faire attention \u00e0 la quantit\u00e9 de lumi\u00e8re \u00e0 laquelle votre b\u00e9b\u00e9 de 28 et 32 semaines de grossesse est expos\u00e9 puisque ses paupi\u00e8res sont minces et que son \u0153il r\u00e9agit lentement \u00e0 la lumi\u00e8re.[\/tw_iconbox][tw_image image=&#8221;11185&#8243;][tw_iconbox icon=&#8221;fi_image&#8221; title=&#8221;Le go\u00fbt&#8221; fi_image=&#8221;10431&#8243;]Le sens du go\u00fbt se d\u00e9veloppe entre la 17<sup>e<\/sup> et la 40<sup>e<\/sup> semaine de grossesse. Dans l\u2019ut\u00e9rus (ventre de la m\u00e8re), le f\u0153tus boit du liquide amniotique (liquide pr\u00e9sent dans le ventre de la m\u00e8re lors de la grossesse), ce qui stimule le d\u00e9veloppement de son sens du go\u00fbt. De plus, le liquide amniotique go\u00fbte presque comme le lait maternel. Ce fait explique pourquoi les b\u00e9b\u00e9s peuvent reconna\u00eetre l\u2019odeur et le go\u00fbt du lait maternel de leur m\u00e8re.<\/p>\n<p>Entre 28 et 32 semaines de grossesse, votre b\u00e9b\u00e9 d\u00e9veloppe encore son sens du go\u00fbt et il est expos\u00e9 \u00e0 des go\u00fbts parfois non agr\u00e9ables en n\u00e9onatologie (m\u00e9dicaments, \u00e9quipement m\u00e9dical et autres). Il est donc important de s\u2019assurer que votre b\u00e9b\u00e9 est expos\u00e9 \u00e0 des go\u00fbts agr\u00e9ables, tel que le lait maternel pour lui fournir une stimulation positive. Aussi, le fait que le b\u00e9b\u00e9 boit du liquide amniotique lors de la derni\u00e8re \u00e9tape de la grossesse l\u2019aide \u00e0 d\u00e9velopper son r\u00e9flexe de succion (t\u00e9ter) et de d\u00e9glutition (avaler).<\/p>\n<p>Pour les pr\u00e9matur\u00e9s de moins de 32 semaines de grossesse, cette p\u00e9riode de d\u00e9glutition du liquide amniotique est plus courte et leur r\u00e9flexe de succion n\u2019est pas bien d\u00e9velopp\u00e9. La capacit\u00e9 de g\u00e9rer la succion (t\u00e9ter), la d\u00e9glutition (avaler) et la respiration qui est requise pour boire au sein ou au biberon. Cette capacit\u00e9 peut d\u00e9buter vers la 32<sup>e<\/sup> semaine de grossesse ou avant. Selon son \u00e9tat clinique et ses capacit\u00e9s, votre b\u00e9b\u00e9 pourra d\u00e9buter \u00e0 se nourrir au sein ou au biberon d\u00e8s qu\u2019il aura d\u00e9velopp\u00e9 cette capacit\u00e9 de g\u00e9rer efficacement son r\u00e9flexe de succion, de d\u00e9glutition et sa respiration.[\/tw_iconbox][\/vc_column][vc_column width=&#8221;1\/2&#8243;][tw_iconbox icon=&#8221;fontawesome&#8221; fontawesome=&#8221;fas fa-assistive-listening-systems&#8221; title=&#8221;L&#8217;ou\u00efe et l&#8217;oreille&#8221;]L\u2019audition de votre b\u00e9b\u00e9 de 28 \u00e0 32 semaines de grossesse est en d\u00e9veloppement. Les parties internes qui lui permettent d\u2019analyser les sons se d\u00e9veloppent. Lorsqu\u2019il est expos\u00e9 \u00e0 des sons forts, il se fatigue rapidement et il peut d\u00e9montrer des signes de stress comme des mouvements des bras ou des jambes, un changement de son pouls ou de sa respiration ou autre. Il est important de diminuer le plus possible les sons autour de lui.[\/tw_iconbox][tw_iconbox icon=&#8221;ionicons&#8221; ionicons=&#8221;ion-android-hand&#8221; title=&#8221;Le toucher&#8221;]D\u00e8s la 20<sup>e<\/sup> semaine de grossesse, le f\u0153tus a les structures de la peau n\u00e9cessaires pour toucher et ressentir la douleur et la temp\u00e9rature. Il est important de le manipuler doucement pour \u00e9viter les blessures ou un toucher non agr\u00e9able pour lui. Aussi, il ne faut pas manipuler votre b\u00e9b\u00e9 trop souvent puisque ceci peut augmenter son stress et il peut faire des grimaces, des mouvements des mains \u00e0 la bouche, des mains en \u00e9ventail, et des mouvements du corps comme se remuer. Un toucher r\u00e9confortant pour votre b\u00e9b\u00e9 est de d\u00e9poser vos mains en regroupant ses membres en position f\u0153tale ou d\u2019\u00eatre plac\u00e9 sur vous lors d\u2019une s\u00e9ance de m\u00e9thode kangourou.[\/tw_iconbox][tw_iconbox icon=&#8221;fi_image&#8221; title=&#8221;L&#8217;odorat et le nez&#8221; fi_image=&#8221;10442&#8243;]D\u00e8s la 24<sup>e<\/sup> semaine de grossesse, le pr\u00e9matur\u00e9 a la capacit\u00e9 de sentir une odeur. Si l\u2019odeur est d\u00e9sagr\u00e9able, le b\u00e9b\u00e9 va r\u00e9agir en grima\u00e7ant ou en bougeant sa t\u00eate. \u00c0 l\u2019inverse, si l\u2019odeur est agr\u00e9able, comme l\u2019odeur du lait maternel, le b\u00e9b\u00e9 va r\u00e9agir positivement en t\u00e9tant ou en apportant ses mains \u00e0 sa bouche. Le lait maternel est une odeur r\u00e9confortante pour votre b\u00e9b\u00e9 puisqu\u2019elle se rapproche de celle du liquide amniotique (liquide pr\u00e9sent dans le ventre de la m\u00e8re lors de la grossesse) qui est une odeur famili\u00e8re pour lui puisqu\u2019il a pass\u00e9 plusieurs semaines \u00e0 baigner dans ce liquide. L\u2019odeur de la m\u00e8re lors des s\u00e9ances de m\u00e9thode kangourou ou lorsqu\u2019un bout de tissu impr\u00e9gn\u00e9 de lait maternel est d\u00e9pos\u00e9 pr\u00e8s de lui est tr\u00e8s b\u00e9n\u00e9fique pour votre b\u00e9b\u00e9.[\/tw_iconbox][tw_image image=&#8221;11184&#8243;][\/vc_column][\/vc_row][vc_row size=&#8221;uk-section-xsmall&#8221; css=&#8221;.vc_custom_1616803223325{padding-bottom: 75px !important;}&#8221;][vc_column][tw_heading title_animate=&#8221;&#8221; title=&#8221;D\u00e9veloppement des muscles&#8221; subtitle=&#8221;N\u00e9s entre 28 et 32 semaines&#8221; title_align=&#8221;uk-text-left&#8221; max_width=&#8221;title_full&#8221;][\/tw_heading][tw_text]Pendant cette p\u00e9riode, le b\u00e9b\u00e9 pr\u00e9matur\u00e9 a une masse musculaire, des tendons et un tonus immatures. Il n\u2019est pas capable de d\u00e9fier la gravit\u00e9 pour se placer en position f\u0153tale (petite boule). Il adopte donc une position d\u2019extension de tous ses membres et a besoin de couvertures et de petits rouleaux ou coussins pour se positionner en position f\u0153tale.<\/p>\n<p>&nbsp;<\/p>\n<p style=\"text-align: right;\">[tw_button link=&#8221;https:\/\/info-prema.uqo.ca\/?page_id=2334&#8243;\u00a0 size=&#8221;small&#8221; style=&#8221;border uk-button-radius&#8221; hover=&#8221;dark-hover&#8221; icon_class=&#8221;ion-ios-arrow-thin-right&#8221; margin=&#8221;0,0,0,0&#8243; animate_icon=&#8221;true&#8221;]Interpr\u00e9taton du comportement[\/tw_button]<\/p>\n<p>[\/tw_text][\/vc_column][\/vc_row]<\/p>\n<\/div>","protected":false},"excerpt":{"rendered":"<p>[vc_row tw_dimension_type=&#8221;custom-min-height&#8221; tw_dimension_height=&#8221;300&#8243; size=&#8221;uk-section-normal&#8221; uk_light=&#8221;true&#8221; tablet=&#8221;true&#8221; mobile=&#8221;true&#8221; overlay=&#8221;0.3&#8243; css=&#8221;.vc_custom_1616803145217{margin-bottom: 55px !important;background: #0a0a0a url(https:\/\/info-prema.uqo.ca\/wp-content\/uploads\/2021\/03\/nes_28_32-1.jpg?id=11183) !important;background-position: center !important;background-repeat: no-repeat !important;background-size: cover !important;}&#8221;][vc_column][tw_heading heading_tag=&#8221;h2&#8243; title_animate=&#8221;&#8221; title=&#8221;N\u00e9s entre 28 et 32 semaines&#8221; subtitle=&#8221;&#8221; max_width=&#8221;title_full&#8221; css=&#8221;.vc_custom_1616803165042{padding-top: 30px !important;}&#8221;][\/tw_heading][\/vc_column][\/vc_row][vc_row tw_dimension_type=&#8221;custom-min-height&#8221; tw_dimension_height=&#8221;200&#8243; size=&#8221;uk-section-normal&#8221; uk_light=&#8221;true&#8221; large_screens=&#8221;true&#8221; desktop=&#8221;true&#8221; overlay=&#8221;0.3&#8243; css=&#8221;.vc_custom_1616803295189{margin-bottom: 45px !important;background: #0a0a0a url(https:\/\/info-prema.uqo.ca\/wp-content\/uploads\/2021\/03\/nes_28_32-1.jpg?id=11183) !important;background-position: center !important;background-repeat: no-repeat !important;background-size: cover !important;}&#8221;][vc_column][tw_heading heading_tag=&#8221;h2&#8243; title_animate=&#8221;&#8221; title=&#8221;N\u00e9s [&hellip;]<\/p>\n","protected":false},"author":1,"featured_media":0,"parent":0,"menu_order":0,"comment_status":"closed","ping_status":"closed","template":"","meta":{"footnotes":""},"class_list":["post-10441","page","type-page","status-publish","hentry"],"_links":{"self":[{"href":"https:\/\/info-prema.uqo.ca\/index.php?rest_route=\/wp\/v2\/pages\/10441","targetHints":{"allow":["GET"]}}],"collection":[{"href":"https:\/\/info-prema.uqo.ca\/index.php?rest_route=\/wp\/v2\/pages"}],"about":[{"href":"https:\/\/info-prema.uqo.ca\/index.php?rest_route=\/wp\/v2\/types\/page"}],"author":[{"embeddable":true,"href":"https:\/\/info-prema.uqo.ca\/index.php?rest_route=\/wp\/v2\/users\/1"}],"replies":[{"embeddable":true,"href":"https:\/\/info-prema.uqo.ca\/index.php?rest_route=%2Fwp%2Fv2%2Fcomments&post=10441"}],"version-history":[{"count":20,"href":"https:\/\/info-prema.uqo.ca\/index.php?rest_route=\/wp\/v2\/pages\/10441\/revisions"}],"predecessor-version":[{"id":11467,"href":"https:\/\/info-prema.uqo.ca\/index.php?rest_route=\/wp\/v2\/pages\/10441\/revisions\/11467"}],"wp:attachment":[{"href":"https:\/\/info-prema.uqo.ca\/index.php?rest_route=%2Fwp%2Fv2%2Fmedia&parent=10441"}],"curies":[{"name":"wp","href":"https:\/\/api.w.org\/{rel}","templated":true}]}}