{"id":10515,"date":"2021-03-05T23:41:35","date_gmt":"2021-03-06T04:41:35","guid":{"rendered":"https:\/\/info-prema.uqo.ca\/?page_id=10515"},"modified":"2022-10-07T10:06:56","modified_gmt":"2022-10-07T15:06:56","slug":"lallaitement-2-2-2-2-2","status":"publish","type":"page","link":"https:\/\/info-prema.uqo.ca\/?page_id=10515","title":{"rendered":"Complications"},"content":{"rendered":"<div class=\"wpb-content-wrapper\"><p>[vc_row tw_dimension_type=&#8221;custom-min-height&#8221; tw_dimension_height=&#8221;300&#8243; size=&#8221;uk-section-normal&#8221; uk_light=&#8221;true&#8221; tablet=&#8221;true&#8221; mobile=&#8221;true&#8221; overlay=&#8221;0.3&#8243; css=&#8221;.vc_custom_1616803900569{margin-bottom: 55px !important;background: #0a0a0a url(https:\/\/info-prema.uqo.ca\/wp-content\/uploads\/2021\/03\/complications-2.jpg?id=11189) !important;background-position: center !important;background-repeat: no-repeat !important;background-size: cover !important;}&#8221;][vc_column][tw_heading heading_tag=&#8221;h2&#8243; title_animate=&#8221;&#8221; title=&#8221;Complications&#8221; subtitle=&#8221;&#8221; max_width=&#8221;title_large&#8221; css=&#8221;.vc_custom_1616803932653{padding-top: 30px !important;background-position: center !important;background-repeat: no-repeat !important;background-size: cover !important;}&#8221;][\/tw_heading][\/vc_column][\/vc_row][vc_row tw_dimension_type=&#8221;custom-min-height&#8221; tw_dimension_height=&#8221;200&#8243; size=&#8221;uk-section-normal&#8221; uk_light=&#8221;true&#8221; large_screens=&#8221;true&#8221; desktop=&#8221;true&#8221; overlay=&#8221;0.3&#8243; css=&#8221;.vc_custom_1616803953012{margin-bottom: 45px !important;background: #0a0a0a url(https:\/\/info-prema.uqo.ca\/wp-content\/uploads\/2021\/03\/complications-2.jpg?id=11189) !important;background-position: center !important;background-repeat: no-repeat !important;background-size: cover !important;}&#8221;][vc_column][tw_heading heading_tag=&#8221;h2&#8243; title_animate=&#8221;&#8221; title=&#8221;Complications&#8221; subtitle=&#8221;&#8221; max_width=&#8221;title_large&#8221; css=&#8221;.vc_custom_1616804064537{padding-top: 30px !important;background-position: center !important;background-repeat: no-repeat !important;background-size: cover !important;}&#8221;][\/tw_heading][\/vc_column][\/vc_row][vc_row size=&#8221;uk-padding-remove-vertical&#8221;][vc_column][tw_heading title_animate=&#8221;&#8221; title=&#8221;Complications possibles de la pr\u00e9maturit\u00e9&#8221; subtitle=&#8221;&#8221; title_align=&#8221;uk-text-left&#8221; max_width=&#8221;title_full&#8221; css=&#8221;.vc_custom_1615003660947{padding-bottom: 55px !important;}&#8221;]\u00catre parent d\u2019un b\u00e9b\u00e9 pr\u00e9matur\u00e9 vient avec beaucoup d\u2019incertitudes et de doutes concernant les complications possibles \u00e0 court et long terme. Les complications \u00e0 court terme sont celles qui surviennent durant l\u2019hospitalisation et cessent avant le cong\u00e9. Les complications \u00e0 court terme augmentent le risque de complications \u00e0 long terme. Les complications \u00e0 long terme surviennent apr\u00e8s le cong\u00e9 de la n\u00e9onatalogie.<\/p>\n<p>Voici les principales complications \u00e0 court et long terme qui peuvent survenir pour votre b\u00e9b\u00e9 pr\u00e9matur\u00e9, selon son \u00e2ge gestationnel \u00e0 la naissance. Des statistiques g\u00e9n\u00e9rales sur la pr\u00e9maturit\u00e9 sont tout d\u2019abord pr\u00e9sent\u00e9es.[\/tw_heading][\/vc_column][\/vc_row][vc_row tw_dimension_type=&#8221;custom-min-height&#8221; tw_dimension_height=&#8221;300&#8243; content_width=&#8221;uk-container-small&#8221; size=&#8221;uk-padding-remove-vertical&#8221; gutter=&#8221;uk-grid-collapse&#8221; css=&#8221;.vc_custom_1616804196592{padding-top: 50px !important;background-position: center !important;background-repeat: no-repeat !important;background-size: contain !important;}&#8221;][vc_column custom_class=&#8221;uk-light uk-padding-xlarge&#8221; uk_light=&#8221;true&#8221; overlay=&#8221;0.3&#8243; css=&#8221;.vc_custom_1665155212108{background: #0a0a0a url(https:\/\/info-prema.uqo.ca\/wp-content\/uploads\/2022\/10\/statistiques.jpg?id=11678) !important;background-position: center !important;background-repeat: no-repeat !important;background-size: cover !important;}&#8221;][tw_heading title_animate=&#8221;&#8221; title=&#8221;Statistiques g\u00e9n\u00e9rales&#8221; subtitle=&#8221;&#8221; title_align=&#8221;uk-text-left&#8221; max_width=&#8221;title_full&#8221; css=&#8221;.vc_custom_1615006752851{background-position: center !important;background-repeat: no-repeat !important;background-size: contain !important;}&#8221;]<\/p>\n<p style=\"text-align: left;\">[tw_button link=&#8221;https:\/\/info-prema.uqo.ca\/?page_id=10524&#8243;\u00a0 size=&#8221;small&#8221; style=&#8221;border uk-button-radius&#8221; hover=&#8221;light-hover&#8221; icon_class=&#8221;ion-ios-arrow-thin-right&#8221; margin=&#8221;0,0,0,0&#8243; animate_icon=&#8221;true&#8221;]En savoir plus[\/tw_button]<\/p>\n<p>[\/tw_heading][\/vc_column][\/vc_row][vc_row tw_dimension_type=&#8221;custom-min-height&#8221; tw_dimension_height=&#8221;300&#8243; content_width=&#8221;uk-container-small&#8221; size=&#8221;uk-padding-remove-vertical&#8221; gutter=&#8221;uk-grid-collapse&#8221; css=&#8221;.vc_custom_1616804215549{background-position: center !important;background-repeat: no-repeat !important;background-size: contain !important;}&#8221;][vc_column width=&#8221;1\/2&#8243; custom_class=&#8221;uk-light uk-padding-xlarge&#8221; uk_light=&#8221;true&#8221; overlay=&#8221;0.3&#8243; css=&#8221;.vc_custom_1616205286561{background: #0a0a0a url(https:\/\/info-prema.uqo.ca\/wp-content\/uploads\/2018\/09\/pied-bebe.jpg?id=9068) !important;background-position: center !important;background-repeat: no-repeat !important;background-size: cover !important;}&#8221;][tw_heading title_animate=&#8221;&#8221; title=&#8221;Moins de 28 semaines&#8221; subtitle=&#8221;&#8221; title_align=&#8221;uk-text-left&#8221; max_width=&#8221;title_full&#8221; css=&#8221;.vc_custom_1615072419177{background-position: center !important;background-repeat: no-repeat !important;background-size: contain !important;}&#8221;]<\/p>\n<p style=\"text-align: left;\">[tw_button link=&#8221;https:\/\/info-prema.uqo.ca\/?page_id=10539&#8243;\u00a0 size=&#8221;small&#8221; style=&#8221;border uk-button-radius&#8221; hover=&#8221;light-hover&#8221; icon_class=&#8221;ion-ios-arrow-thin-right&#8221; margin=&#8221;0,0,0,0&#8243; animate_icon=&#8221;true&#8221;]En savoir plus[\/tw_button]<\/p>\n<p>[\/tw_heading][\/vc_column][vc_column width=&#8221;1\/2&#8243; custom_class=&#8221;uk-light uk-padding-xlarge&#8221; uk_light=&#8221;true&#8221; css=&#8221;.vc_custom_1613872300863{background-color: #1e73be !important;background-position: center !important;background-repeat: no-repeat !important;background-size: cover !important;}&#8221;][tw_heading title_animate=&#8221;&#8221; title=&#8221;N\u00e9s entre 30 et 34 semaines&#8221; subtitle=&#8221;&#8221; title_align=&#8221;uk-text-left&#8221;]<\/p>\n<p style=\"text-align: left;\">[tw_button link=&#8221;https:\/\/info-prema.uqo.ca\/?page_id=10591&#8243;\u00a0 size=&#8221;small&#8221; style=&#8221;border uk-button-radius&#8221; hover=&#8221;light-hover&#8221; icon_class=&#8221;ion-ios-arrow-thin-right&#8221; margin=&#8221;0,0,0,0&#8243; animate_icon=&#8221;true&#8221;]En savoir plus[\/tw_button]<\/p>\n<p>[\/tw_heading][\/vc_column][\/vc_row][vc_row tw_dimension_type=&#8221;custom-min-height&#8221; tw_dimension_height=&#8221;260&#8243; content_width=&#8221;uk-container-small&#8221; size=&#8221;uk-padding-remove-vertical&#8221; gutter=&#8221;uk-grid-collapse&#8221; css=&#8221;.vc_custom_1616804225919{background-position: center !important;background-repeat: no-repeat !important;background-size: contain !important;}&#8221;][vc_column width=&#8221;1\/2&#8243; custom_class=&#8221;uk-light uk-padding-xlarge&#8221; uk_light=&#8221;true&#8221; css=&#8221;.vc_custom_1613875410676{background-color: #b5b5b5 !important;background-position: center !important;background-repeat: no-repeat !important;background-size: cover !important;}&#8221;][tw_heading title_animate=&#8221;&#8221; title=&#8221;Poids de naissance de moins de 1000g&#8221; subtitle=&#8221;&#8221; title_align=&#8221;uk-text-left&#8221; uk_light=&#8221;true&#8221; css=&#8221;.vc_custom_1615072509426{background-position: center !important;background-repeat: no-repeat !important;background-size: contain !important;}&#8221;]<\/p>\n<p style=\"text-align: left;\">[tw_button link=&#8221;https:\/\/info-prema.uqo.ca\/?page_id=10580&#8243;\u00a0 size=&#8221;small&#8221; style=&#8221;border uk-button-radius&#8221; hover=&#8221;light-hover&#8221; icon_class=&#8221;ion-ios-arrow-thin-right&#8221; margin=&#8221;0,0,0,0&#8243; animate_icon=&#8221;true&#8221;]En savoir plus[\/tw_button]<\/p>\n<p>[\/tw_heading][\/vc_column][vc_column width=&#8221;1\/2&#8243; custom_class=&#8221;uk-light uk-padding-xlarge&#8221; uk_light=&#8221;true&#8221; overlay=&#8221;0.3&#8243; css=&#8221;.vc_custom_1616205262251{background: #0a0a0a url(https:\/\/info-prema.uqo.ca\/wp-content\/uploads\/2018\/09\/baby-2553563_1280.jpg?id=9065) !important;background-position: center !important;background-repeat: no-repeat !important;background-size: cover !important;}&#8221;][tw_heading title_animate=&#8221;&#8221; title=&#8221;Poids de naissance de moins de 1500g&#8221; subtitle=&#8221;&#8221; title_align=&#8221;uk-text-left&#8221;]<\/p>\n<p style=\"text-align: left;\">[tw_button link=&#8221;https:\/\/info-prema.uqo.ca\/?page_id=10555&#8243;\u00a0 size=&#8221;small&#8221; style=&#8221;border uk-button-radius&#8221; hover=&#8221;light-hover&#8221; icon_class=&#8221;ion-ios-arrow-thin-right&#8221; margin=&#8221;0,0,0,0&#8243; animate_icon=&#8221;true&#8221;]En savoir plus[\/tw_button]<\/p>\n<p>[\/tw_heading][\/vc_column][\/vc_row][vc_row][vc_column][\/vc_column][\/vc_row]<\/p>\n<\/div>","protected":false},"excerpt":{"rendered":"<p>[vc_row tw_dimension_type=&#8221;custom-min-height&#8221; tw_dimension_height=&#8221;300&#8243; size=&#8221;uk-section-normal&#8221; uk_light=&#8221;true&#8221; tablet=&#8221;true&#8221; mobile=&#8221;true&#8221; overlay=&#8221;0.3&#8243; css=&#8221;.vc_custom_1616803900569{margin-bottom: 55px !important;background: #0a0a0a url(https:\/\/info-prema.uqo.ca\/wp-content\/uploads\/2021\/03\/complications-2.jpg?id=11189) !important;background-position: center !important;background-repeat: no-repeat !important;background-size: cover !important;}&#8221;][vc_column][tw_heading heading_tag=&#8221;h2&#8243; title_animate=&#8221;&#8221; title=&#8221;Complications&#8221; subtitle=&#8221;&#8221; max_width=&#8221;title_large&#8221; css=&#8221;.vc_custom_1616803932653{padding-top: 30px !important;background-position: center !important;background-repeat: no-repeat !important;background-size: cover !important;}&#8221;][\/tw_heading][\/vc_column][\/vc_row][vc_row tw_dimension_type=&#8221;custom-min-height&#8221; tw_dimension_height=&#8221;200&#8243; size=&#8221;uk-section-normal&#8221; uk_light=&#8221;true&#8221; large_screens=&#8221;true&#8221; desktop=&#8221;true&#8221; overlay=&#8221;0.3&#8243; css=&#8221;.vc_custom_1616803953012{margin-bottom: 45px !important;background: #0a0a0a url(https:\/\/info-prema.uqo.ca\/wp-content\/uploads\/2021\/03\/complications-2.jpg?id=11189) !important;background-position: center !important;background-repeat: no-repeat !important;background-size: cover !important;}&#8221;][vc_column][tw_heading heading_tag=&#8221;h2&#8243; title_animate=&#8221;&#8221; [&hellip;]<\/p>\n","protected":false},"author":1,"featured_media":0,"parent":0,"menu_order":0,"comment_status":"closed","ping_status":"closed","template":"","meta":{"footnotes":""},"class_list":["post-10515","page","type-page","status-publish","hentry"],"_links":{"self":[{"href":"https:\/\/info-prema.uqo.ca\/index.php?rest_route=\/wp\/v2\/pages\/10515","targetHints":{"allow":["GET"]}}],"collection":[{"href":"https:\/\/info-prema.uqo.ca\/index.php?rest_route=\/wp\/v2\/pages"}],"about":[{"href":"https:\/\/info-prema.uqo.ca\/index.php?rest_route=\/wp\/v2\/types\/page"}],"author":[{"embeddable":true,"href":"https:\/\/info-prema.uqo.ca\/index.php?rest_route=\/wp\/v2\/users\/1"}],"replies":[{"embeddable":true,"href":"https:\/\/info-prema.uqo.ca\/index.php?rest_route=%2Fwp%2Fv2%2Fcomments&post=10515"}],"version-history":[{"count":33,"href":"https:\/\/info-prema.uqo.ca\/index.php?rest_route=\/wp\/v2\/pages\/10515\/revisions"}],"predecessor-version":[{"id":11679,"href":"https:\/\/info-prema.uqo.ca\/index.php?rest_route=\/wp\/v2\/pages\/10515\/revisions\/11679"}],"wp:attachment":[{"href":"https:\/\/info-prema.uqo.ca\/index.php?rest_route=%2Fwp%2Fv2%2Fmedia&parent=10515"}],"curies":[{"name":"wp","href":"https:\/\/api.w.org\/{rel}","templated":true}]}}