{"id":10524,"date":"2021-03-05T23:56:36","date_gmt":"2021-03-06T04:56:36","guid":{"rendered":"https:\/\/info-prema.uqo.ca\/?page_id=10524"},"modified":"2022-10-07T10:07:55","modified_gmt":"2022-10-07T15:07:55","slug":"lallaitement-2-2-3-2","status":"publish","type":"page","link":"https:\/\/info-prema.uqo.ca\/?page_id=10524","title":{"rendered":"Statistiques g\u00e9n\u00e9rales sur la pr\u00e9maturit\u00e9"},"content":{"rendered":"<div class=\"wpb-content-wrapper\"><p>[vc_row tw_dimension_type=&#8221;custom-min-height&#8221; tw_dimension_height=&#8221;300&#8243; size=&#8221;uk-section-normal&#8221; uk_light=&#8221;true&#8221; tablet=&#8221;true&#8221; mobile=&#8221;true&#8221; overlay=&#8221;0.3&#8243; css=&#8221;.vc_custom_1665155255752{margin-bottom: 55px !important;background: #0a0a0a url(https:\/\/info-prema.uqo.ca\/wp-content\/uploads\/2022\/10\/statistiques.jpg?id=11678) !important;background-position: center !important;background-repeat: no-repeat !important;background-size: cover !important;}&#8221;][vc_column][tw_heading heading_tag=&#8221;h2&#8243; title_animate=&#8221;&#8221; title=&#8221;Statistiques g\u00e9n\u00e9rales&#8221; subtitle=&#8221;Complications possibles de la pr\u00e9maturit\u00e9&#8221; max_width=&#8221;title_large&#8221; css=&#8221;.vc_custom_1616806134949{padding-top: 15px !important;background-position: center !important;background-repeat: no-repeat !important;background-size: cover !important;}&#8221;][\/tw_heading][\/vc_column][\/vc_row][vc_row tw_dimension_type=&#8221;custom-min-height&#8221; tw_dimension_height=&#8221;200&#8243; size=&#8221;uk-section-normal&#8221; uk_light=&#8221;true&#8221; large_screens=&#8221;true&#8221; desktop=&#8221;true&#8221; overlay=&#8221;0.3&#8243; css=&#8221;.vc_custom_1665155272128{margin-bottom: 45px !important;background: #0a0a0a url(https:\/\/info-prema.uqo.ca\/wp-content\/uploads\/2022\/10\/statistiques.jpg?id=11678) !important;background-position: center !important;background-repeat: no-repeat !important;background-size: cover !important;}&#8221;][vc_column][tw_heading heading_tag=&#8221;h2&#8243; title_animate=&#8221;&#8221; title=&#8221;Statistiques g\u00e9n\u00e9rales&#8221; subtitle=&#8221;Complications possibles de la pr\u00e9maturit\u00e9&#8221; max_width=&#8221;title_large&#8221; css=&#8221;.vc_custom_1616806332217{padding-top: 15px !important;background-position: center !important;background-repeat: no-repeat !important;background-size: cover !important;}&#8221;][\/tw_heading][\/vc_column][\/vc_row][vc_row size=&#8221;uk-padding-remove-vertical&#8221; gutter=&#8221;uk-grid-collapse&#8221; css=&#8221;.vc_custom_1616806162566{padding-bottom: 75px !important;}&#8221;][vc_column width=&#8221;1\/4&#8243;][vc_wp_custommenu title=&#8221;Sections&#8221; nav_menu=&#8221;119&#8243;][vc_row_inner size=&#8221;uk-section-xsmall&#8221; equal_height=&#8221;&#8221;][vc_column_inner][\/vc_column_inner][\/vc_row_inner][\/vc_column][vc_column width=&#8221;3\/4&#8243;][tw_heading title_animate=&#8221;&#8221; title=&#8221;Statistiques g\u00e9n\u00e9rales sur la pr\u00e9maturit\u00e9&#8221; subtitle=&#8221;&#8221; title_align=&#8221;uk-text-left&#8221; max_width=&#8221;title_large&#8221;][\/tw_heading][tw_list list_style=&#8221;uk-list-icon&#8221; items=&#8221;Les enfants n\u00e9s pr\u00e9matur\u00e9ment ont deux fois plus de risques de d\u00e9velopper de l\u2019insuffisance r\u00e9nale chronique \u00e0 l\u2019\u00e2ge adulte,Les b\u00e9b\u00e9s ayant souffert de dysplasie broncho-pulmonaire sont plus \u00e0 risque de probl\u00e8mes respiratoires \u00e0 l\u2019enfance et \u00e0 l\u2019\u00e2ge adulte,Les b\u00e9b\u00e9s pr\u00e9matur\u00e9s sont plus \u00e0 risque de d\u00e9velopper des probl\u00e8mes neurologiques et de d\u00e9veloppement \u00e0 l\u2019\u00e2ge scolaire.,Les adultes qui sont n\u00e9s pr\u00e9matur\u00e9ment ont 1.5 fois plus de risque de d\u00e9velopper des maladies cardiovasculaires isch\u00e9miques (ex: angine crise cardiaque)&#8221; color=&#8221;#999999&#8243; icon=&#8221;entypo&#8221; entypo=&#8221;entypo-icon entypo-icon-heart-empty&#8221;][\/vc_column][\/vc_row][vc_row size=&#8221;uk-section-xsmall&#8221;][vc_column width=&#8221;1\/4&#8243;][\/vc_column][vc_column width=&#8221;1\/4&#8243;][tw_chart_circle pie_title=&#8221;&#8221; pie_percent=&#8221;70.9&#8243; pie_track_width=&#8221;4&#8243; pie_bar_color=&#8221;#1e73be&#8221;][tw_text]<\/p>\n<p style=\"text-align: center;\">Des b\u00e9b\u00e9s n\u00e9s \u00e0 moins de 33 semaines de gestation survivent sans complication majeure, au Canada.<\/p>\n<p>[\/tw_text][\/vc_column][vc_column width=&#8221;1\/4&#8243;][tw_chart_circle pie_title=&#8221;&#8221; pie_percent=&#8221;7.3&#8243; pie_track_width=&#8221;4&#8243; pie_bar_color=&#8221;#1e73be&#8221;][tw_text]<\/p>\n<p style=\"text-align: center;\">Des b\u00e9b\u00e9s qui sont n\u00e9s au Qu\u00e9bec en 2010 \u00e9taient des b\u00e9b\u00e9s pr\u00e9matur\u00e9s.<\/p>\n<p>[\/tw_text][\/vc_column][vc_column width=&#8221;1\/4&#8243;][tw_chart_circle pie_title=&#8221;&#8221; pie_percent=&#8221;7.8&#8243; pie_track_width=&#8221;4&#8243; pie_bar_color=&#8221;#1e73be&#8221;][tw_text]<\/p>\n<p style=\"text-align: center;\">Des b\u00e9b\u00e9s qui sont n\u00e9s au Canada en 2017 sont des b\u00e9b\u00e9s pr\u00e9matur\u00e9s.<\/p>\n<p>[\/tw_text][\/vc_column][\/vc_row][vc_row size=&#8221;uk-section-xsmall&#8221;][vc_column width=&#8221;1\/4&#8243;][\/vc_column][vc_column width=&#8221;1\/4&#8243;][tw_chart_circle pie_title=&#8221;&#8221; pie_percent=&#8221;70&#8243; pie_track_width=&#8221;4&#8243; pie_bar_color=&#8221;#1e73be&#8221;][tw_text]<\/p>\n<p style=\"text-align: center;\">Des naissances pr\u00e9matur\u00e9es sont de causes inconnues.<\/p>\n<p>[\/tw_text][\/vc_column][vc_column width=&#8221;1\/4&#8243;][tw_chart_circle pie_title=&#8221;&#8221; pie_percent=&#8221;54&#8243; pie_track_width=&#8221;4&#8243; pie_bar_color=&#8221;#1e73be&#8221;][tw_text]<\/p>\n<p style=\"text-align: center;\">Des adultes n\u00e9s pr\u00e9matur\u00e9ment ne pr\u00e9sentent pas de probl\u00e8me de sant\u00e9 significatif li\u00e9 \u00e0 la pr\u00e9maturit\u00e9.<\/p>\n<p>[\/tw_text][\/vc_column][vc_column width=&#8221;1\/4&#8243;][tw_chart_circle pie_title=&#8221;&#8221; pie_percent=&#8221;45&#8243; pie_track_width=&#8221;4&#8243; pie_bar_color=&#8221;#1e73be&#8221;][tw_text]<\/p>\n<p style=\"text-align: center;\">Des enfants atteints de paralysie c\u00e9r\u00e9brale sont n\u00e9s pr\u00e9matur\u00e9ment.<\/p>\n<p>[\/tw_text][\/vc_column][\/vc_row][vc_row size=&#8221;uk-padding-remove-vertical&#8221; css=&#8221;.vc_custom_1615000926366{padding-bottom: 75px !important;}&#8221;][vc_column width=&#8221;1\/4&#8243;][\/vc_column][vc_column width=&#8221;1\/4&#8243;][tw_chart_circle pie_title=&#8221;&#8221; pie_percent=&#8221;66.6&#8243; pie_track_width=&#8221;4&#8243; pie_bar_color=&#8221;#1e73be&#8221;][tw_text]<\/p>\n<p style=\"text-align: center;\">De la mortalit\u00e9 infantile au Canada sont des naissances pr\u00e9matur\u00e9es.<\/p>\n<p>[\/tw_text][\/vc_column][vc_column width=&#8221;1\/4&#8243;][tw_chart_circle pie_title=&#8221;&#8221; pie_percent=&#8221;35&#8243; pie_track_width=&#8221;4&#8243; pie_bar_color=&#8221;#1e73be&#8221;][tw_text]<\/p>\n<p style=\"text-align: center;\">Des enfants avec des troubles visuels sont n\u00e9s pr\u00e9matur\u00e9ment.<\/p>\n<p>[\/tw_text][\/vc_column][vc_column width=&#8221;1\/4&#8243;][tw_chart_circle pie_title=&#8221;&#8221; pie_percent=&#8221;25&#8243; pie_track_width=&#8221;4&#8243; pie_bar_color=&#8221;#1e73be&#8221;][tw_text]<\/p>\n<p style=\"text-align: center;\">Des enfants avec des troubles cognitifs ou auditifs sont n\u00e9s pr\u00e9matur\u00e9ment.<\/p>\n<p>[\/tw_text][\/vc_column][\/vc_row][vc_row size=&#8221;uk-section-normal&#8221; css=&#8221;.vc_custom_1614307177104{background-position: center !important;background-repeat: no-repeat !important;background-size: cover !important;}&#8221;][vc_column width=&#8221;1\/4&#8243;][\/vc_column][vc_column width=&#8221;3\/4&#8243; css=&#8221;.vc_custom_1614397931974{padding-top: 50px !important;padding-right: 50px !important;padding-bottom: 50px !important;padding-left: 50px !important;background-color: #eaeaea !important;background-position: center !important;background-repeat: no-repeat !important;background-size: cover !important;}&#8221;][tw_heading title_animate=&#8221;&#8221; title=&#8221;Ressources&#8221; subtitle=&#8221;&#8221; title_align=&#8221;uk-text-left&#8221; max_width=&#8221;title_full&#8221;]<\/p>\n<ul>\n<li>Naitre et grandir <a href=\"https:\/\/naitreetgrandir.com\/fr\/etape\/0_12_mois\/soins\/fiche.aspx?doc=bg-naitre-grandir-bebe-premature#_Toc9934941\" target=\"_blank\" rel=\"noopener\">naitreetgrandir.com<\/a><\/li>\n<li>Pr\u00e9ma-Qu\u00e9bec <a href=\"http:\/\/www.premaquebec.ca\/fr\/la-prematurite\/complications-possibles-de-prematurite\/\" target=\"_blank\" rel=\"noopener\">www.premaquebec.ca<\/a><\/li>\n<\/ul>\n<p>[\/tw_heading][\/vc_column][\/vc_row][vc_row size=&#8221;uk-section-xsmall&#8221; large_screens=&#8221;true&#8221; desktop=&#8221;true&#8221; css=&#8221;.vc_custom_1616811357048{margin-bottom: 75px !important;}&#8221;][vc_column width=&#8221;1\/4&#8243;][\/vc_column][vc_column width=&#8221;3\/4&#8243;][tw_text]<\/p>\n<p style=\"text-align: right;\">[tw_button link=&#8221;https:\/\/info-prema.uqo.ca\/?page_id=10539&#8243;\u00a0 size=&#8221;small&#8221; style=&#8221;border uk-button-radius&#8221; hover=&#8221;dark-hover&#8221; icon_class=&#8221;ion-ios-arrow-thin-right&#8221; margin=&#8221;0,0,0,0&#8243; animate_icon=&#8221;true&#8221;]Moins de 28 semaines[\/tw_button]<\/p>\n<p>[\/tw_text][\/vc_column][\/vc_row]<\/p>\n<\/div>","protected":false},"excerpt":{"rendered":"<p>[vc_row tw_dimension_type=&#8221;custom-min-height&#8221; tw_dimension_height=&#8221;300&#8243; size=&#8221;uk-section-normal&#8221; uk_light=&#8221;true&#8221; tablet=&#8221;true&#8221; mobile=&#8221;true&#8221; overlay=&#8221;0.3&#8243; css=&#8221;.vc_custom_1665155255752{margin-bottom: 55px !important;background: #0a0a0a url(https:\/\/info-prema.uqo.ca\/wp-content\/uploads\/2022\/10\/statistiques.jpg?id=11678) !important;background-position: center !important;background-repeat: no-repeat !important;background-size: cover !important;}&#8221;][vc_column][tw_heading heading_tag=&#8221;h2&#8243; title_animate=&#8221;&#8221; title=&#8221;Statistiques g\u00e9n\u00e9rales&#8221; subtitle=&#8221;Complications possibles de la pr\u00e9maturit\u00e9&#8221; max_width=&#8221;title_large&#8221; css=&#8221;.vc_custom_1616806134949{padding-top: 15px !important;background-position: center !important;background-repeat: no-repeat !important;background-size: cover !important;}&#8221;][\/tw_heading][\/vc_column][\/vc_row][vc_row tw_dimension_type=&#8221;custom-min-height&#8221; tw_dimension_height=&#8221;200&#8243; size=&#8221;uk-section-normal&#8221; uk_light=&#8221;true&#8221; large_screens=&#8221;true&#8221; desktop=&#8221;true&#8221; overlay=&#8221;0.3&#8243; css=&#8221;.vc_custom_1665155272128{margin-bottom: 45px !important;background: #0a0a0a url(https:\/\/info-prema.uqo.ca\/wp-content\/uploads\/2022\/10\/statistiques.jpg?id=11678) !important;background-position: center !important;background-repeat: no-repeat [&hellip;]<\/p>\n","protected":false},"author":1,"featured_media":0,"parent":0,"menu_order":0,"comment_status":"closed","ping_status":"closed","template":"","meta":{"footnotes":""},"class_list":["post-10524","page","type-page","status-publish","hentry"],"_links":{"self":[{"href":"https:\/\/info-prema.uqo.ca\/index.php?rest_route=\/wp\/v2\/pages\/10524","targetHints":{"allow":["GET"]}}],"collection":[{"href":"https:\/\/info-prema.uqo.ca\/index.php?rest_route=\/wp\/v2\/pages"}],"about":[{"href":"https:\/\/info-prema.uqo.ca\/index.php?rest_route=\/wp\/v2\/types\/page"}],"author":[{"embeddable":true,"href":"https:\/\/info-prema.uqo.ca\/index.php?rest_route=\/wp\/v2\/users\/1"}],"replies":[{"embeddable":true,"href":"https:\/\/info-prema.uqo.ca\/index.php?rest_route=%2Fwp%2Fv2%2Fcomments&post=10524"}],"version-history":[{"count":22,"href":"https:\/\/info-prema.uqo.ca\/index.php?rest_route=\/wp\/v2\/pages\/10524\/revisions"}],"predecessor-version":[{"id":11680,"href":"https:\/\/info-prema.uqo.ca\/index.php?rest_route=\/wp\/v2\/pages\/10524\/revisions\/11680"}],"wp:attachment":[{"href":"https:\/\/info-prema.uqo.ca\/index.php?rest_route=%2Fwp%2Fv2%2Fmedia&parent=10524"}],"curies":[{"name":"wp","href":"https:\/\/api.w.org\/{rel}","templated":true}]}}