{"id":10539,"date":"2021-03-06T00:21:00","date_gmt":"2021-03-06T05:21:00","guid":{"rendered":"https:\/\/info-prema.uqo.ca\/?page_id=10539"},"modified":"2022-10-07T08:29:51","modified_gmt":"2022-10-07T13:29:51","slug":"lallaitement-2-2-3","status":"publish","type":"page","link":"https:\/\/info-prema.uqo.ca\/?page_id=10539","title":{"rendered":"N\u00e9s \u00e0 moins de 28 semaines"},"content":{"rendered":"<div class=\"wpb-content-wrapper\"><p>[vc_row tw_dimension_type=&#8221;custom-min-height&#8221; tw_dimension_height=&#8221;300&#8243; size=&#8221;uk-section-normal&#8221; uk_light=&#8221;true&#8221; tablet=&#8221;true&#8221; mobile=&#8221;true&#8221; overlay=&#8221;0.3&#8243; css=&#8221;.vc_custom_1616806485567{margin-bottom: 55px !important;background: #0a0a0a url(https:\/\/info-prema.uqo.ca\/wp-content\/uploads\/2018\/09\/pied-bebe.jpg?id=9068) !important;background-position: center !important;background-repeat: no-repeat !important;background-size: cover !important;}&#8221;][vc_column][tw_heading heading_tag=&#8221;h2&#8243; title_animate=&#8221;&#8221; title=&#8221;N\u00e9s \u00e0 moins de 28 semaines&#8221; subtitle=&#8221;Complications possibles de la pr\u00e9maturit\u00e9&#8221; max_width=&#8221;title_large&#8221; css=&#8221;.vc_custom_1616806494239{padding-top: 15px !important;background-position: center !important;background-repeat: no-repeat !important;background-size: cover !important;}&#8221;][\/tw_heading][\/vc_column][\/vc_row][vc_row tw_dimension_type=&#8221;custom-min-height&#8221; tw_dimension_height=&#8221;200&#8243; size=&#8221;uk-section-normal&#8221; uk_light=&#8221;true&#8221; large_screens=&#8221;true&#8221; desktop=&#8221;true&#8221; overlay=&#8221;0.3&#8243; css=&#8221;.vc_custom_1616806513081{margin-bottom: 45px !important;background: #0a0a0a url(https:\/\/info-prema.uqo.ca\/wp-content\/uploads\/2018\/09\/pied-bebe.jpg?id=9068) !important;background-position: center !important;background-repeat: no-repeat !important;background-size: cover !important;}&#8221;][vc_column][tw_heading heading_tag=&#8221;h2&#8243; title_animate=&#8221;&#8221; title=&#8221;N\u00e9s \u00e0 moins de 28 semaines&#8221; subtitle=&#8221;Complications possibles de la pr\u00e9maturit\u00e9&#8221; max_width=&#8221;title_large&#8221; css=&#8221;.vc_custom_1616806494239{padding-top: 15px !important;background-position: center !important;background-repeat: no-repeat !important;background-size: cover !important;}&#8221;][\/tw_heading][\/vc_column][\/vc_row][vc_row size=&#8221;uk-padding-remove-vertical&#8221; gutter=&#8221;uk-grid-collapse&#8221;][vc_column width=&#8221;1\/4&#8243;][vc_wp_custommenu title=&#8221;Sections&#8221; nav_menu=&#8221;119&#8243;][vc_row_inner size=&#8221;uk-section-xsmall&#8221; equal_height=&#8221;&#8221;][vc_column_inner][\/vc_column_inner][\/vc_row_inner][\/vc_column][vc_column width=&#8221;3\/4&#8243;][tw_heading title_animate=&#8221;&#8221; title=&#8221;moins de 28 semaines (tr\u00e8s grand pr\u00e9matur\u00e9)&#8221; subtitle=&#8221;Complications les plus fr\u00e9quentes pour les b\u00e9b\u00e9s n\u00e9s \u00e0&#8221; title_align=&#8221;uk-text-left&#8221; max_width=&#8221;title_large&#8221;][\/tw_heading][vc_row_inner][vc_column_inner width=&#8221;1\/3&#8243;][tw_chart_circle pie_title=&#8221;&#8221; pie_percent=&#8221;68&#8243; pie_track_width=&#8221;4&#8243; pie_bar_color=&#8221;#1e73be&#8221;][tw_text]<\/p>\n<p style=\"text-align: center;\">De ces b\u00e9b\u00e9s souffriront de dysplasie broncho-pulmonaire.<\/p>\n<p>[\/tw_text][\/vc_column_inner][vc_column_inner width=&#8221;1\/3&#8243;][tw_chart_circle pie_title=&#8221;&#8221; pie_percent=&#8221;13&#8243; pie_track_width=&#8221;4&#8243; pie_bar_color=&#8221;#1e73be&#8221;][tw_text]<\/p>\n<p style=\"text-align: center;\">De ces b\u00e9b\u00e9s auront des anomalies lors des \u00e9chographies c\u00e9r\u00e9brales (du cerveau).<\/p>\n<p>[\/tw_text][\/vc_column_inner][vc_column_inner width=&#8221;1\/3&#8243;][tw_chart_circle pie_title=&#8221;&#8221; pie_percent=&#8221;8&#8243; pie_track_width=&#8221;4&#8243; pie_bar_color=&#8221;#1e73be&#8221;][tw_text]<\/p>\n<p style=\"text-align: center;\">De ces b\u00e9b\u00e9s devront se faire op\u00e9rer pour une ent\u00e9rocolite n\u00e9crosante.<\/p>\n<p>[\/tw_text][\/vc_column_inner][\/vc_row_inner][\/vc_column][\/vc_row][vc_row size=&#8221;uk-section-xsmall&#8221;][vc_column width=&#8221;1\/4&#8243;][\/vc_column][vc_column width=&#8221;1\/4&#8243;][tw_chart_circle pie_title=&#8221;&#8221; pie_percent=&#8221;78&#8243; pie_track_width=&#8221;4&#8243; pie_bar_color=&#8221;#1e73be&#8221;][tw_text]<\/p>\n<p style=\"text-align: center;\">Des adultes n\u00e9s \u00e0 moins de 28 semaines de gestation auront des probl\u00e8mes de sant\u00e9 li\u00e9s \u00e0 leur pr\u00e9maturit\u00e9.<\/p>\n<p>[\/tw_text][\/vc_column][vc_column width=&#8221;1\/4&#8243;][tw_chart_circle pie_title=&#8221;&#8221; pie_percent=&#8221;72&#8243; pie_track_width=&#8221;4&#8243; pie_bar_color=&#8221;#1e73be&#8221;][tw_text]Des enfants n\u00e9s \u00e0 24 semaines n\u2019ont pas d\u2019incapacit\u00e9 neurod\u00e9veloppementales ou en ont une l\u00e9g\u00e8re (autisme, d\u00e9ficit de l\u2019attention et autres).[\/tw_text][\/vc_column][vc_column width=&#8221;1\/4&#8243;][tw_chart_circle pie_title=&#8221;&#8221; pie_percent=&#8221;40&#8243; pie_track_width=&#8221;4&#8243; pie_bar_color=&#8221;#1e73be&#8221;][tw_text]<\/p>\n<p style=\"text-align: center;\">Des b\u00e9b\u00e9s n\u00e9s \u00e0 moins de 26 semaines auront des difficult\u00e9s de coordination du syst\u00e8me moteur, de socialisation et de cognition (m\u00e9moire, organisation, logique).<\/p>\n<p>[\/tw_text][\/vc_column][\/vc_row][vc_row size=&#8221;uk-padding-remove-vertical&#8221; css=&#8221;.vc_custom_1615000926366{padding-bottom: 75px !important;}&#8221;][vc_column width=&#8221;1\/4&#8243;][\/vc_column][vc_column width=&#8221;1\/4&#8243;][tw_chart_circle pie_title=&#8221;&#8221; pie_percent=&#8221;35&#8243; pie_track_width=&#8221;4&#8243; pie_bar_color=&#8221;#1e73be&#8221;][tw_text]<\/p>\n<p style=\"text-align: center;\">Des b\u00e9b\u00e9s n\u00e9s \u00e0 moins de 28 semaines auront des troubles du d\u00e9veloppement du cerveau ou de comportement (difficult\u00e9 d\u2019attention, hyperactivit\u00e9, difficult\u00e9s sociales, anxi\u00e9t\u00e9, d\u00e9pression, trouble du spectre de l\u2019autisme et autres).<\/p>\n<p>[\/tw_text][\/vc_column][vc_column width=&#8221;1\/4&#8243;][tw_chart_circle pie_title=&#8221;&#8221; pie_percent=&#8221;21&#8243; pie_track_width=&#8221;4&#8243; pie_bar_color=&#8221;#1e73be&#8221;][tw_text]<\/p>\n<p style=\"text-align: center;\">Taux de mortalit\u00e9 des b\u00e9b\u00e9s n\u00e9s \u00e0 25 semaines ou moins. Plus le b\u00e9b\u00e9 est n\u00e9 pr\u00e9matur\u00e9ment (t\u00f4t pendant la grossesse) plus le risque de complications est \u00e9lev\u00e9.<\/p>\n<p>[\/tw_text][\/vc_column][vc_column width=&#8221;1\/4&#8243;][tw_chart_circle pie_title=&#8221;&#8221; pie_percent=&#8221;0&#8243; pie_track_width=&#8221;4&#8243; pie_bar_color=&#8221;#1e73be&#8221; icon=&#8221;ionicons&#8221; ionicons=&#8221;ion-android-favorite-outline&#8221;][tw_text]<\/p>\n<p style=\"text-align: center;\">Tous les tr\u00e8s grands pr\u00e9matur\u00e9s sont \u00e0 risque de d\u00e9velopper de l\u2019hypertension art\u00e9rielle d\u00e8s l\u2019\u00e2ge de 6 ans.<\/p>\n<p>[\/tw_text][\/vc_column][\/vc_row][vc_row size=&#8221;uk-section-xsmall&#8221; large_screens=&#8221;true&#8221; desktop=&#8221;true&#8221; css=&#8221;.vc_custom_1616811462944{margin-bottom: 55px !important;}&#8221;][vc_column width=&#8221;1\/4&#8243;][\/vc_column][vc_column width=&#8221;3\/4&#8243;][tw_text]<\/p>\n<p style=\"text-align: right;\">[tw_button link=&#8221;https:\/\/info-prema.uqo.ca\/?page_id=10591&#8243;\u00a0 size=&#8221;small&#8221; style=&#8221;border uk-button-radius&#8221; hover=&#8221;dark-hover&#8221; icon_class=&#8221;ion-ios-arrow-thin-right&#8221; margin=&#8221;0,0,0,0&#8243; animate_icon=&#8221;true&#8221;]Entre 30 et 34 semaines[\/tw_button]<\/p>\n<p>[\/tw_text][\/vc_column][\/vc_row]<\/p>\n<\/div>","protected":false},"excerpt":{"rendered":"<p>[vc_row tw_dimension_type=&#8221;custom-min-height&#8221; tw_dimension_height=&#8221;300&#8243; size=&#8221;uk-section-normal&#8221; uk_light=&#8221;true&#8221; tablet=&#8221;true&#8221; mobile=&#8221;true&#8221; overlay=&#8221;0.3&#8243; css=&#8221;.vc_custom_1616806485567{margin-bottom: 55px !important;background: #0a0a0a url(https:\/\/info-prema.uqo.ca\/wp-content\/uploads\/2018\/09\/pied-bebe.jpg?id=9068) !important;background-position: center !important;background-repeat: no-repeat !important;background-size: cover !important;}&#8221;][vc_column][tw_heading heading_tag=&#8221;h2&#8243; title_animate=&#8221;&#8221; title=&#8221;N\u00e9s \u00e0 moins de 28 semaines&#8221; subtitle=&#8221;Complications possibles de la pr\u00e9maturit\u00e9&#8221; max_width=&#8221;title_large&#8221; css=&#8221;.vc_custom_1616806494239{padding-top: 15px !important;background-position: center !important;background-repeat: no-repeat !important;background-size: cover !important;}&#8221;][\/tw_heading][\/vc_column][\/vc_row][vc_row tw_dimension_type=&#8221;custom-min-height&#8221; tw_dimension_height=&#8221;200&#8243; size=&#8221;uk-section-normal&#8221; uk_light=&#8221;true&#8221; large_screens=&#8221;true&#8221; desktop=&#8221;true&#8221; overlay=&#8221;0.3&#8243; css=&#8221;.vc_custom_1616806513081{margin-bottom: 45px !important;background: #0a0a0a url(https:\/\/info-prema.uqo.ca\/wp-content\/uploads\/2018\/09\/pied-bebe.jpg?id=9068) [&hellip;]<\/p>\n","protected":false},"author":1,"featured_media":0,"parent":0,"menu_order":0,"comment_status":"closed","ping_status":"closed","template":"","meta":{"footnotes":""},"class_list":["post-10539","page","type-page","status-publish","hentry"],"_links":{"self":[{"href":"https:\/\/info-prema.uqo.ca\/index.php?rest_route=\/wp\/v2\/pages\/10539","targetHints":{"allow":["GET"]}}],"collection":[{"href":"https:\/\/info-prema.uqo.ca\/index.php?rest_route=\/wp\/v2\/pages"}],"about":[{"href":"https:\/\/info-prema.uqo.ca\/index.php?rest_route=\/wp\/v2\/types\/page"}],"author":[{"embeddable":true,"href":"https:\/\/info-prema.uqo.ca\/index.php?rest_route=\/wp\/v2\/users\/1"}],"replies":[{"embeddable":true,"href":"https:\/\/info-prema.uqo.ca\/index.php?rest_route=%2Fwp%2Fv2%2Fcomments&post=10539"}],"version-history":[{"count":25,"href":"https:\/\/info-prema.uqo.ca\/index.php?rest_route=\/wp\/v2\/pages\/10539\/revisions"}],"predecessor-version":[{"id":11620,"href":"https:\/\/info-prema.uqo.ca\/index.php?rest_route=\/wp\/v2\/pages\/10539\/revisions\/11620"}],"wp:attachment":[{"href":"https:\/\/info-prema.uqo.ca\/index.php?rest_route=%2Fwp%2Fv2%2Fmedia&parent=10539"}],"curies":[{"name":"wp","href":"https:\/\/api.w.org\/{rel}","templated":true}]}}