{"id":10555,"date":"2021-03-06T16:49:43","date_gmt":"2021-03-06T21:49:43","guid":{"rendered":"https:\/\/info-prema.uqo.ca\/?page_id=10555"},"modified":"2022-10-07T08:33:02","modified_gmt":"2022-10-07T13:33:02","slug":"lallaitement-2-2-3-3","status":"publish","type":"page","link":"https:\/\/info-prema.uqo.ca\/?page_id=10555","title":{"rendered":"Poids de naissance de moins de 1500g"},"content":{"rendered":"<div class=\"wpb-content-wrapper\"><p>[vc_row tw_dimension_type=&#8221;custom-min-height&#8221; tw_dimension_height=&#8221;300&#8243; size=&#8221;uk-section-normal&#8221; uk_light=&#8221;true&#8221; tablet=&#8221;true&#8221; mobile=&#8221;true&#8221; overlay=&#8221;0.3&#8243; css=&#8221;.vc_custom_1616806971111{margin-bottom: 55px !important;background: #0a0a0a url(https:\/\/info-prema.uqo.ca\/wp-content\/uploads\/2021\/03\/1500-e1616722590546.jpg?id=11197) !important;background-position: center !important;background-repeat: no-repeat !important;background-size: cover !important;}&#8221;][vc_column][tw_heading heading_tag=&#8221;h2&#8243; title_animate=&#8221;&#8221; title=&#8221;Poids de naissance de moins de 1500g&#8221; subtitle=&#8221;Complications possibles de la pr\u00e9maturit\u00e9&#8221; max_width=&#8221;title_large&#8221; css=&#8221;.vc_custom_1616722386443{background-position: center !important;background-repeat: no-repeat !important;background-size: cover !important;}&#8221;][\/tw_heading][\/vc_column][\/vc_row][vc_row tw_dimension_type=&#8221;custom-min-height&#8221; tw_dimension_height=&#8221;200&#8243; size=&#8221;uk-section-normal&#8221; uk_light=&#8221;true&#8221; large_screens=&#8221;true&#8221; desktop=&#8221;true&#8221; overlay=&#8221;0.3&#8243; css=&#8221;.vc_custom_1616807023097{margin-bottom: 45px !important;background: #0a0a0a url(https:\/\/info-prema.uqo.ca\/wp-content\/uploads\/2021\/03\/1500-e1616722590546.jpg?id=11197) !important;background-position: center !important;background-repeat: no-repeat !important;background-size: cover !important;}&#8221;][vc_column][tw_heading heading_tag=&#8221;h2&#8243; title_animate=&#8221;&#8221; title=&#8221;Poids de naissance de moins de 1500g&#8221; subtitle=&#8221;Complications possibles de la pr\u00e9maturit\u00e9&#8221; max_width=&#8221;title_large&#8221; css=&#8221;.vc_custom_1616722386443{background-position: center !important;background-repeat: no-repeat !important;background-size: cover !important;}&#8221;][\/tw_heading][\/vc_column][\/vc_row][vc_row size=&#8221;uk-padding-remove-vertical&#8221; gutter=&#8221;uk-grid-collapse&#8221;][vc_column width=&#8221;1\/4&#8243;][vc_wp_custommenu title=&#8221;Sections&#8221; nav_menu=&#8221;119&#8243;][vc_row_inner size=&#8221;uk-section-xsmall&#8221; equal_height=&#8221;&#8221;][vc_column_inner][\/vc_column_inner][\/vc_row_inner][\/vc_column][vc_column width=&#8221;3\/4&#8243;][tw_heading title_animate=&#8221;&#8221; title=&#8221;poids de naissance de moins de 1500g (poids de naissance tr\u00e8s faible)&#8221; subtitle=&#8221;Complications les plus fr\u00e9quentes pour les b\u00e9b\u00e9s ayant un&#8221; title_align=&#8221;uk-text-left&#8221; max_width=&#8221;title_large&#8221;][\/tw_heading][vc_row_inner][vc_column_inner width=&#8221;1\/3&#8243;][tw_chart_circle pie_title=&#8221;&#8221; pie_percent=&#8221;65&#8243; pie_track_width=&#8221;4&#8243; pie_bar_color=&#8221;#1e73be&#8221;][tw_text]<\/p>\n<p style=\"text-align: center;\">Des b\u00e9b\u00e9s n\u00e9s \u00e0 avec un poids de naissance tr\u00e8s petit grandiront sans probl\u00e8me neurologique.<\/p>\n<p>[\/tw_text][\/vc_column_inner][vc_column_inner width=&#8221;1\/3&#8243;][tw_chart_circle pie_title=&#8221;&#8221; pie_percent=&#8221;60&#8243; pie_track_width=&#8221;4&#8243; pie_bar_color=&#8221;#1e73be&#8221;][tw_text]<\/p>\n<p style=\"text-align: center;\">De ces b\u00e9b\u00e9s seront intub\u00e9s d\u00e8s la naissance.<\/p>\n<p>[\/tw_text][\/vc_column_inner][vc_column_inner width=&#8221;1\/3&#8243;][tw_chart_circle pie_title=&#8221;&#8221; pie_percent=&#8221;46&#8243; pie_track_width=&#8221;4&#8243; pie_bar_color=&#8221;#1e73be&#8221;][tw_text]<\/p>\n<p style=\"text-align: center;\">De ces b\u00e9b\u00e9s souffriront de persistance du canal art\u00e9riel (malformation cardiaque).<\/p>\n<p>[\/tw_text][\/vc_column_inner][\/vc_row_inner][\/vc_column][\/vc_row][vc_row size=&#8221;uk-section-xsmall&#8221;][vc_column width=&#8221;1\/4&#8243;][\/vc_column][vc_column width=&#8221;1\/4&#8243;][tw_chart_circle pie_title=&#8221;&#8221; pie_percent=&#8221;40&#8243; pie_track_width=&#8221;4&#8243; pie_bar_color=&#8221;#1e73be&#8221;][tw_text]<\/p>\n<p style=\"text-align: center;\">De ces b\u00e9b\u00e9s pr\u00e9senteront de l\u2019hypothermie \u00e0 la naissance.<\/p>\n<p>[\/tw_text][\/vc_column][vc_column width=&#8221;1\/4&#8243;][tw_chart_circle pie_title=&#8221;&#8221; pie_percent=&#8221;36&#8243; pie_track_width=&#8221;4&#8243; pie_bar_color=&#8221;#1e73be&#8221;][tw_text]<\/p>\n<p style=\"text-align: center;\">De ces b\u00e9b\u00e9s d\u00e9velopperont des infections qui m\u00e8nent \u00e0 un sepsis. Ceci peut augmenter la dur\u00e9e d\u2019hospitalisation et causer des retards de croissance.<\/p>\n<p>[\/tw_text][\/vc_column][vc_column width=&#8221;1\/4&#8243;][tw_chart_circle pie_title=&#8221;&#8221; pie_percent=&#8221;12&#8243; pie_track_width=&#8221;4&#8243; pie_bar_color=&#8221;#1e73be&#8221;][tw_text]<\/p>\n<p style=\"text-align: center;\">D\u2019entre eux souffriront d\u2019une h\u00e9morragie intra-ventriculaire s\u00e9v\u00e8re (grade 3 ou 4).<\/p>\n<p>[\/tw_text][\/vc_column][\/vc_row][vc_row size=&#8221;uk-padding-remove-vertical&#8221; css=&#8221;.vc_custom_1615000926366{padding-bottom: 75px !important;}&#8221;][vc_column width=&#8221;1\/4&#8243;][\/vc_column][vc_column width=&#8221;1\/4&#8243;][tw_chart_circle pie_title=&#8221;&#8221; pie_percent=&#8221;11&#8243; pie_track_width=&#8221;4&#8243; pie_bar_color=&#8221;#1e73be&#8221;][tw_text]<\/p>\n<p style=\"text-align: center;\">De ces b\u00e9b\u00e9s auront une ent\u00e9rocolite n\u00e9crosante. Ceci augmente le risque de mortalit\u00e9 et cause des retards de croissance.<\/p>\n<p>[\/tw_text][\/vc_column][vc_column width=&#8221;1\/4&#8243;][tw_chart_circle pie_title=&#8221;&#8221; pie_percent=&#8221;10&#8243; pie_track_width=&#8221;4&#8243; pie_bar_color=&#8221;#1e73be&#8221;][tw_text]<\/p>\n<p style=\"text-align: center;\">Des b\u00e9b\u00e9s ayant eu une ent\u00e9rocolite n\u00e9crosante auront des probl\u00e8mes de digestion \u00e0 long terme.<\/p>\n<p>[\/tw_text][\/vc_column][vc_column width=&#8221;1\/4&#8243;][tw_chart_circle pie_title=&#8221;&#8221; pie_percent=&#8221;59&#8243; pie_track_width=&#8221;4&#8243; pie_bar_color=&#8221;#1e73be&#8221;][tw_text]<\/p>\n<p style=\"text-align: center;\">De ces b\u00e9b\u00e9s d\u00e9velopperont la r\u00e9tinopathie du pr\u00e9matur\u00e9. Chez la majorit\u00e9 des b\u00e9b\u00e9s ceci se r\u00e9sout (gu\u00e9rit) spontan\u00e9ment. Par contre, dans les cas s\u00e9v\u00e8res et non trait\u00e9s, le risque de troubles de la vision \u00e0 long terme est augment\u00e9.<\/p>\n<p>[\/tw_text][\/vc_column][\/vc_row][vc_row size=&#8221;uk-padding-remove-vertical&#8221; css=&#8221;.vc_custom_1615000926366{padding-bottom: 75px !important;}&#8221;][vc_column width=&#8221;1\/4&#8243;][\/vc_column][vc_column width=&#8221;1\/4&#8243;][tw_chart_circle pie_title=&#8221;&#8221; pie_percent=&#8221;93&#8243; pie_track_width=&#8221;4&#8243; pie_bar_color=&#8221;#1e73be&#8221;][tw_text]<\/p>\n<p style=\"text-align: center;\">De ces b\u00e9b\u00e9s auront de la d\u00e9tresse respiratoire.<\/p>\n<p>[\/tw_text][\/vc_column][vc_column width=&#8221;1\/4&#8243;][tw_chart_circle pie_title=&#8221;&#8221; pie_percent=&#8221;0&#8243; pie_track_width=&#8221;4&#8243; pie_bar_color=&#8221;#1e73be&#8221; icon=&#8221;ionicons&#8221; ionicons=&#8221;ion-arrow-graph-up-right&#8221;][tw_text]<\/p>\n<p style=\"text-align: center;\">\u00c0 l\u2019\u00e2ge adulte, le risque de souffrir d\u2019hypertension et de diab\u00e8te est plus \u00e9lev\u00e9.<\/p>\n<p>[\/tw_text][\/vc_column][vc_column width=&#8221;1\/4&#8243;][\/vc_column][\/vc_row]<\/p>\n<\/div>","protected":false},"excerpt":{"rendered":"<p>[vc_row tw_dimension_type=&#8221;custom-min-height&#8221; tw_dimension_height=&#8221;300&#8243; size=&#8221;uk-section-normal&#8221; uk_light=&#8221;true&#8221; tablet=&#8221;true&#8221; mobile=&#8221;true&#8221; overlay=&#8221;0.3&#8243; css=&#8221;.vc_custom_1616806971111{margin-bottom: 55px !important;background: #0a0a0a url(https:\/\/info-prema.uqo.ca\/wp-content\/uploads\/2021\/03\/1500-e1616722590546.jpg?id=11197) !important;background-position: center !important;background-repeat: no-repeat !important;background-size: cover !important;}&#8221;][vc_column][tw_heading heading_tag=&#8221;h2&#8243; title_animate=&#8221;&#8221; title=&#8221;Poids de naissance de moins de 1500g&#8221; subtitle=&#8221;Complications possibles de la pr\u00e9maturit\u00e9&#8221; max_width=&#8221;title_large&#8221; css=&#8221;.vc_custom_1616722386443{background-position: center !important;background-repeat: no-repeat !important;background-size: cover !important;}&#8221;][\/tw_heading][\/vc_column][\/vc_row][vc_row tw_dimension_type=&#8221;custom-min-height&#8221; tw_dimension_height=&#8221;200&#8243; size=&#8221;uk-section-normal&#8221; uk_light=&#8221;true&#8221; large_screens=&#8221;true&#8221; desktop=&#8221;true&#8221; overlay=&#8221;0.3&#8243; css=&#8221;.vc_custom_1616807023097{margin-bottom: 45px !important;background: #0a0a0a url(https:\/\/info-prema.uqo.ca\/wp-content\/uploads\/2021\/03\/1500-e1616722590546.jpg?id=11197) !important;background-position: [&hellip;]<\/p>\n","protected":false},"author":1,"featured_media":0,"parent":0,"menu_order":0,"comment_status":"closed","ping_status":"closed","template":"","meta":{"footnotes":""},"class_list":["post-10555","page","type-page","status-publish","hentry"],"_links":{"self":[{"href":"https:\/\/info-prema.uqo.ca\/index.php?rest_route=\/wp\/v2\/pages\/10555","targetHints":{"allow":["GET"]}}],"collection":[{"href":"https:\/\/info-prema.uqo.ca\/index.php?rest_route=\/wp\/v2\/pages"}],"about":[{"href":"https:\/\/info-prema.uqo.ca\/index.php?rest_route=\/wp\/v2\/types\/page"}],"author":[{"embeddable":true,"href":"https:\/\/info-prema.uqo.ca\/index.php?rest_route=\/wp\/v2\/users\/1"}],"replies":[{"embeddable":true,"href":"https:\/\/info-prema.uqo.ca\/index.php?rest_route=%2Fwp%2Fv2%2Fcomments&post=10555"}],"version-history":[{"count":24,"href":"https:\/\/info-prema.uqo.ca\/index.php?rest_route=\/wp\/v2\/pages\/10555\/revisions"}],"predecessor-version":[{"id":11624,"href":"https:\/\/info-prema.uqo.ca\/index.php?rest_route=\/wp\/v2\/pages\/10555\/revisions\/11624"}],"wp:attachment":[{"href":"https:\/\/info-prema.uqo.ca\/index.php?rest_route=%2Fwp%2Fv2%2Fmedia&parent=10555"}],"curies":[{"name":"wp","href":"https:\/\/api.w.org\/{rel}","templated":true}]}}