{"id":10580,"date":"2021-03-06T17:31:41","date_gmt":"2021-03-06T22:31:41","guid":{"rendered":"https:\/\/info-prema.uqo.ca\/?page_id=10580"},"modified":"2021-03-26T21:20:41","modified_gmt":"2021-03-27T02:20:41","slug":"lallaitement-2-2-3-3-2","status":"publish","type":"page","link":"https:\/\/info-prema.uqo.ca\/?page_id=10580","title":{"rendered":"Poids de naissance de moins de 1000g"},"content":{"rendered":"<div class=\"wpb-content-wrapper\"><p>[vc_row tw_dimension_type=&#8221;custom-min-height&#8221; tw_dimension_height=&#8221;300&#8243; size=&#8221;uk-section-normal&#8221; uk_light=&#8221;true&#8221; tablet=&#8221;true&#8221; mobile=&#8221;true&#8221; overlay=&#8221;0.3&#8243; css=&#8221;.vc_custom_1616806783238{margin-bottom: 55px !important;background: #0a0a0a url(https:\/\/info-prema.uqo.ca\/wp-content\/uploads\/2021\/03\/nes_28_32_vue-1.jpg?id=11185) !important;background-position: center !important;background-repeat: no-repeat !important;background-size: cover !important;}&#8221;][vc_column][tw_heading heading_tag=&#8221;h2&#8243; title_animate=&#8221;&#8221; title=&#8221;Poids de naissance de moins de 1000g&#8221; subtitle=&#8221;Complications possibles de la pr\u00e9maturit\u00e9&#8221; css=&#8221;.vc_custom_1616722658148{background-position: center !important;background-repeat: no-repeat !important;background-size: cover !important;}&#8221;][\/tw_heading][\/vc_column][\/vc_row][vc_row tw_dimension_type=&#8221;custom-min-height&#8221; tw_dimension_height=&#8221;200&#8243; size=&#8221;uk-section-normal&#8221; uk_light=&#8221;true&#8221; large_screens=&#8221;true&#8221; desktop=&#8221;true&#8221; overlay=&#8221;0.3&#8243; css=&#8221;.vc_custom_1616806899887{margin-bottom: 45px !important;background: #0a0a0a url(https:\/\/info-prema.uqo.ca\/wp-content\/uploads\/2021\/03\/nes_28_32_vue-1.jpg?id=11185) !important;background-position: center !important;background-repeat: no-repeat !important;background-size: cover !important;}&#8221;][vc_column][tw_heading heading_tag=&#8221;h2&#8243; title_animate=&#8221;&#8221; title=&#8221;Poids de naissance de moins de 1000g&#8221; subtitle=&#8221;Complications possibles de la pr\u00e9maturit\u00e9&#8221; css=&#8221;.vc_custom_1616722658148{background-position: center !important;background-repeat: no-repeat !important;background-size: cover !important;}&#8221;][\/tw_heading][\/vc_column][\/vc_row][vc_row size=&#8221;uk-padding-remove-vertical&#8221; gutter=&#8221;uk-grid-collapse&#8221;][vc_column width=&#8221;1\/4&#8243;][vc_wp_custommenu title=&#8221;Sections&#8221; nav_menu=&#8221;119&#8243;][vc_row_inner size=&#8221;uk-section-xsmall&#8221; equal_height=&#8221;&#8221;][vc_column_inner][\/vc_column_inner][\/vc_row_inner][\/vc_column][vc_column width=&#8221;3\/4&#8243;][tw_heading title_animate=&#8221;&#8221; title=&#8221;poids de naissance de moins de 1000g (poids de naissance extr\u00eamement faible)&#8221; subtitle=&#8221;Complications les plus fr\u00e9quentes pour les b\u00e9b\u00e9s ayant un&#8221; title_align=&#8221;uk-text-left&#8221; max_width=&#8221;title_large&#8221;][\/tw_heading][vc_row_inner][vc_column_inner width=&#8221;1\/3&#8243;][tw_chart_circle pie_title=&#8221;&#8221; pie_percent=&#8221;75&#8243; pie_track_width=&#8221;4&#8243; pie_bar_color=&#8221;#1e73be&#8221;][tw_text]<\/p>\n<p style=\"text-align: center;\">De ces b\u00e9b\u00e9s souffriront d\u2019asthme, de probl\u00e8mes li\u00e9s au cerveau et de limitations du fonctionnement \u00e0 long terme.<\/p>\n<p>[\/tw_text][\/vc_column_inner][vc_column_inner width=&#8221;1\/3&#8243;][tw_chart_circle pie_title=&#8221;&#8221; pie_percent=&#8221;0&#8243; pie_track_width=&#8221;4&#8243; pie_bar_color=&#8221;#1e73be&#8221; icon=&#8221;ionicons&#8221; ionicons=&#8221;ion-android-contact&#8221;][tw_text]<\/p>\n<p style=\"text-align: center;\">Une croissance diminu\u00e9e (poids, taille, indice de masse corporelle et p\u00e9rim\u00e8tre cr\u00e2nien) des enfants n\u00e9s avec un poids de naissance extr\u00eamement faible se poursuit \u00e0 l\u2019\u00e2ge scolaire.<\/p>\n<p>[\/tw_text][\/vc_column_inner][vc_column_inner width=&#8221;1\/3&#8243;][tw_chart_circle pie_title=&#8221;&#8221; pie_percent=&#8221;0&#8243; pie_track_width=&#8221;4&#8243; pie_bar_color=&#8221;#1e73be&#8221; icon=&#8221;openiconic&#8221; openiconic=&#8221;vc-oi vc-oi-eye&#8221;][tw_text]<\/p>\n<p style=\"text-align: center;\">\u00c0 l\u2019\u00e2ge scolaire, les enfants n\u00e9s avec un poids de naissance extr\u00eamement faible sont plus \u00e0 risque de souffrir d\u2019asthme, de paralysie c\u00e9r\u00e9brale, de probl\u00e8mes de la vision, d\u2019avoir des difficult\u00e9s motrices et des difficult\u00e9s d\u2019apprentissage.<\/p>\n<p>[\/tw_text][\/vc_column_inner][\/vc_row_inner][\/vc_column][\/vc_row][vc_row size=&#8221;uk-padding-remove-vertical&#8221; large_screens=&#8221;true&#8221; desktop=&#8221;true&#8221; css=&#8221;.vc_custom_1616811636071{margin-top: 40px !important;padding-bottom: 75px !important;}&#8221;][vc_column width=&#8221;1\/4&#8243;][\/vc_column][vc_column width=&#8221;3\/4&#8243;][tw_text]<\/p>\n<p style=\"text-align: right;\">[tw_button link=&#8221;https:\/\/info-prema.uqo.ca\/?page_id=10555&#8243;\u00a0 size=&#8221;small&#8221; style=&#8221;border uk-button-radius&#8221; hover=&#8221;dark-hover&#8221; icon_class=&#8221;ion-ios-arrow-thin-right&#8221; margin=&#8221;0,0,0,0&#8243; animate_icon=&#8221;true&#8221;]Moins de 1500g[\/tw_button]<\/p>\n<p>[\/tw_text][\/vc_column][\/vc_row]<\/p>\n<\/div>","protected":false},"excerpt":{"rendered":"<p>[vc_row tw_dimension_type=&#8221;custom-min-height&#8221; tw_dimension_height=&#8221;300&#8243; size=&#8221;uk-section-normal&#8221; uk_light=&#8221;true&#8221; tablet=&#8221;true&#8221; mobile=&#8221;true&#8221; overlay=&#8221;0.3&#8243; css=&#8221;.vc_custom_1616806783238{margin-bottom: 55px !important;background: #0a0a0a url(https:\/\/info-prema.uqo.ca\/wp-content\/uploads\/2021\/03\/nes_28_32_vue-1.jpg?id=11185) !important;background-position: center !important;background-repeat: no-repeat !important;background-size: cover !important;}&#8221;][vc_column][tw_heading heading_tag=&#8221;h2&#8243; title_animate=&#8221;&#8221; title=&#8221;Poids de naissance de moins de 1000g&#8221; subtitle=&#8221;Complications possibles de la pr\u00e9maturit\u00e9&#8221; css=&#8221;.vc_custom_1616722658148{background-position: center !important;background-repeat: no-repeat !important;background-size: cover !important;}&#8221;][\/tw_heading][\/vc_column][\/vc_row][vc_row tw_dimension_type=&#8221;custom-min-height&#8221; tw_dimension_height=&#8221;200&#8243; size=&#8221;uk-section-normal&#8221; uk_light=&#8221;true&#8221; large_screens=&#8221;true&#8221; desktop=&#8221;true&#8221; overlay=&#8221;0.3&#8243; css=&#8221;.vc_custom_1616806899887{margin-bottom: 45px !important;background: #0a0a0a url(https:\/\/info-prema.uqo.ca\/wp-content\/uploads\/2021\/03\/nes_28_32_vue-1.jpg?id=11185) !important;background-position: center [&hellip;]<\/p>\n","protected":false},"author":1,"featured_media":0,"parent":0,"menu_order":0,"comment_status":"closed","ping_status":"closed","template":"","meta":{"footnotes":""},"class_list":["post-10580","page","type-page","status-publish","hentry"],"_links":{"self":[{"href":"https:\/\/info-prema.uqo.ca\/index.php?rest_route=\/wp\/v2\/pages\/10580","targetHints":{"allow":["GET"]}}],"collection":[{"href":"https:\/\/info-prema.uqo.ca\/index.php?rest_route=\/wp\/v2\/pages"}],"about":[{"href":"https:\/\/info-prema.uqo.ca\/index.php?rest_route=\/wp\/v2\/types\/page"}],"author":[{"embeddable":true,"href":"https:\/\/info-prema.uqo.ca\/index.php?rest_route=\/wp\/v2\/users\/1"}],"replies":[{"embeddable":true,"href":"https:\/\/info-prema.uqo.ca\/index.php?rest_route=%2Fwp%2Fv2%2Fcomments&post=10580"}],"version-history":[{"count":20,"href":"https:\/\/info-prema.uqo.ca\/index.php?rest_route=\/wp\/v2\/pages\/10580\/revisions"}],"predecessor-version":[{"id":11550,"href":"https:\/\/info-prema.uqo.ca\/index.php?rest_route=\/wp\/v2\/pages\/10580\/revisions\/11550"}],"wp:attachment":[{"href":"https:\/\/info-prema.uqo.ca\/index.php?rest_route=%2Fwp%2Fv2%2Fmedia&parent=10580"}],"curies":[{"name":"wp","href":"https:\/\/api.w.org\/{rel}","templated":true}]}}