{"id":10616,"date":"2021-03-06T18:20:40","date_gmt":"2021-03-06T23:20:40","guid":{"rendered":"https:\/\/info-prema.uqo.ca\/?page_id=10616"},"modified":"2021-03-26T18:35:10","modified_gmt":"2021-03-26T23:35:10","slug":"actions-a-faire-3-7-3-2-2","status":"publish","type":"page","link":"https:\/\/info-prema.uqo.ca\/?page_id=10616","title":{"rendered":"R\u00e9f\u00e9rences Particularit\u00e9s"},"content":{"rendered":"<div class=\"wpb-content-wrapper\"><p>[vc_row tw_dimension_type=&#8221;custom-min-height&#8221; tw_dimension_height=&#8221;300&#8243; size=&#8221;uk-section-normal&#8221; uk_light=&#8221;true&#8221; tablet=&#8221;true&#8221; mobile=&#8221;true&#8221; overlay=&#8221;0.3&#8243; css=&#8221;.vc_custom_1616801594926{margin-bottom: 55px !important;background: #0a0a0a url(https:\/\/info-prema.uqo.ca\/wp-content\/uploads\/2021\/03\/references3.jpg?id=10988) !important;background-position: center !important;background-repeat: no-repeat !important;background-size: cover !important;}&#8221;][vc_column][tw_heading heading_tag=&#8221;h2&#8243; title_animate=&#8221;&#8221; title=&#8221;R\u00e9f\u00e9rences scientifiques&#8221; subtitle=&#8221;Particularit\u00e9s du pr\u00e9matur\u00e9&#8221; max_width=&#8221;title_full&#8221; css=&#8221;.vc_custom_1616801602812{padding-top: 15px !important;}&#8221;][\/tw_heading][\/vc_column][\/vc_row][vc_row tw_dimension_type=&#8221;custom-min-height&#8221; tw_dimension_height=&#8221;199&#8243; size=&#8221;uk-section-normal&#8221; uk_light=&#8221;true&#8221; large_screens=&#8221;true&#8221; desktop=&#8221;true&#8221; overlay=&#8221;0.4&#8243; css=&#8221;.vc_custom_1616801708338{margin-bottom: 25px !important;background: #0a0a0a url(https:\/\/info-prema.uqo.ca\/wp-content\/uploads\/2021\/03\/references3.jpg?id=10988) !important;background-position: center !important;background-repeat: no-repeat !important;background-size: cover !important;}&#8221;][vc_column][tw_heading heading_tag=&#8221;h2&#8243; title_animate=&#8221;&#8221; title=&#8221;R\u00e9f\u00e9rences scientifiques&#8221; subtitle=&#8221;Particularit\u00e9s du pr\u00e9matur\u00e9&#8221; max_width=&#8221;title_full&#8221; css=&#8221;.vc_custom_1616801602812{padding-top: 15px !important;}&#8221;][\/tw_heading][\/vc_column][\/vc_row][vc_row size=&#8221;uk-section-small&#8221; large_screens=&#8221;true&#8221; desktop=&#8221;true&#8221; css=&#8221;.vc_custom_1613862551229{padding-bottom: -50px !important;}&#8221;][vc_column][vc_wp_custommenu nav_menu=&#8221;115&#8243; title=&#8221;Sections&#8221;][\/vc_column][\/vc_row][vc_row size=&#8221;uk-padding-remove-vertical&#8221; css=&#8221;.vc_custom_1616801629136{padding-bottom: 75px !important;}&#8221;][vc_column][tw_text]<\/p>\n<ul>\n<li>Abdeyazdan, Z., Ghasemi, S., Marofi, M. &amp; Berjis, N. (2014). Motor responses and weight gaining in neonates through use of two methods of earmuff and receiving silence in NICU. <em>Scientific World Journal, 2014<\/em>. <a href=\"http:\/\/dx.doi.org\/10.1155\/2014\/864780\" target=\"_blank\" rel=\"noopener\">http:\/\/dx.doi.org\/10.1155\/2014\/864780<\/a><\/li>\n<li>Abujarir, R., Salama, H., Greer, W., Al Thani, M. &amp; Visda, F. (2012). The impact of earmuffs on vital signs in the neonatal intensive care unit. <em>Journal of Neonatal-Perinatal Medicine, 5<\/em> (3), 249-259. <a href=\"http:\/\/dx.doi.org\/10.3233\/NPM-2012-57511\" target=\"_blank\" rel=\"noopener\">http:\/\/dx.doi.org\/10.3233\/NPM-2012-57511<\/a><\/li>\n<li>Anand, K. J. S. (2019). Assessment of neonatal pain. Rep\u00e9r\u00e9 \u00e0: <a href=\"https:\/\/proxybiblio.uqo.ca:2211\/contents\/assessment-of-neonatal-pain?search=foetus%20tactile%20system&amp;source=search_result&amp;selectedTitle=6~150&amp;usage_type=default&amp;display_rank=6\" target=\"_blank\" rel=\"noopener\">https:\/\/proxybiblio.uqo.ca:2211\/contents\/assessment-of-neonatal-pain?search=foetus%20tactile%20system&amp;source=search_result&amp;selectedTitle=6~150&amp;usage_type=default&amp;display_rank=6<\/a><\/li>\n<li>Blackburn, S. T. (2003). <em>Maternal, fetal, and neonatal physiology: A clinical perspective <\/em>(2<sup>e<\/sup> \u00e9d.). Philadelphia, PA: W.B. Saunders.<\/li>\n<li>Fowler, J.R. &amp; Culpepper, L. (2020). Working during pregnancy. Rep\u00e9r\u00e9 \u00e0: <a href=\"https:\/\/proxybiblio.uqo.ca:2211\/contents\/working-during-pregnancy?search=foetus%20auditory%20system&amp;source=search_result&amp;selectedTitle=2~150&amp;usage_type=default&amp;display_rank=2\" target=\"_blank\" rel=\"noopener\">https:\/\/proxybiblio.uqo.ca:2211\/contents\/working-during-pregnancy?search=foetus%20auditory%20system&amp;source=search_result&amp;selectedTitle=2~150&amp;usage_type=default&amp;display_rank=2<\/a><\/li>\n<li>Glass, P. (2002). Development of the visual system and implications for early intervention. <em>Infants &amp; Young Children<\/em>, <em>15<\/em>(1), 1-10.<\/li>\n<li>Gouvernement du Canada. (2017). Le gouvernement du Canada investit dans la sant\u00e9 des pr\u00e9matur\u00e9s. Rep\u00e9r\u00e9 \u00e0\u00a0: <a href=\"https:\/\/www.canada.ca\/fr\/instituts-recherche-sante\/nouvelles\/2017\/05\/le_gouvernement_ducanadainvestitdanslasantedesprematures.html\" target=\"_blank\" rel=\"noopener\">https:\/\/www.canada.ca\/fr\/instituts-recherche-sante\/nouvelles\/2017\/05\/le_gouvernement_ducanadainvestitdanslasantedesprematures.html<\/a><\/li>\n<li>Gouvernement du Qu\u00e9bec. (2018). Portrait de la pr\u00e9maturit\u00e9 et des naissances ayant un faible poids pour l\u2019\u00e2ge gestationnel dans les communaut\u00e9s linguistiques au Qu\u00e9bec, 1989 \u00e0 2010. Rep\u00e9r\u00e9 \u00e0\u00a0: <a href=\"https:\/\/www.inspq.qc.ca\/sites\/default\/files\/publications\/2447_prematurite_naissances_faible_poids_age_gestationnel.pdf\" target=\"_blank\" rel=\"noopener\">https:\/\/www.inspq.qc.ca\/sites\/default\/files\/publications\/2447_prematurite_naissances_faible_poids_age_gestationnel.pdf<\/a><\/li>\n<li>Graven, S. N. (2004). Early neurosensory visual development of the fetus and newborn. <em>Clinics in \u00a0\u00a0\u00a0\u00a0\u00a0\u00a0\u00a0 Perinatology,<\/em> <em>31<\/em>(2), 199-216. <a href=\"https:\/\/doi.org\/10.1016\/j.clp.2004.04.010\" target=\"_blank\" rel=\"noopener\">https:\/\/doi.org\/10.1016\/j.clp.2004.04.010<\/a><\/li>\n<li>Graven, S. N. &amp; Browne, J. V. (2008). Visual development in the human fetus, infant, and young \u00a0\u00a0\u00a0\u00a0\u00a0\u00a0\u00a0\u00a0 child. <em>Newborn and Infant Nursing Reviews<\/em>, <em>8<\/em>(4), 194-201. \u00a0\u00a0\u00a0\u00a0\u00a0 <a href=\"https:\/\/doi.org\/10.1053\/j.nainr.2008.10.011\" target=\"_blank\" rel=\"noopener\">https:\/\/doi.org\/10.1053\/j.nainr.2008.10.011<\/a><\/li>\n<li>Graven S. N. (2011). Early visual development: implications for the neonatal intensive care unit and care.\u00a0<em>Clinics in perinatology<\/em>,\u00a0<em>38<\/em>(4), 671\u2013683. <a href=\"https:\/\/doi.org\/10.1016\/j.clp.2011.08.006\" target=\"_blank\" rel=\"noopener\">https:\/\/doi.org\/10.1016\/j.clp.2011.08.006<\/a><\/li>\n<li>Hassanein, S. M., El Raggal, N. M. &amp; Shalaby, A. A. (2013). Neonatal nursery noise: Practice- based learning and improvement.<em> Journal of Maternal-Fetal and Neonatal Medicine<\/em>, <em>26<\/em> \u00a0\u00a0\u00a0 (4), 392-395. <a href=\"https:\/\/doi.org\/10.3109\/14767058.2012.733759\" target=\"_blank\" rel=\"noopener\">https:\/\/doi.org\/10.3109\/14767058.2012.733759<\/a><\/li>\n<li>Kenner, C. &amp; McGrath, J. M. (2004). <em>Developmental Care of Newborn and Infants A guide for health professionals.<\/em> St-Louis, MO: Mosby.<\/li>\n<li>Kuhn, P., Zores, C., Langlet, C. Escande, B., Astruc, D. &amp; Dufour, A. (2013). Moderate acoustic changes can disrupt the sleep of very preterm infants in their incubators. <em>Acta Paeditrica<\/em>, 102 (10), 949-954.\u00a0 <a href=\"https:\/\/doi.org\/10.1111\/apa.12330\" target=\"_blank\" rel=\"noopener\">https:\/\/doi.org\/10.1111\/apa.12330<\/a><\/li>\n<li>Liaw, J-J., Yang, L., Ti, Y., Blackburn, S. T., Chang, Y-C. &amp; Sun, L-W. (2010). Non-nutritive sucking relieves pain for preterm infants during heel stick procedures in Taiwan. <em>Journal of Clinical Nursing<\/em>, <em>19<\/em>(19-20), 2741-2751. <a href=\"https:\/\/doi.org\/10.1111\/j.1365-2702.2010.03300.x\" target=\"_blank\" rel=\"noopener\">https:\/\/doi.org\/10.1111\/j.1365-2702.2010.03300.x<\/a><\/li>\n<li>Lipchock, S. V., Reed, D. R., &amp; Mennella, J. A. (2011). The gustatory and olfactory systems during infancy: implications for development of feeding behaviors in the high-risk neonate. Clinics in perinatology, 38(4), 627\u2013641. <a href=\"https:\/\/doi.org\/10.1016\/j.clp.2011.08.008\" target=\"_blank\" rel=\"noopener\">https:\/\/doi.org\/10.1016\/j.clp.2011.08.008<\/a><\/li>\n<li>Mandy, G.T. (2019). Short-Term Complications of the Preterm Infant. Rep\u00e9r\u00e9 \u00e0\u00a0: <a href=\"https:\/\/proxybiblio.uqo.ca:2211\/contents\/short-term-complications-of-the-preterm-infant?search=short%20term%20preterm%20infant&amp;source=search_result&amp;selectedTitle=1~150&amp;usage_type=default&amp;display_rank=1\" target=\"_blank\" rel=\"noopener\">https:\/\/proxybiblio.uqo.ca:2211\/contents\/short-term-complications-of-the-preterm-infant?search=short%20term%20preterm%20infant&amp;source=search_result&amp;selectedTitle=1~150&amp;usage_type=default&amp;display_rank=1<\/a><\/li>\n<li>Mandy, G.T. (2020). Long-Term Outcome of the Preterm Infant. Rep\u00e9r\u00e9 \u00e0\u00a0: <a href=\"https:\/\/proxybiblio.uqo.ca:2211\/contents\/long-term-outcome-of-the-preterm-infant?search=short%20term%20preterm%20infant&amp;topicRef=4965&amp;source=see_link\" target=\"_blank\" rel=\"noopener\">https:\/\/proxybiblio.uqo.ca:2211\/contents\/long-term-outcome-of-the-preterm-infant?search=short%20term%20preterm%20infant&amp;topicRef=4965&amp;source=see_link<\/a><\/li>\n<li>Martin, R. (2020). Pathophysiology, clinical manifestations, and diagnosis of respiratory distress syndrome in the newborn. Rep\u00e9r\u00e9 \u00e0\u00a0: <a href=\"https:\/\/proxybiblio.uqo.ca:2211\/contents\/pathophysiology-clinical-manifestations-and-diagnosis-of-respiratory-distress-syndrome-in-the-newborn?search=d%C3%A9veloppement%20pulmonaire%20foetus&amp;source=search_result&amp;selectedTitle=1~150&amp;usage_type=default&amp;display_rank=1\" target=\"_blank\" rel=\"noopener\">https:\/\/proxybiblio.uqo.ca:2211\/contents\/pathophysiology-clinical-manifestations-and-diagnosis-of-respiratory-distress-syndrome-in-the-newborn?search=d%C3%A9veloppement%20pulmonaire%20foetus&amp;source=search_result&amp;selectedTitle=1~150&amp;usage_type=default&amp;display_rank=1<\/a><\/li>\n<li>Martin, R. (2020). Pathogenesis, clinical manifestations, and diagnosis of apnea of prematurity. Rep\u00e9r\u00e9 \u00e0\u00a0: <a href=\"https:\/\/proxybiblio.uqo.ca:2211\/contents\/pathogenesis-clinical-manifestations-and-diagnosis-of-apnea-of-prematurity?search=preterm%20infant%20apnea&amp;source=search_result&amp;selectedTitle=1~150&amp;usage_type=default&amp;display_rank=1\" target=\"_blank\" rel=\"noopener\">https:\/\/proxybiblio.uqo.ca:2211\/contents\/pathogenesis-clinical-manifestations-and-diagnosis-of-apnea-of-prematurity?search=preterm%20infant%20apnea&amp;source=search_result&amp;selectedTitle=1~150&amp;usage_type=default&amp;display_rank=1<\/a><\/li>\n<li>Milette, I., Martel, M. J. &amp; Da Silva, M. (2019). <em>Les soins du d\u00e9veloppement: Assurer la neuroprotection des nouveau-n\u00e9s<\/em> (2<sup>e<\/sup> \u00e9d.), Montr\u00e9al, QC: \u00c9ditions du CHU Sainte-Justine.<\/li>\n<li>Sikorova, L., &amp; Kucova, J. (2012). The needs of mothers to newborns hospitalised in intensive care units. <em>Biomedical Papers<\/em>, <em>156<\/em>(4), 330-336. <a href=\"https:\/\/doi.org\/10.5507\/bp.2011.046\" target=\"_blank\" rel=\"noopener\">https:\/\/doi.org\/10.5507\/bp.2011.046<\/a><\/li>\n<li>White-Traut, R. C., Nelson, M. N., Burns, K. &amp; Cunningham, N. (1994). Environmental influences on the developing premature infant: Theoretical issues and applications to practice. <em>Journal of Obstetric, Gynecologic and Neonatal Nursing<\/em>, <em>23<\/em>(5), 393-401. <a href=\"https:\/\/doi.org\/10.1111\/j.1552-6909.1994.tb01896.x\" target=\"_blank\" rel=\"noopener\">https:\/\/doi.org\/10.1111\/j.1552-6909.1994.tb01896.x<\/a><\/li>\n<li>Whittingham, K., Boyd, R. N., Sanders, M. R. &amp; Colditz, P. (2014). Parenting and prematurity: Understanding parent experience and preferences for support. <em>Journal of Child &amp; Family Studies<\/em>, <em>23<\/em>(6), 1050-1061. <a href=\"https:\/\/doi.org\/10.1007\/s10826-013-9762-x\" target=\"_blank\" rel=\"noopener\">https:\/\/doi.org\/10.1007\/s10826-013-9762-x<\/a><\/li>\n<li>Wilson-Costello, D. &amp; Payne, A. (2020). Long-term neurodevelopment outcome of preterm infants: Epidemiology and risk factors. Rep\u00e9r\u00e9 \u00e0: <a href=\"https:\/\/proxybiblio.uqo.ca:2211\/contents\/long-term-neurodevelopmental-outcome-of-preterm-infants-epidemiology-and-risk-factors?search=long%20term%20neurodevelopmental%20preterm%20infant&amp;topicRef=103308&amp;source=see_link\" target=\"_blank\" rel=\"noopener\">https:\/\/proxybiblio.uqo.ca:2211\/contents\/long-term-neurodevelopmental-outcome-of-preterm-infants-epidemiology-and-risk-factors?search=long%20term%20neurodevelopmental%20preterm%20infant&amp;topicRef=103308&amp;source=see_link<\/a><\/li>\n<\/ul>\n<p>[\/tw_text][\/vc_column][\/vc_row][vc_row size=&#8221;uk-padding-remove-vertical&#8221; css=&#8221;.vc_custom_1615084614634{padding-bottom: 55px !important;}&#8221;][vc_column width=&#8221;1\/4&#8243;][\/vc_column][vc_column width=&#8221;1\/4&#8243;][\/vc_column][vc_column width=&#8221;1\/4&#8243;][tw_text]<\/p>\n<p style=\"text-align: right;\">[tw_button link=&#8221;https:\/\/info-prema.uqo.ca\/?page_id=10323&#8243;\u00a0 size=&#8221;small&#8221; style=&#8221;border uk-button-radius&#8221; hover=&#8221;light-hover&#8221; icon_class=&#8221;ion-ios-arrow-thin-right&#8221; margin=&#8221;0,0,0,0&#8243; animate_icon=&#8221;true&#8221;]R\u00e9f\u00e9rences R\u00f4le parental[\/tw_button]<\/p>\n<p>[\/tw_text][\/vc_column][vc_column width=&#8221;1\/4&#8243;][tw_text]<\/p>\n<p style=\"text-align: right;\">[tw_button link=&#8221;https:\/\/info-prema.uqo.ca\/?page_id=10634&#8243; size=&#8221;small&#8221; style=&#8221;border uk-button-radius&#8221; hover=&#8221;light-hover&#8221; icon_class=&#8221;ion-ios-arrow-thin-right&#8221; margin=&#8221;0,0,0,0&#8243; animate_icon=&#8221;true&#8221;]R\u00e9f\u00e9rences N\u00e9onatologie[\/tw_button]<\/p>\n<p>[\/tw_text][\/vc_column][\/vc_row]<\/p>\n<\/div>","protected":false},"excerpt":{"rendered":"<p>[vc_row tw_dimension_type=&#8221;custom-min-height&#8221; tw_dimension_height=&#8221;300&#8243; size=&#8221;uk-section-normal&#8221; uk_light=&#8221;true&#8221; tablet=&#8221;true&#8221; mobile=&#8221;true&#8221; overlay=&#8221;0.3&#8243; css=&#8221;.vc_custom_1616801594926{margin-bottom: 55px !important;background: #0a0a0a url(https:\/\/info-prema.uqo.ca\/wp-content\/uploads\/2021\/03\/references3.jpg?id=10988) !important;background-position: center !important;background-repeat: no-repeat !important;background-size: cover !important;}&#8221;][vc_column][tw_heading heading_tag=&#8221;h2&#8243; title_animate=&#8221;&#8221; title=&#8221;R\u00e9f\u00e9rences scientifiques&#8221; subtitle=&#8221;Particularit\u00e9s du pr\u00e9matur\u00e9&#8221; max_width=&#8221;title_full&#8221; css=&#8221;.vc_custom_1616801602812{padding-top: 15px !important;}&#8221;][\/tw_heading][\/vc_column][\/vc_row][vc_row tw_dimension_type=&#8221;custom-min-height&#8221; tw_dimension_height=&#8221;199&#8243; size=&#8221;uk-section-normal&#8221; uk_light=&#8221;true&#8221; large_screens=&#8221;true&#8221; desktop=&#8221;true&#8221; overlay=&#8221;0.4&#8243; css=&#8221;.vc_custom_1616801708338{margin-bottom: 25px !important;background: #0a0a0a url(https:\/\/info-prema.uqo.ca\/wp-content\/uploads\/2021\/03\/references3.jpg?id=10988) !important;background-position: center !important;background-repeat: no-repeat !important;background-size: cover !important;}&#8221;][vc_column][tw_heading heading_tag=&#8221;h2&#8243; title_animate=&#8221;&#8221; title=&#8221;R\u00e9f\u00e9rences scientifiques&#8221; subtitle=&#8221;Particularit\u00e9s [&hellip;]<\/p>\n","protected":false},"author":1,"featured_media":0,"parent":0,"menu_order":0,"comment_status":"closed","ping_status":"closed","template":"","meta":{"footnotes":""},"class_list":["post-10616","page","type-page","status-publish","hentry"],"_links":{"self":[{"href":"https:\/\/info-prema.uqo.ca\/index.php?rest_route=\/wp\/v2\/pages\/10616","targetHints":{"allow":["GET"]}}],"collection":[{"href":"https:\/\/info-prema.uqo.ca\/index.php?rest_route=\/wp\/v2\/pages"}],"about":[{"href":"https:\/\/info-prema.uqo.ca\/index.php?rest_route=\/wp\/v2\/types\/page"}],"author":[{"embeddable":true,"href":"https:\/\/info-prema.uqo.ca\/index.php?rest_route=\/wp\/v2\/users\/1"}],"replies":[{"embeddable":true,"href":"https:\/\/info-prema.uqo.ca\/index.php?rest_route=%2Fwp%2Fv2%2Fcomments&post=10616"}],"version-history":[{"count":15,"href":"https:\/\/info-prema.uqo.ca\/index.php?rest_route=\/wp\/v2\/pages\/10616\/revisions"}],"predecessor-version":[{"id":11427,"href":"https:\/\/info-prema.uqo.ca\/index.php?rest_route=\/wp\/v2\/pages\/10616\/revisions\/11427"}],"wp:attachment":[{"href":"https:\/\/info-prema.uqo.ca\/index.php?rest_route=%2Fwp%2Fv2%2Fmedia&parent=10616"}],"curies":[{"name":"wp","href":"https:\/\/api.w.org\/{rel}","templated":true}]}}