{"id":10634,"date":"2021-03-06T21:16:44","date_gmt":"2021-03-07T02:16:44","guid":{"rendered":"https:\/\/info-prema.uqo.ca\/?page_id=10634"},"modified":"2021-03-26T18:38:35","modified_gmt":"2021-03-26T23:38:35","slug":"actions-a-faire-3-7-3-2-2-2","status":"publish","type":"page","link":"https:\/\/info-prema.uqo.ca\/?page_id=10634","title":{"rendered":"R\u00e9f\u00e9rences N\u00e9onatologie"},"content":{"rendered":"<div class=\"wpb-content-wrapper\"><p>[vc_row tw_dimension_type=&#8221;custom-min-height&#8221; tw_dimension_height=&#8221;300&#8243; size=&#8221;uk-section-normal&#8221; uk_light=&#8221;true&#8221; tablet=&#8221;true&#8221; mobile=&#8221;true&#8221; css=&#8221;.vc_custom_1616801760011{margin-bottom: 55px !important;background: #0a0a0a url(https:\/\/info-prema.uqo.ca\/wp-content\/uploads\/2021\/03\/References.jpeg?id=10960) !important;background-position: center !important;background-repeat: no-repeat !important;background-size: cover !important;}&#8221;][vc_column][tw_heading heading_tag=&#8221;h2&#8243; title_animate=&#8221;&#8221; title=&#8221;R\u00e9f\u00e9rences scientifiques&#8221; subtitle=&#8221;N\u00e9onatologie&#8221; max_width=&#8221;title_full&#8221; css=&#8221;.vc_custom_1616801767495{padding-top: 15px !important;}&#8221;][\/tw_heading][\/vc_column][\/vc_row][vc_row tw_dimension_type=&#8221;custom-min-height&#8221; tw_dimension_height=&#8221;200&#8243; size=&#8221;uk-section-normal&#8221; uk_light=&#8221;true&#8221; large_screens=&#8221;true&#8221; desktop=&#8221;true&#8221; overlay=&#8221;0.3&#8243; css=&#8221;.vc_custom_1616801912066{margin-bottom: 25px !important;background: #0a0a0a url(https:\/\/info-prema.uqo.ca\/wp-content\/uploads\/2021\/03\/References.jpeg?id=10960) !important;background-position: center !important;background-repeat: no-repeat !important;background-size: cover !important;}&#8221;][vc_column][tw_heading heading_tag=&#8221;h2&#8243; title_animate=&#8221;&#8221; title=&#8221;R\u00e9f\u00e9rences scientifiques&#8221; subtitle=&#8221;N\u00e9onatologie&#8221; max_width=&#8221;title_full&#8221; css=&#8221;.vc_custom_1616801767495{padding-top: 15px !important;}&#8221;][\/tw_heading][\/vc_column][\/vc_row][vc_row size=&#8221;uk-section-small&#8221; large_screens=&#8221;true&#8221; desktop=&#8221;true&#8221; css=&#8221;.vc_custom_1613862551229{padding-bottom: -50px !important;}&#8221;][vc_column][vc_wp_custommenu nav_menu=&#8221;115&#8243; title=&#8221;Sections&#8221;][\/vc_column][\/vc_row][vc_row size=&#8221;uk-padding-remove-vertical&#8221; css=&#8221;.vc_custom_1616801890139{margin-bottom: 75px !important;}&#8221;][vc_column][tw_text]<\/p>\n<ul>\n<li>Alkozei, A., McMahon, E., &amp; Lahav, A. (2014). Stress levels and depressive symptoms in NICU mothers in the early postpartum period. <em>Journal of Maternal-Fetal &amp; Neonatal Medicine<\/em>, <em>27<\/em>(17), 1738-1743. <a href=\"https:\/\/doi.org\/10.3109\/14767058.2014.942626\" target=\"_blank\" rel=\"noopener\">https:\/\/doi.org\/10.3109\/14767058.2014.942626<\/a><\/li>\n<li>Ba\u00eda, I., Amorim, M., Silva, S., Kelly-Irving, M., de Freitas, C., &amp; Alves, E. (2016). Parenting very preterm infants and stress in Neonatal Intensive Care Units. <em>Early Human Development<\/em>, <em>101<\/em>, 3-9. <a href=\"https:\/\/doi.org\/10.1016\/j.earlhumdev.2016.04.001\" target=\"_blank\" rel=\"noopener\">https:\/\/doi.org\/10.1016\/j.earlhumdev.2016.04.001<\/a><\/li>\n<li>Kenner, C. &amp; McGrath, J. M. (2004). <em>Developmental Care of Newborn and Infants A guide for health professionals.<\/em> St-Louis, MO: Mosby.<\/li>\n<li>Koliouli, F., Gaudron, C. Z., &amp; Raynaud, J.-P. (2016). Stress, coping, and post-traumatic stress disorder of French fathers of premature infants. <em>Newborn &amp; Infant Nursing Reviews<\/em>, <em>16<\/em>(3), 110-114. <a href=\"https:\/\/doi.org\/10.1053\/j.nainr.2016.08.003\" target=\"_blank\" rel=\"noopener\">https:\/\/doi.org\/10.1053\/j.nainr.2016.08.003<\/a><\/li>\n<li>Sikorova, L., &amp; Kucova, J. (2012). The needs of mothers to newborns hospitalised in intensive care units.<em>Biomedical Papers<\/em>, <em>156<\/em>(4), 330-336. <a href=\"https:\/\/doi.org\/10.5507\/bp.2011.046\" target=\"_blank\" rel=\"noopener\">https:\/\/doi.org\/10.5507\/bp.2011.046<\/a><\/li>\n<\/ul>\n<p>[\/tw_text][\/vc_column][\/vc_row][vc_row size=&#8221;uk-padding-remove-vertical&#8221; css=&#8221;.vc_custom_1615083981945{padding-bottom: 55px !important;}&#8221;][vc_column width=&#8221;1\/4&#8243;][\/vc_column][vc_column width=&#8221;1\/4&#8243;][\/vc_column][vc_column width=&#8221;1\/4&#8243;][tw_text]<\/p>\n<p style=\"text-align: right;\">[tw_button link=&#8221;https:\/\/info-prema.uqo.ca\/?page_id=10323&#8243;\u00a0 size=&#8221;small&#8221; style=&#8221;border uk-button-radius&#8221; hover=&#8221;light-hover&#8221; icon_class=&#8221;ion-ios-arrow-thin-right&#8221; margin=&#8221;0,0,0,0&#8243; animate_icon=&#8221;true&#8221;]R\u00e9f\u00e9rences R\u00f4le parental[\/tw_button]<\/p>\n<p>[\/tw_text][\/vc_column][vc_column width=&#8221;1\/4&#8243;][tw_text]<\/p>\n<p style=\"text-align: right;\">[tw_button link=&#8221;https:\/\/info-prema.uqo.ca\/?page_id=10616&#8243;\u00a0 size=&#8221;small&#8221; style=&#8221;border uk-button-radius&#8221; hover=&#8221;light-hover&#8221; icon_class=&#8221;ion-ios-arrow-thin-right&#8221; margin=&#8221;0,0,0,0&#8243; animate_icon=&#8221;true&#8221;]R\u00e9f\u00e9rences Particularit\u00e9s[\/tw_button]<\/p>\n<p>[\/tw_text][\/vc_column][\/vc_row]<\/p>\n<\/div>","protected":false},"excerpt":{"rendered":"<p>[vc_row tw_dimension_type=&#8221;custom-min-height&#8221; tw_dimension_height=&#8221;300&#8243; size=&#8221;uk-section-normal&#8221; uk_light=&#8221;true&#8221; tablet=&#8221;true&#8221; mobile=&#8221;true&#8221; css=&#8221;.vc_custom_1616801760011{margin-bottom: 55px !important;background: #0a0a0a url(https:\/\/info-prema.uqo.ca\/wp-content\/uploads\/2021\/03\/References.jpeg?id=10960) !important;background-position: center !important;background-repeat: no-repeat !important;background-size: cover !important;}&#8221;][vc_column][tw_heading heading_tag=&#8221;h2&#8243; title_animate=&#8221;&#8221; title=&#8221;R\u00e9f\u00e9rences scientifiques&#8221; subtitle=&#8221;N\u00e9onatologie&#8221; max_width=&#8221;title_full&#8221; css=&#8221;.vc_custom_1616801767495{padding-top: 15px !important;}&#8221;][\/tw_heading][\/vc_column][\/vc_row][vc_row tw_dimension_type=&#8221;custom-min-height&#8221; tw_dimension_height=&#8221;200&#8243; size=&#8221;uk-section-normal&#8221; uk_light=&#8221;true&#8221; large_screens=&#8221;true&#8221; desktop=&#8221;true&#8221; overlay=&#8221;0.3&#8243; css=&#8221;.vc_custom_1616801912066{margin-bottom: 25px !important;background: #0a0a0a url(https:\/\/info-prema.uqo.ca\/wp-content\/uploads\/2021\/03\/References.jpeg?id=10960) !important;background-position: center !important;background-repeat: no-repeat !important;background-size: cover !important;}&#8221;][vc_column][tw_heading heading_tag=&#8221;h2&#8243; title_animate=&#8221;&#8221; title=&#8221;R\u00e9f\u00e9rences scientifiques&#8221; subtitle=&#8221;N\u00e9onatologie&#8221; max_width=&#8221;title_full&#8221; css=&#8221;.vc_custom_1616801767495{padding-top: 15px [&hellip;]<\/p>\n","protected":false},"author":1,"featured_media":0,"parent":0,"menu_order":0,"comment_status":"closed","ping_status":"closed","template":"","meta":{"footnotes":""},"class_list":["post-10634","page","type-page","status-publish","hentry"],"_links":{"self":[{"href":"https:\/\/info-prema.uqo.ca\/index.php?rest_route=\/wp\/v2\/pages\/10634","targetHints":{"allow":["GET"]}}],"collection":[{"href":"https:\/\/info-prema.uqo.ca\/index.php?rest_route=\/wp\/v2\/pages"}],"about":[{"href":"https:\/\/info-prema.uqo.ca\/index.php?rest_route=\/wp\/v2\/types\/page"}],"author":[{"embeddable":true,"href":"https:\/\/info-prema.uqo.ca\/index.php?rest_route=\/wp\/v2\/users\/1"}],"replies":[{"embeddable":true,"href":"https:\/\/info-prema.uqo.ca\/index.php?rest_route=%2Fwp%2Fv2%2Fcomments&post=10634"}],"version-history":[{"count":14,"href":"https:\/\/info-prema.uqo.ca\/index.php?rest_route=\/wp\/v2\/pages\/10634\/revisions"}],"predecessor-version":[{"id":11430,"href":"https:\/\/info-prema.uqo.ca\/index.php?rest_route=\/wp\/v2\/pages\/10634\/revisions\/11430"}],"wp:attachment":[{"href":"https:\/\/info-prema.uqo.ca\/index.php?rest_route=%2Fwp%2Fv2%2Fmedia&parent=10634"}],"curies":[{"name":"wp","href":"https:\/\/api.w.org\/{rel}","templated":true}]}}