{"id":10654,"date":"2021-03-06T21:48:53","date_gmt":"2021-03-07T02:48:53","guid":{"rendered":"https:\/\/info-prema.uqo.ca\/?page_id=10654"},"modified":"2021-03-29T19:07:33","modified_gmt":"2021-03-30T00:07:33","slug":"lallaitement-2-2-2-2","status":"publish","type":"page","link":"https:\/\/info-prema.uqo.ca\/?page_id=10654","title":{"rendered":"\u00c0 propos"},"content":{"rendered":"<div class=\"wpb-content-wrapper\"><p>[vc_row tw_dimension_type=&#8221;custom-min-height&#8221; tw_dimension_height=&#8221;300&#8243; size=&#8221;uk-section-normal&#8221; uk_light=&#8221;true&#8221; tablet=&#8221;true&#8221; mobile=&#8221;true&#8221; overlay=&#8221;0.3&#8243; css=&#8221;.vc_custom_1616805918939{margin-bottom: 55px !important;background: rgba(10,10,10,0.91) url(https:\/\/info-prema.uqo.ca\/wp-content\/uploads\/2017\/07\/home-health4.jpg?id=6667) !important;background-position: center !important;background-repeat: no-repeat !important;background-size: cover !important;*background-color: rgb(10,10,10) !important;}&#8221;][vc_column][tw_heading heading_tag=&#8221;h2&#8243; title_animate=&#8221;&#8221; title=&#8221;\u00c0 propos&#8221; subtitle=&#8221;&#8221; css=&#8221;.vc_custom_1616806030855{padding-top: 30px !important;background-position: center !important;background-repeat: no-repeat !important;background-size: cover !important;}&#8221;][\/tw_heading][\/vc_column][\/vc_row][vc_row tw_dimension_type=&#8221;custom-min-height&#8221; tw_dimension_height=&#8221;200&#8243; size=&#8221;uk-section-normal&#8221; uk_light=&#8221;true&#8221; large_screens=&#8221;true&#8221; desktop=&#8221;true&#8221; overlay=&#8221;0.3&#8243; css=&#8221;.vc_custom_1616806013852{margin-bottom: 45px !important;background: rgba(10,10,10,0.91) url(https:\/\/info-prema.uqo.ca\/wp-content\/uploads\/2017\/07\/home-health4.jpg?id=6667) !important;background-position: center !important;background-repeat: no-repeat !important;background-size: cover !important;*background-color: rgb(10,10,10) !important;}&#8221;][vc_column][tw_heading heading_tag=&#8221;h2&#8243; title_animate=&#8221;&#8221; title=&#8221;\u00c0 propos&#8221; subtitle=&#8221;&#8221; max_width=&#8221;title_full&#8221; css=&#8221;.vc_custom_1616806047268{padding-top: 30px !important;background-position: center !important;background-repeat: no-repeat !important;background-size: cover !important;}&#8221;][\/tw_heading][\/vc_column][\/vc_row][vc_row size=&#8221;uk-padding-remove-vertical&#8221;][vc_column][tw_heading title_animate=&#8221;true&#8221; title=&#8221;&#8221; subtitle=&#8221;\u00c0 propos de&#8221; title_align=&#8221;uk-text-left&#8221; max_width=&#8221;title_full&#8221;][\/tw_heading][tw_heading title_animate=&#8221;&#8221; title=&#8221;l&#8217;\u00e9quipe impliqu\u00e9e&#8221; subtitle=&#8221;&#8221; title_align=&#8221;uk-text-left&#8221; max_width=&#8221;title_full&#8221;]Ce site internet a \u00e9t\u00e9 cr\u00e9\u00e9 via un projet de recherche initi\u00e9 par Dr. Val\u00e9rie Lebel, approuv\u00e9 par le Comit\u00e9 \u00e9thique de la recherche de l\u2019Universit\u00e9 du Qu\u00e9bec en Outaouais. Durant la premi\u00e8re phase ce projet, une \u00e9bauche de site internet a \u00e9t\u00e9 pr\u00e9sent\u00e9e \u00e0 des parents de b\u00e9b\u00e9s pr\u00e9matur\u00e9s ayant eu un s\u00e9jour r\u00e9cent dans une unit\u00e9 de soins intensifs n\u00e9onataux du Qu\u00e9bec et des infirmi\u00e8res de ces unit\u00e9s. Des parents des quatre coins du Qu\u00e9bec ont donn\u00e9 leur avis sur ce qu\u2019ils d\u00e9siraient dans un site internet informatif portant sur le parcours des familles hospitalis\u00e9es suite \u00e0 la naissance d\u2019un b\u00e9b\u00e9 pr\u00e9matur\u00e9. Pour lire l\u2019article complet qui d\u00e9crit la phase de d\u00e9veloppement du site internet, vous pouvez cliquer <a href=\"https:\/\/doi.org\/10.1016\/j.jnn.2020.06.004\" target=\"_blank\" rel=\"noopener\">ici<\/a>.<\/p>\n<p>Ce site internet a comme mission d\u2019\u00eatre une source d\u2019information fiable, compr\u00e9hensible et d\u2019actualit\u00e9 pour les parents d\u2019enfants hospitalis\u00e9s en n\u00e9onatalogie. L\u2019objectif de cette plateforme est d\u2019offrir du soutien, d\u2019informer et de rassurer les parents de b\u00e9b\u00e9s pr\u00e9matur\u00e9s tout en explorant les ressources qui leur sont disponibles au Qu\u00e9bec. Le d\u00e9veloppement de ce site est financ\u00e9 par des subventions de recherche octroy\u00e9e par l\u2019Universit\u00e9 du Qu\u00e9bec en Outaouais et le Conseil pour la Recherche en Sciences Humaines du Canada. Vous pouvez nous faire part de vos commentaires en cliquant sur le lien <u><a href=\"mailto:valerie.lebel@uqo.ca\">contactez-nous<\/a>.<\/u>[\/tw_heading][\/vc_column][\/vc_row][vc_row size=&#8221;uk-section-normal&#8221;][vc_column width=&#8221;1\/4&#8243;][tw_team name=&#8221;Dr. Val\u00e9rie Lebel&#8221; position=&#8221;Chercheure principale&#8221; socials=&#8221;&#8221; image=&#8221;10659&#8243;][\/vc_column][vc_column width=&#8221;3\/4&#8243;][tw_text]Dr. Val\u00e9rie Lebel est la chercheure principale de ce projet et fondatrice de ce site internet. Elle a d\u00e9but\u00e9 sa carri\u00e8re d\u2019infirmi\u00e8re en n\u00e9onatalogie au Centre Hospitalier Universitaire Ste-Justine o\u00f9 elle a travaill\u00e9 pendant 13 ans. Elle a en m\u00eame temps compl\u00e9t\u00e9 son Doctorat en sciences infirmi\u00e8res \u00e0 l\u2019Universit\u00e9 de Montr\u00e9al en 2016.<\/p>\n<p>Depuis 2017, elle est professeure au D\u00e9partement des Sciences Infirmi\u00e8res de l&#8217;Universit\u00e9 du Qu\u00e9bec en Outaouais et ses projets de recherche portent sur la pr\u00e9maturit\u00e9 et l\u2019impact sur les familles. En 2019, elle a d\u00e9but\u00e9 des \u00e9tudes postdoctorales au D\u00e9partement des Sciences Infirmi\u00e8res de l&#8217;Universit\u00e9 de Turku en Finlande. Pour plus d\u2019information, consultez le site de l&#8217;<a href=\"https:\/\/uqo.ca\/profil\/lebeva01\" target=\"_blank\" rel=\"noopener\">UQO<\/a>.[\/tw_text][\/vc_column][\/vc_row][vc_row size=&#8221;uk-padding-remove-vertical&#8221; css=&#8221;.vc_custom_1615681015934{padding-top: 20px !important;}&#8221;][vc_column][tw_heading heading_tag=&#8221;h5&#8243; title_animate=&#8221;&#8221; title=&#8221;Merci \u00e0 ces personnes qui ont collabor\u00e9 ou soutenu le d\u00e9veloppement de ce site internet&#8221; subtitle=&#8221;&#8221; title_align=&#8221;uk-text-left&#8221; max_width=&#8221;title_full&#8221;][\/tw_heading][\/vc_column][\/vc_row][vc_row size=&#8221;uk-padding-remove-vertical&#8221; css=&#8221;.vc_custom_1615680990312{padding-bottom: 55px !important;}&#8221;][vc_column width=&#8221;1\/4&#8243;][tw_team name=&#8221;Nancy Feeley&#8221; position=&#8221;Inf. Ph.D&#8221; socials=&#8221;&#8221; css=&#8221;.vc_custom_1615680978801{background-color: #ffffff !important;background-position: 0 0 !important;background-repeat: no-repeat !important;}&#8221; image=&#8221;10899&#8243;][tw_text]Professeure au &#8220;<em>Ingram School of Nursing&#8221;<\/em> de l\u2019Universit\u00e9 McGill, Montr\u00e9al, QC, Canada. Elle est aussi chercheure senior au centre de recherche en sciences infirmi\u00e8res de l\u2019institut Lady Davis de l\u2019H\u00f4pital G\u00e9n\u00e9ral Juif de Montr\u00e9al, Canada.[\/tw_text][\/vc_column][vc_column width=&#8221;1\/4&#8243;][tw_team name=&#8221;Marjolaine H\u00e9on&#8221; position=&#8221;Inf. Ph.D&#8221; socials=&#8221;&#8221; image=&#8221;10899&#8243;][tw_text]Professeure au D\u00e9partement de Sciences infirmi\u00e8res de l\u2019Universit\u00e9 de Montr\u00e9al, QC, Canada.[\/tw_text][\/vc_column][vc_column width=&#8221;1\/4&#8243;][tw_team name=&#8221;Audrey Larone Juneau&#8221; position=&#8221;Inf. MSc&#8221; socials=&#8221;&#8221; image=&#8221;10899&#8243;][tw_text]Cadre conseil en sciences infirmi\u00e8res, volet soins critiques, Unit\u00e9 n\u00e9onatale, Centre Hospitalier Universitaire Ste-Justine.[\/tw_text][\/vc_column][vc_column width=&#8221;1\/4&#8243;][tw_team name=&#8221;Kimberley Collette&#8221; position=&#8221;inf. clinicienne. MSc (c)&#8221; socials=&#8221;&#8221; image=&#8221;10899&#8243;][tw_text]\u00c9tudiante en sciences infirmi\u00e8res \u00e0 l\u2019Universit\u00e9 du Qu\u00e9bec \u00e0 Trois-Rivi\u00e8res, QC, Canada.[\/tw_text][\/vc_column][\/vc_row][vc_row size=&#8221;uk-section-xsmall&#8221; css=&#8221;.vc_custom_1615087172711{background-image: url(https:\/\/info-prema.uqo.ca\/wp-content\/uploads\/2021\/03\/testimonial-bg.jpg?id=10662) !important;background-position: center !important;background-repeat: no-repeat !important;background-size: cover !important;}&#8221;][vc_column][tw_call_to_action callout_title=&#8221;Pour toutes questions et commentaires.&#8221; uk_light=&#8221;true&#8221;][tw_button link=&#8221;mailto:valerie.lebel@uqo.ca&#8221; target=&#8221;_blank&#8221; color=&#8221;#FFFFFF&#8221; size=&#8221;small&#8221; style=&#8221;border uk-button-radius&#8221; hover=&#8221;dark-hover&#8221; icon_class=&#8221;ion-ios-arrow-thin-right&#8221; margin=&#8221;0,0,0,0&#8243; animate_icon=&#8221;true&#8221;]Contactez-nous[\/tw_button][\/tw_call_to_action][\/vc_column][\/vc_row][vc_row size=&#8221;uk-padding-remove-vertical&#8221; css=&#8221;.vc_custom_1615087249280{padding-bottom: 55px !important;}&#8221;][vc_column][\/vc_column][\/vc_row]<\/p>\n<\/div>","protected":false},"excerpt":{"rendered":"<p>[vc_row tw_dimension_type=&#8221;custom-min-height&#8221; tw_dimension_height=&#8221;300&#8243; size=&#8221;uk-section-normal&#8221; uk_light=&#8221;true&#8221; tablet=&#8221;true&#8221; mobile=&#8221;true&#8221; overlay=&#8221;0.3&#8243; css=&#8221;.vc_custom_1616805918939{margin-bottom: 55px !important;background: rgba(10,10,10,0.91) url(https:\/\/info-prema.uqo.ca\/wp-content\/uploads\/2017\/07\/home-health4.jpg?id=6667) !important;background-position: center !important;background-repeat: no-repeat !important;background-size: cover !important;*background-color: rgb(10,10,10) !important;}&#8221;][vc_column][tw_heading heading_tag=&#8221;h2&#8243; title_animate=&#8221;&#8221; title=&#8221;\u00c0 propos&#8221; subtitle=&#8221;&#8221; css=&#8221;.vc_custom_1616806030855{padding-top: 30px !important;background-position: center !important;background-repeat: no-repeat !important;background-size: cover !important;}&#8221;][\/tw_heading][\/vc_column][\/vc_row][vc_row tw_dimension_type=&#8221;custom-min-height&#8221; tw_dimension_height=&#8221;200&#8243; size=&#8221;uk-section-normal&#8221; uk_light=&#8221;true&#8221; large_screens=&#8221;true&#8221; desktop=&#8221;true&#8221; overlay=&#8221;0.3&#8243; css=&#8221;.vc_custom_1616806013852{margin-bottom: 45px !important;background: rgba(10,10,10,0.91) url(https:\/\/info-prema.uqo.ca\/wp-content\/uploads\/2017\/07\/home-health4.jpg?id=6667) !important;background-position: center !important;background-repeat: no-repeat !important;background-size: cover !important;*background-color: [&hellip;]<\/p>\n","protected":false},"author":1,"featured_media":0,"parent":0,"menu_order":0,"comment_status":"closed","ping_status":"closed","template":"","meta":{"footnotes":""},"class_list":["post-10654","page","type-page","status-publish","hentry"],"_links":{"self":[{"href":"https:\/\/info-prema.uqo.ca\/index.php?rest_route=\/wp\/v2\/pages\/10654","targetHints":{"allow":["GET"]}}],"collection":[{"href":"https:\/\/info-prema.uqo.ca\/index.php?rest_route=\/wp\/v2\/pages"}],"about":[{"href":"https:\/\/info-prema.uqo.ca\/index.php?rest_route=\/wp\/v2\/types\/page"}],"author":[{"embeddable":true,"href":"https:\/\/info-prema.uqo.ca\/index.php?rest_route=\/wp\/v2\/users\/1"}],"replies":[{"embeddable":true,"href":"https:\/\/info-prema.uqo.ca\/index.php?rest_route=%2Fwp%2Fv2%2Fcomments&post=10654"}],"version-history":[{"count":26,"href":"https:\/\/info-prema.uqo.ca\/index.php?rest_route=\/wp\/v2\/pages\/10654\/revisions"}],"predecessor-version":[{"id":11553,"href":"https:\/\/info-prema.uqo.ca\/index.php?rest_route=\/wp\/v2\/pages\/10654\/revisions\/11553"}],"wp:attachment":[{"href":"https:\/\/info-prema.uqo.ca\/index.php?rest_route=%2Fwp%2Fv2%2Fmedia&parent=10654"}],"curies":[{"name":"wp","href":"https:\/\/api.w.org\/{rel}","templated":true}]}}