{"id":11626,"date":"2022-10-07T08:40:19","date_gmt":"2022-10-07T13:40:19","guid":{"rendered":"https:\/\/info-prema.uqo.ca\/?page_id=11626"},"modified":"2022-10-07T10:14:42","modified_gmt":"2022-10-07T15:14:42","slug":"lallaitement-2-4-2-2","status":"publish","type":"page","link":"https:\/\/info-prema.uqo.ca\/?page_id=11626","title":{"rendered":"T\u00e9moignages"},"content":{"rendered":"<div class=\"wpb-content-wrapper\"><p>[vc_row tw_dimension_type=&#8221;custom-min-height&#8221; tw_dimension_height=&#8221;300&#8243; size=&#8221;uk-section-normal&#8221; uk_light=&#8221;true&#8221; tablet=&#8221;true&#8221; mobile=&#8221;true&#8221; overlay=&#8221;0.3&#8243; css=&#8221;.vc_custom_1665153525841{margin-bottom: 55px !important;background: #0a0a0a url(https:\/\/info-prema.uqo.ca\/wp-content\/uploads\/2022\/10\/temoignages-e1665153488920.jpg?id=11662) !important;background-position: center !important;background-repeat: no-repeat !important;background-size: cover !important;}&#8221;][vc_column][tw_heading heading_tag=&#8221;h2&#8243; title_animate=&#8221;&#8221; title=&#8221;T\u00e9moignages&#8221; subtitle=&#8221;&#8221; max_width=&#8221;title_large&#8221; css=&#8221;.vc_custom_1665149896336{padding-top: 30px !important;background-position: center !important;background-repeat: no-repeat !important;background-size: cover !important;}&#8221;][\/tw_heading][\/vc_column][\/vc_row][vc_row tw_dimension_type=&#8221;custom-min-height&#8221; tw_dimension_height=&#8221;200&#8243; size=&#8221;uk-section-normal&#8221; uk_light=&#8221;true&#8221; large_screens=&#8221;true&#8221; desktop=&#8221;true&#8221; overlay=&#8221;0.3&#8243; css=&#8221;.vc_custom_1665154005048{margin-bottom: 45px !important;background: #0a0a0a url(https:\/\/info-prema.uqo.ca\/wp-content\/uploads\/2022\/10\/temoignages-e1665153488920.jpg?id=11662) !important;background-position: center !important;background-repeat: no-repeat !important;background-size: cover !important;}&#8221;][vc_column][tw_heading heading_tag=&#8221;h2&#8243; title_animate=&#8221;&#8221; title=&#8221;T\u00e9moignages&#8221; subtitle=&#8221;&#8221; max_width=&#8221;title_large&#8221; css=&#8221;.vc_custom_1665153989347{padding-top: 30px !important;background-position: center !important;background-repeat: no-repeat !important;background-size: cover !important;}&#8221;][\/tw_heading][\/vc_column][\/vc_row][vc_row size=&#8221;uk-padding-remove-vertical&#8221;][vc_column][tw_heading title_animate=&#8221;&#8221; title=&#8221;T\u00e9moignages&#8221; subtitle=&#8221;&#8221; title_align=&#8221;uk-text-left&#8221; max_width=&#8221;title_full&#8221;]Voici quelques t\u00e9moignages de parents qui ont v\u00e9cu la naissance pr\u00e9matur\u00e9e de leur enfant.[\/tw_heading][\/vc_column][\/vc_row][vc_row size=&#8221;uk-padding-remove-vertical&#8221; css=&#8221;.vc_custom_1615606107827{padding-top: 40px !important;}&#8221;][vc_column][tw_heading title_animate=&#8221;&#8221; title=&#8221;Alice &#8211; 30.1 semaines&#8221; subtitle=&#8221;&#8221; title_align=&#8221;uk-text-left&#8221; max_width=&#8221;title_full&#8221;]Alice a \u00e9t\u00e9 con\u00e7ue apr\u00e8s 2 fausses couches, pendant ma grossesse \u00e7a \u00e9t\u00e9 beaucoup de stress par peur de la perdre mais aussi beaucoup de joie lors de mes 28 semaines j&#8217;ai eu le sentiment que j&#8217;allais accoucher bient\u00f4t alors j&#8217;ai commencer \u00e0 faire ma valise&#8230; \u00c0 29.3 semaines, le 13 novembre j&#8217;ai commenc\u00e9 a avoir des contractions alors le lendemain je d\u00e9cide de consulter. En arrivant l\u00e0 bas j&#8217;\u00e9tais d\u00e9j\u00e0 dilat\u00e9e \u00e0 3 cm et demi effac\u00e9e \u00e0 75% et\u00a0 Shawinigan d\u00e9cide de me transf\u00e9rer. Pendant 4 jours, ils on essay\u00e9 d&#8217; arr\u00eater le travail mais ma poulette voulait sortir.<\/p>\n<p>Le 18 novembre ma belle Alice est venue au monde \u00e0 Montr\u00e9al \u00e0 l&#8217;H\u00f4pital Maisonneuve-Rosemont \u00e0 1720 grammes \u00e0 30.1 semaines Nous avons pass\u00e9 3 semaines \u00e0 Montr\u00e9al et apr\u00e8s nous avons \u00e9t\u00e9 transf\u00e9r\u00e9s dans notre ville \u00e0 Shawinigan. Nous sommes sortis apr\u00e8s 61 jours d&#8217;hospitalisation en tout Alice est rendue \u00e0 18 mois et va super bien.[\/tw_heading][vc_row_inner][vc_column_inner width=&#8221;1\/3&#8243;][tw_gallery images=&#8221;11630&#8243; lightbox=&#8221;&#8221;][\/vc_column_inner][vc_column_inner width=&#8221;1\/3&#8243;][tw_gallery images=&#8221;11629&#8243; lightbox=&#8221;&#8221;][\/vc_column_inner][vc_column_inner width=&#8221;1\/3&#8243;][tw_gallery images=&#8221;11667&#8243; lightbox=&#8221;&#8221;][\/vc_column_inner][\/vc_row_inner][vc_row_inner][vc_column_inner][\/vc_column_inner][\/vc_row_inner][\/vc_column][\/vc_row][vc_row size=&#8221;uk-padding-remove-vertical&#8221; css=&#8221;.vc_custom_1615605895761{padding-top: 40px !important;}&#8221;][vc_column][tw_heading title_animate=&#8221;&#8221; title=&#8221;Jules &#038; Estelle &#8211; 31 semaines&#8221; subtitle=&#8221;&#8221; title_align=&#8221;uk-text-left&#8221; max_width=&#8221;title_full&#8221;]Jules et Estelle sont n\u00e9s le 21 juillet 2021 \u00e0 31 semaines avec un gros retard de croissance. Sur les derni\u00e8res photos, ils ont 10 mois d\u2019\u00e2ge r\u00e9el.[\/tw_heading][\/vc_column][\/vc_row][vc_row size=&#8221;uk-padding-remove-vertical&#8221; css=&#8221;.vc_custom_1615605513942{padding-top: 20px !important;background-position: center !important;background-repeat: no-repeat !important;background-size: cover !important;}&#8221;][vc_column width=&#8221;1\/3&#8243;][tw_gallery images=&#8221;11644&#8243; layout=&#8221;justified&#8221; row_height=&#8221;400&#8243;][\/vc_column][vc_column width=&#8221;1\/3&#8243;][tw_gallery images=&#8221;11645&#8243; layout=&#8221;justified&#8221; row_height=&#8221;500&#8243; row_height_max=&#8221;true&#8221;][\/vc_column][vc_column width=&#8221;1\/3&#8243;][tw_gallery images=&#8221;11646&#8243; layout=&#8221;justified&#8221; row_height=&#8221;400&#8243;][\/vc_column][\/vc_row][vc_row size=&#8221;uk-section-normal&#8221; css=&#8221;.vc_custom_1614307177104{background-position: center !important;background-repeat: no-repeat !important;background-size: cover !important;}&#8221;][vc_column css=&#8221;.vc_custom_1665155588560{padding-top: 50px !important;padding-right: 50px !important;padding-bottom: 50px !important;padding-left: 50px !important;background-color: #eaeaea !important;}&#8221;][tw_heading title_animate=&#8221;&#8221; title=&#8221;Pour connecter avec la communaut\u00e9 de parents&#8221; subtitle=&#8221;&#8221; title_align=&#8221;uk-text-left&#8221; max_width=&#8221;title_full&#8221;]Si vous souhaitez \u00e9changer avec d&#8217;autres parents concernant votre exp\u00e9rience en n\u00e9onatologie, il existe plusieurs groupes Facebook de parents de nouveau-n\u00e9s pr\u00e9matur\u00e9s au Qu\u00e9bec.<\/p>\n<p><a class=\"x1i10hfl xjbqb8w x6umtig x1b1mbwd xaqea5y xav7gou x9f619 x1ypdohk xt0psk2 xe8uvvx xdj266r x11i5rnm xat24cr x1mh8g0r xexx8yu x4uap5 x18d9i69 xkhd6sd x16tdsg8 x1hl2dhg xggy1nq x1a2a7pz x1heor9g xt0b8zv x1xlr1w8\" tabindex=\"0\" role=\"link\" href=\"https:\/\/www.facebook.com\/groups\/12387038802\/\">Les b\u00e9b\u00e9s pr\u00e9matur\u00e9s du Qu\u00e9bec<\/a><\/p>\n<p><a class=\"x1i10hfl xjbqb8w x6umtig x1b1mbwd xaqea5y xav7gou x9f619 x1ypdohk xt0psk2 xe8uvvx xdj266r x11i5rnm xat24cr x1mh8g0r xexx8yu x4uap5 x18d9i69 xkhd6sd x16tdsg8 x1hl2dhg xggy1nq x1a2a7pz x1heor9g xt0b8zv x1xlr1w8\" tabindex=\"0\" role=\"link\" href=\"https:\/\/www.facebook.com\/groups\/196664322037\/\">B\u00e9b\u00e9 Pr\u00e9matur\u00e9 Quebec<\/a>[\/tw_heading][\/vc_column][\/vc_row]<\/p>\n<\/div>","protected":false},"excerpt":{"rendered":"<p>[vc_row tw_dimension_type=&#8221;custom-min-height&#8221; tw_dimension_height=&#8221;300&#8243; size=&#8221;uk-section-normal&#8221; uk_light=&#8221;true&#8221; tablet=&#8221;true&#8221; mobile=&#8221;true&#8221; overlay=&#8221;0.3&#8243; css=&#8221;.vc_custom_1665153525841{margin-bottom: 55px !important;background: #0a0a0a url(https:\/\/info-prema.uqo.ca\/wp-content\/uploads\/2022\/10\/temoignages-e1665153488920.jpg?id=11662) !important;background-position: center !important;background-repeat: no-repeat !important;background-size: cover !important;}&#8221;][vc_column][tw_heading heading_tag=&#8221;h2&#8243; title_animate=&#8221;&#8221; title=&#8221;T\u00e9moignages&#8221; subtitle=&#8221;&#8221; max_width=&#8221;title_large&#8221; css=&#8221;.vc_custom_1665149896336{padding-top: 30px !important;background-position: center !important;background-repeat: no-repeat !important;background-size: cover !important;}&#8221;][\/tw_heading][\/vc_column][\/vc_row][vc_row tw_dimension_type=&#8221;custom-min-height&#8221; tw_dimension_height=&#8221;200&#8243; size=&#8221;uk-section-normal&#8221; uk_light=&#8221;true&#8221; large_screens=&#8221;true&#8221; desktop=&#8221;true&#8221; overlay=&#8221;0.3&#8243; css=&#8221;.vc_custom_1665154005048{margin-bottom: 45px !important;background: #0a0a0a url(https:\/\/info-prema.uqo.ca\/wp-content\/uploads\/2022\/10\/temoignages-e1665153488920.jpg?id=11662) !important;background-position: center !important;background-repeat: no-repeat !important;background-size: cover !important;}&#8221;][vc_column][tw_heading heading_tag=&#8221;h2&#8243; title_animate=&#8221;&#8221; [&hellip;]<\/p>\n","protected":false},"author":1,"featured_media":0,"parent":0,"menu_order":0,"comment_status":"closed","ping_status":"closed","template":"","meta":{"footnotes":""},"class_list":["post-11626","page","type-page","status-publish","hentry"],"_links":{"self":[{"href":"https:\/\/info-prema.uqo.ca\/index.php?rest_route=\/wp\/v2\/pages\/11626","targetHints":{"allow":["GET"]}}],"collection":[{"href":"https:\/\/info-prema.uqo.ca\/index.php?rest_route=\/wp\/v2\/pages"}],"about":[{"href":"https:\/\/info-prema.uqo.ca\/index.php?rest_route=\/wp\/v2\/types\/page"}],"author":[{"embeddable":true,"href":"https:\/\/info-prema.uqo.ca\/index.php?rest_route=\/wp\/v2\/users\/1"}],"replies":[{"embeddable":true,"href":"https:\/\/info-prema.uqo.ca\/index.php?rest_route=%2Fwp%2Fv2%2Fcomments&post=11626"}],"version-history":[{"count":38,"href":"https:\/\/info-prema.uqo.ca\/index.php?rest_route=\/wp\/v2\/pages\/11626\/revisions"}],"predecessor-version":[{"id":11682,"href":"https:\/\/info-prema.uqo.ca\/index.php?rest_route=\/wp\/v2\/pages\/11626\/revisions\/11682"}],"wp:attachment":[{"href":"https:\/\/info-prema.uqo.ca\/index.php?rest_route=%2Fwp%2Fv2%2Fmedia&parent=11626"}],"curies":[{"name":"wp","href":"https:\/\/api.w.org\/{rel}","templated":true}]}}