{"id":1403,"date":"2017-06-16T08:02:12","date_gmt":"2017-06-16T08:02:12","guid":{"rendered":"http:\/\/lvly.themewaves.com\/?page_id=1403"},"modified":"2022-10-07T09:48:32","modified_gmt":"2022-10-07T14:48:32","slug":"24-28-semaines","status":"publish","type":"page","link":"https:\/\/info-prema.uqo.ca\/?page_id=1403","title":{"rendered":"N\u00e9s \u00e0 moins de 28 semaines"},"content":{"rendered":"<div class=\"wpb-content-wrapper\"><p>[vc_row tw_dimension_type=&#8221;custom-min-height&#8221; tw_dimension_height=&#8221;300&#8243; size=&#8221;uk-section-normal&#8221; uk_light=&#8221;true&#8221; tablet=&#8221;true&#8221; mobile=&#8221;true&#8221; overlay=&#8221;0.3&#8243; css=&#8221;.vc_custom_1616802529673{margin-bottom: 55px !important;background: #0a0a0a url(https:\/\/info-prema.uqo.ca\/wp-content\/uploads\/2021\/03\/nes_24_28-1-e1616721405602.jpg?id=11179) !important;background-position: center !important;background-repeat: no-repeat !important;background-size: cover !important;}&#8221;][vc_column][tw_heading heading_tag=&#8221;h2&#8243; title_animate=&#8221;&#8221; title=&#8221;N\u00e9s \u00e0 moins de 28 semaines&#8221; subtitle=&#8221;&#8221; max_width=&#8221;title_full&#8221;][\/tw_heading][\/vc_column][\/vc_row][vc_row tw_dimension_type=&#8221;custom-min-height&#8221; tw_dimension_height=&#8221;200&#8243; size=&#8221;uk-section-normal&#8221; uk_light=&#8221;true&#8221; large_screens=&#8221;true&#8221; desktop=&#8221;true&#8221; overlay=&#8221;0.3&#8243; css=&#8221;.vc_custom_1616802516983{margin-bottom: 55px !important;background: #0a0a0a url(https:\/\/info-prema.uqo.ca\/wp-content\/uploads\/2021\/03\/nes_24_28-1-e1616721405602.jpg?id=11179) !important;background-position: center !important;background-repeat: no-repeat !important;background-size: cover !important;}&#8221;][vc_column][tw_heading heading_tag=&#8221;h2&#8243; title_animate=&#8221;&#8221; title=&#8221;N\u00e9s \u00e0 moins de 28 semaines&#8221; subtitle=&#8221;&#8221; max_width=&#8221;title_full&#8221; css=&#8221;.vc_custom_1665154111529{padding-top: 30px !important;}&#8221;][\/tw_heading][\/vc_column][\/vc_row][vc_row size=&#8221;uk-padding-remove-vertical&#8221;][vc_column][tw_heading title_animate=&#8221;true&#8221; title=&#8221;&#8221; subtitle=&#8221;N\u00e9s \u00e0 moins de 28 semaines&#8221; title_align=&#8221;uk-text-left&#8221; max_width=&#8221;title_full&#8221;][\/tw_heading][tw_heading title_animate=&#8221;&#8221; title=&#8221;D\u00e9veloppement des poumons&#8221; subtitle=&#8221;&#8221; title_align=&#8221;uk-text-left&#8221; max_width=&#8221;title_full&#8221;][\/tw_heading][\/vc_column][\/vc_row][vc_row size=&#8221;uk-padding-remove-vertical&#8221; css=&#8221;.vc_custom_1616802826370{margin-bottom: 45px !important;}&#8221;][vc_column width=&#8221;1\/4&#8243;][tw_image image=&#8221;11181&#8243; align=&#8221;uk-text-left&#8221;][\/vc_column][vc_column width=&#8221;3\/4&#8243;][tw_text]Le d\u00e9veloppement des poumons continue avec la derni\u00e8re \u00e9tape qui se poursuit jusqu\u2019\u00e0 la 40<sup>e<\/sup> semaine de grossesse (fin de la grossesse). La derni\u00e8re partie des poumons, les alv\u00e9oles, se d\u00e9veloppent. Les alv\u00e9oles sont les petits sacs dans lesquels les \u00e9changes gazeux se font pour permettre \u00e0 l\u2019oxyg\u00e8ne de circuler dans le sang.<\/p>\n<p>\u00c0 partir de 28 semaines, un liquide \u00e9pais, le surfactant, commence \u00e0 \u00eatre form\u00e9 dans les alv\u00e9oles. Ce liquide favorise le gonflement des poumons pour les \u00e9changes gazeux. La quantit\u00e9 totale requise dans les poumons sera seulement pr\u00e9sente vers 38 \u00e0 40 semaines de grossesse. Ceci veut dire que le d\u00e9veloppement des poumons du b\u00e9b\u00e9 de moins de 28 semaines n\u2019est pas complet puisqu\u2019il y a un manque de surfactant (liquide \u00e9pais) et qu\u2019une aide respiratoire peut \u00eatre requise.[\/tw_text][\/vc_column][\/vc_row][vc_row size=&#8221;uk-section-xsmall&#8221;][vc_column][tw_heading title_animate=&#8221;true&#8221; title=&#8221;&#8221; subtitle=&#8221;N\u00e9s \u00e0 moins de 28 semaines&#8221; title_align=&#8221;uk-text-left&#8221; max_width=&#8221;title_full&#8221;][\/tw_heading][tw_heading title_animate=&#8221;&#8221; title=&#8221;D\u00e9veloppement du syst\u00e8me nerveux&#8221; subtitle=&#8221;&#8221; title_align=&#8221;uk-text-left&#8221; max_width=&#8221;title_full&#8221;]\u00c0 cette p\u00e9riode, le cerveau et le syst\u00e8me nerveux se d\u00e9veloppent rapidement, puisqu\u2019ils sont immatures. \u00c0 cause de cette immaturit\u00e9, le pr\u00e9matur\u00e9 de moins de 32 semaines de grossesse a de la difficult\u00e9 \u00e0 maintenir un \u00e9quilibre pour ses signes vitaux (respirations, pouls et autres) et il peut faire des bradycardies (diminution du pouls) et des apn\u00e9es (arr\u00eat respiratoire pendant quelques secondes).[\/tw_heading][\/vc_column][\/vc_row][vc_row size=&#8221;uk-section-xsmall&#8221; css=&#8221;.vc_custom_1616802806976{margin-bottom: 45px !important;}&#8221;][vc_column width=&#8221;1\/2&#8243;][tw_iconbox icon=&#8221;fontawesome&#8221; fontawesome=&#8221;fas fa-assistive-listening-systems&#8221; title=&#8221;L&#8217;ou\u00efe et l&#8217;oreille&#8221;]Le b\u00e9b\u00e9 commence \u00e0 entendre vers 23 \u00e0 24 semaines de grossesse et le cerveau per\u00e7oit les signaux du syst\u00e8me auditif vers 26 \u00e0 28 semaines de grossesse. Le syst\u00e8me auditif de ces b\u00e9b\u00e9s est donc immature et ne lui permet pas d\u2019analyser correctement les sons entendus. Il est donc important d\u2019\u00eatre prudent pour ne pas exposer votre b\u00e9b\u00e9 \u00e0 des bruits forts en parlant doucement, en fermant doucement les portes de l\u2019incubateur, ainsi que les portes d\u2019armoires et la porte \u00e0 l\u2019entr\u00e9e de la chambre, en \u00e9vitant de d\u00e9poser des choses sur l\u2019incubateur, en \u00e9vitant de porter des souliers bruyants et tout autre geste qui r\u00e9duit le bruit pr\u00e9sent pr\u00e8s de votre b\u00e9b\u00e9.[\/tw_iconbox][tw_iconbox icon=&#8221;fi_image&#8221; title=&#8221;Le go\u00fbt&#8221; fi_image=&#8221;10431&#8243;]Le sens du go\u00fbt se d\u00e9veloppe entre la 20<sup>e<\/sup> et la 40<sup>e<\/sup> semaine de grossesse. Dans l\u2019ut\u00e9rus (ventre de la m\u00e8re), le f\u0153tus boit du liquide amniotique (liquide pr\u00e9sent dans le ventre de la m\u00e8re lors de la grossesse), ce qui favorise le d\u00e9veloppement de son sens du go\u00fbt. De plus, le liquide amniotique go\u00fbte presque comme le lait maternel. Ce fait explique pourquoi les b\u00e9b\u00e9s peuvent reconna\u00eetre l\u2019odeur et le go\u00fbt du lait maternel de leur m\u00e8re.<\/p>\n<p>Entre 24 et 28 semaines de grossesse, votre b\u00e9b\u00e9 d\u00e9veloppe encore son sens du go\u00fbt et il est expos\u00e9 \u00e0 des go\u00fbts parfois non agr\u00e9ables en n\u00e9onatologie (m\u00e9dicaments, \u00e9quipement m\u00e9dical et autres). Il est donc important de s\u2019assurer que votre b\u00e9b\u00e9 est expos\u00e9 \u00e0 des go\u00fbts agr\u00e9ables, tels que le lait maternel pour lui fournir une stimulation positive. Aussi, le fait que le b\u00e9b\u00e9 boit du liquide amniotique lors de la derni\u00e8re \u00e9tape de la grossesse l\u2019aide \u00e0 d\u00e9velopper son r\u00e9flexe de succion (t\u00e9ter) et de d\u00e9glutition (avaler).<\/p>\n<p>Pour les pr\u00e9matur\u00e9s de moins de 32 semaines de grossesse, cette p\u00e9riode de d\u00e9glutition du liquide amniotique est plus courte et leur r\u00e9flexe de succion n\u2019est pas bien d\u00e9velopp\u00e9. Par cons\u00e9quent, votre b\u00e9b\u00e9 de moins de 28 semaines n\u2019a pas la capacit\u00e9 de t\u00e9ter de fa\u00e7on efficace pour se nourrir.[\/tw_iconbox][\/vc_column][vc_column width=&#8221;1\/2&#8243;][tw_iconbox icon=&#8221;ionicons&#8221; ionicons=&#8221;ion-eye&#8221; title=&#8221;La vue et l&#8217;oeil&#8221;]Le pr\u00e9matur\u00e9 \u00e2g\u00e9 de moins de 28 semaines de grossesse poss\u00e8de les principaux \u00e9l\u00e9ments de leur syst\u00e8me de la vue, mais ils n\u2019ont pas de r\u00e9flexe pupillaire (pupille qui se r\u00e9duit lorsqu\u2019elle re\u00e7oit beaucoup de lumi\u00e8re). De plus, ses paupi\u00e8res sont tr\u00e8s minces et laissent passer la lumi\u00e8re m\u00eame lorsqu\u2019elles sont ferm\u00e9es. Aussi, il est incapable de maintenir ses paupi\u00e8res ferm\u00e9es pendant longtemps.<\/p>\n<p>Le pr\u00e9matur\u00e9 de moins de 28 semaines de grossesse n\u2019a pas la capacit\u00e9 de limiter la quantit\u00e9 de lumi\u00e8re qui atteint ses yeux. Il est donc important de diminuer l\u2019\u00e9clairage qui va dans ses yeux en \u00e9vitant de relever la couverture protectrice sur l\u2019incubateur au niveau de son visage, en \u00e9vitant d\u2019allumer une lampe qui augmente l\u2019\u00e9clairage qui se rend \u00e0 votre b\u00e9b\u00e9, en recouvrant ses yeux lorsque vous lui faites des soins.[\/tw_iconbox][tw_iconbox icon=&#8221;ionicons&#8221; ionicons=&#8221;ion-android-hand&#8221; title=&#8221;Le toucher&#8221;]Le sens du toucher est le premier \u00e0 se d\u00e9velopper. D\u00e8s la 20<sup>e<\/sup> semaine de grossesse, le f\u0153tus a les \u00e9l\u00e9ments de la peau n\u00e9cessaires pour toucher et ressentir la douleur et la temp\u00e9rature. La peau de votre b\u00e9b\u00e9 pr\u00e9matur\u00e9 est tr\u00e8s mince \u00e0 ce stade. Il est important de le manipuler doucement pour \u00e9viter les blessures ou un toucher non agr\u00e9able pour lui. Aussi, il ne faut pas manipuler votre b\u00e9b\u00e9 trop souvent puisque ceci peut augmenter son stress et il peut faire des grimaces, des mouvements des mains \u00e0 la bouche, des mains en \u00e9ventail, et des mouvements du corps comme se remuer.<\/p>\n<p>Un toucher r\u00e9confortant pour votre b\u00e9b\u00e9 est de d\u00e9poser vos mains en regroupant ses membres en position f\u0153tale ou d\u2019\u00eatre plac\u00e9 sur vous lors d\u2019une s\u00e9ance de m\u00e9thode kangourou.[\/tw_iconbox][\/vc_column][\/vc_row][vc_row size=&#8221;uk-section-xsmall&#8221;][vc_column width=&#8221;2\/3&#8243;][tw_heading title_animate=&#8221;true&#8221; title=&#8221;&#8221; subtitle=&#8221;N\u00e9s \u00e0 moins de 28 semaines&#8221; title_align=&#8221;uk-text-left&#8221; max_width=&#8221;title_full&#8221;][\/tw_heading][tw_heading title_animate=&#8221;&#8221; title=&#8221;D\u00e9veloppement des muscles&#8221; subtitle=&#8221;&#8221; title_align=&#8221;uk-text-left&#8221; max_width=&#8221;title_full&#8221;][\/tw_heading][tw_text]Pendant cette p\u00e9riode, le b\u00e9b\u00e9 pr\u00e9matur\u00e9 a une masse musculaire, des tendons et un tonus immatures. Il n\u2019est pas capable de d\u00e9fier la gravit\u00e9 pour se placer en position f\u0153tale (petite boule). Il adopte donc une position d\u2019extension de tous ses membres et a besoin de couvertures et de petits rouleaux ou coussins pour se positionner en position f\u0153tale.[\/tw_text][\/vc_column][vc_column width=&#8221;1\/3&#8243;][tw_image image=&#8221;9339&#8243; align=&#8221;uk-text-left&#8221;][\/vc_column][\/vc_row][vc_row size=&#8221;uk-padding-remove-vertical&#8221; css=&#8221;.vc_custom_1614747445659{padding-bottom: 75px !important;}&#8221;][vc_column width=&#8221;2\/3&#8243;][\/vc_column][vc_column width=&#8221;1\/3&#8243;][vc_row_inner][vc_column_inner][tw_text]<\/p>\n<p style=\"text-align: right;\">[tw_button link=&#8221;https:\/\/info-prema.uqo.ca\/?page_id=10441&#8243;\u00a0 size=&#8221;small&#8221; style=&#8221;border uk-button-radius&#8221; hover=&#8221;dark-hover&#8221; icon_class=&#8221;ion-ios-arrow-thin-right&#8221; margin=&#8221;0,0,0,0&#8243; animate_icon=&#8221;true&#8221;]N\u00e9s entre 28 et 32 semaines[\/tw_button]<\/p>\n<p>[\/tw_text][\/vc_column_inner][\/vc_row_inner][\/vc_column][\/vc_row]<\/p>\n<\/div>","protected":false},"excerpt":{"rendered":"<p>[vc_row tw_dimension_type=&#8221;custom-min-height&#8221; tw_dimension_height=&#8221;300&#8243; size=&#8221;uk-section-normal&#8221; uk_light=&#8221;true&#8221; tablet=&#8221;true&#8221; mobile=&#8221;true&#8221; overlay=&#8221;0.3&#8243; css=&#8221;.vc_custom_1616802529673{margin-bottom: 55px !important;background: #0a0a0a url(https:\/\/info-prema.uqo.ca\/wp-content\/uploads\/2021\/03\/nes_24_28-1-e1616721405602.jpg?id=11179) !important;background-position: center !important;background-repeat: no-repeat !important;background-size: cover !important;}&#8221;][vc_column][tw_heading heading_tag=&#8221;h2&#8243; title_animate=&#8221;&#8221; title=&#8221;N\u00e9s \u00e0 moins de 28 semaines&#8221; subtitle=&#8221;&#8221; max_width=&#8221;title_full&#8221;][\/tw_heading][\/vc_column][\/vc_row][vc_row tw_dimension_type=&#8221;custom-min-height&#8221; tw_dimension_height=&#8221;200&#8243; size=&#8221;uk-section-normal&#8221; uk_light=&#8221;true&#8221; large_screens=&#8221;true&#8221; desktop=&#8221;true&#8221; overlay=&#8221;0.3&#8243; css=&#8221;.vc_custom_1616802516983{margin-bottom: 55px !important;background: #0a0a0a url(https:\/\/info-prema.uqo.ca\/wp-content\/uploads\/2021\/03\/nes_24_28-1-e1616721405602.jpg?id=11179) !important;background-position: center !important;background-repeat: no-repeat !important;background-size: cover !important;}&#8221;][vc_column][tw_heading heading_tag=&#8221;h2&#8243; title_animate=&#8221;&#8221; title=&#8221;N\u00e9s \u00e0 moins de [&hellip;]<\/p>\n","protected":false},"author":1,"featured_media":0,"parent":0,"menu_order":0,"comment_status":"closed","ping_status":"closed","template":"","meta":{"footnotes":""},"class_list":["post-1403","page","type-page","status-publish","hentry"],"_links":{"self":[{"href":"https:\/\/info-prema.uqo.ca\/index.php?rest_route=\/wp\/v2\/pages\/1403","targetHints":{"allow":["GET"]}}],"collection":[{"href":"https:\/\/info-prema.uqo.ca\/index.php?rest_route=\/wp\/v2\/pages"}],"about":[{"href":"https:\/\/info-prema.uqo.ca\/index.php?rest_route=\/wp\/v2\/types\/page"}],"author":[{"embeddable":true,"href":"https:\/\/info-prema.uqo.ca\/index.php?rest_route=\/wp\/v2\/users\/1"}],"replies":[{"embeddable":true,"href":"https:\/\/info-prema.uqo.ca\/index.php?rest_route=%2Fwp%2Fv2%2Fcomments&post=1403"}],"version-history":[{"count":89,"href":"https:\/\/info-prema.uqo.ca\/index.php?rest_route=\/wp\/v2\/pages\/1403\/revisions"}],"predecessor-version":[{"id":11673,"href":"https:\/\/info-prema.uqo.ca\/index.php?rest_route=\/wp\/v2\/pages\/1403\/revisions\/11673"}],"wp:attachment":[{"href":"https:\/\/info-prema.uqo.ca\/index.php?rest_route=%2Fwp%2Fv2%2Fmedia&parent=1403"}],"curies":[{"name":"wp","href":"https:\/\/api.w.org\/{rel}","templated":true}]}}