{"id":1426,"date":"2017-06-16T08:11:58","date_gmt":"2017-06-16T08:11:58","guid":{"rendered":"http:\/\/lvly.themewaves.com\/?page_id=1426"},"modified":"2022-11-22T19:54:31","modified_gmt":"2022-11-23T00:54:31","slug":"home-health","status":"publish","type":"page","link":"https:\/\/info-prema.uqo.ca\/","title":{"rendered":"Accueil"},"content":{"rendered":"<div class=\"wpb-content-wrapper\"><p>[vc_row tw_dimension_type=&#8221;custom-min-height&#8221; tw_dimension_height=&#8221;300&#8243; size=&#8221;uk-section-normal&#8221; uk_light=&#8221;true&#8221; tablet=&#8221;true&#8221; mobile=&#8221;true&#8221; overlay=&#8221;0.4&#8243; css=&#8221;.vc_custom_1616788649217{background: #0a0a0a url(https:\/\/info-prema.uqo.ca\/wp-content\/uploads\/2021\/03\/acceuil-1-e1616461936354.jpg?id=11102) !important;background-position: center !important;background-repeat: no-repeat !important;background-size: cover !important;}&#8221;][vc_column][tw_heading heading_tag=&#8221;h2&#8243; title_animate=&#8221;&#8221; title=&#8221;La n\u00e9onatologie et vous&#8221; subtitle=&#8221;Site informatif destin\u00e9 aux parents&#8221; max_width=&#8221;title_full&#8221; animation=&#8221;fadeInUp&#8221; animation_repeat=&#8221;true&#8221; css=&#8221;.vc_custom_1616788690419{padding-top: 55px !important;}&#8221;]Apr\u00e8s la naissance de votre enfant, il est hospitalis\u00e9 en n\u00e9onatologie et vous recevez beaucoup d&#8217;informations. Ce site vous permet de consulter du contenu informatif au moment et \u00e0 l&#8217;endroit qui vous convient.[\/tw_heading][\/vc_column][\/vc_row][vc_row tw_dimension_type=&#8221;custom-min-height&#8221; tw_dimension_height=&#8221;300&#8243; size=&#8221;uk-section-normal&#8221; uk_light=&#8221;true&#8221; large_screens=&#8221;true&#8221; desktop=&#8221;true&#8221; overlay=&#8221;0.4&#8243; css=&#8221;.vc_custom_1616788617875{background: #0a0a0a url(https:\/\/info-prema.uqo.ca\/wp-content\/uploads\/2021\/03\/acceuil-1-e1616461936354.jpg?id=11102) !important;background-position: center !important;background-repeat: no-repeat !important;background-size: cover !important;}&#8221;][vc_column][tw_heading heading_tag=&#8221;h2&#8243; title_animate=&#8221;&#8221; title=&#8221;La n\u00e9onatologie et vous&#8221; subtitle=&#8221;Site informatif destin\u00e9 aux parents&#8221; max_width=&#8221;title_full&#8221; animation=&#8221;fadeInUp&#8221; animation_repeat=&#8221;true&#8221; css=&#8221;.vc_custom_1669164722119{padding-top: 15px !important;}&#8221;]Apr\u00e8s la naissance de votre enfant, il est hospitalis\u00e9 en n\u00e9onatologie et vous recevez beaucoup d&#8217;informations. Ce site vous permet de consulter du contenu informatif au moment et \u00e0 l&#8217;endroit qui vous convient.[\/tw_heading][\/vc_column][\/vc_row][vc_row size=&#8221;uk-section-normal&#8221;][vc_column css=&#8221;.vc_custom_1534985569496{border-bottom-width: 0px !important;padding-bottom: 0px !important;}&#8221;][tw_heading title_animate=&#8221;&#8221; title=&#8221;\u00catre parent en n\u00e9onatologie&#8221; subtitle=&#8221;S&#8217;adapter \u00e0 cette situation particuli\u00e8re&#8221; max_width=&#8221;title_full&#8221;]Lors de l\u2019hospitalisation de votre b\u00e9b\u00e9 en n\u00e9onatologie, il est normal de ressentir plusieurs \u00e9motions diff\u00e9rentes et de ressentir du stress occasionn\u00e9 par votre nouveau r\u00f4le de parent, par l\u2019apparence et le comportement de votre b\u00e9b\u00e9 et par l\u2019environnement de la n\u00e9onatologie. Ce sentiment de stress peut \u00eatre pr\u00e9sent d\u00e8s les premiers jours de l\u2019hospitalisation et peut durer plusieurs semaines par la suite. Pour vous aider \u00e0 faire face \u00e0 cette situation impr\u00e9vue et particuli\u00e8re ce site vous offre des informations adapt\u00e9es, fiables et tir\u00e9es des recherches r\u00e9centes faites aupr\u00e8s de parents ayant v\u00e9cu cette exp\u00e9rience.[\/tw_heading][\/vc_column][\/vc_row][vc_row content_width=&#8221;uk-container-fullwidth&#8221; size=&#8221;uk-padding-remove-vertical&#8221; gutter=&#8221;uk-grid-collapse&#8221;][vc_column width=&#8221;1\/3&#8243; custom_class=&#8221;uk-light uk-padding-xlarge&#8221; uk_light=&#8221;true&#8221; overlay=&#8221;0.5&#8243; css=&#8221;.vc_custom_1616462252659{background: #0a0a0a url(https:\/\/info-prema.uqo.ca\/wp-content\/uploads\/2021\/03\/implication_parentale_acceuil.jpg?id=11105) !important;background-position: center !important;background-repeat: no-repeat !important;background-size: cover !important;}&#8221;][tw_heading heading_tag=&#8221;h5&#8243; title_animate=&#8221;&#8221; title=&#8221;IMPLICATION PARENTALE&#8221; subtitle=&#8221;&#8221; title_align=&#8221;uk-text-left&#8221; css=&#8221;.vc_custom_1615595692917{padding-bottom: 20px !important;}&#8221;]Pour s\u2019impliquer dans les soins de votre b\u00e9b\u00e9, il faut vous accorder du temps. Dans votre apprentissage \u00e0 prendre soins de votre b\u00e9b\u00e9 pr\u00e9matur\u00e9, il est normal de vivre plusieurs \u00e9tapes avant de se sentir compl\u00e8tement \u00e0 l\u2019aise.[\/tw_heading][tw_button link=&#8221;url:https%3A%2F%2Finfo-prema.uqo.ca%2F%3Fpage_id%3D1399|title:En%20savoir%20plus|target:_blank&#8221; color=&#8221;#ffffff&#8221; style=&#8221;border uk-button-radius&#8221; hover=&#8221;light-hover&#8221; icon=&#8221;ionicons&#8221; ionicons=&#8221;ion-android-arrow-forward&#8221;][\/vc_column][vc_column width=&#8221;1\/3&#8243; custom_class=&#8221;uk-light uk-padding-xlarge&#8221; css=&#8221;.vc_custom_1535071898548{background-color: #6fb1c7 !important;}&#8221;][tw_heading heading_tag=&#8221;h5&#8243; title_animate=&#8221;&#8221; title=&#8221;Allaitement&#8221; subtitle=&#8221;&#8221; title_align=&#8221;uk-text-left&#8221; css=&#8221;.vc_custom_1615595912619{padding-bottom: 20px !important;}&#8221;]Les b\u00e9b\u00e9s pr\u00e9matur\u00e9s ont des besoins nutritionnels augment\u00e9s durant la p\u00e9riode n\u00e9onatale car ils ont moins de r\u00e9serves de graisse et sont plus \u00e0 risque d\u2019infection et autres probl\u00e8mes de sant\u00e9 qui augmentent les besoins en \u00e9nergie.[\/tw_heading][tw_button link=&#8221;url:https%3A%2F%2Finfo-prema.uqo.ca%2F%3Fpage_id%3D9867|title:En%20savoir%20plus|target:_blank&#8221; color=&#8221;#ffffff&#8221; style=&#8221;border uk-button-radius&#8221; hover=&#8221;light-hover&#8221; icon=&#8221;ionicons&#8221; ionicons=&#8221;ion-android-arrow-forward&#8221;][\/vc_column][vc_column width=&#8221;1\/3&#8243; custom_class=&#8221;uk-padding-xlarge&#8221; css=&#8221;.vc_custom_1535495161655{background-color: #eaeaea !important;}&#8221;][tw_heading heading_tag=&#8221;h5&#8243; title_animate=&#8221;&#8221; title=&#8221;Planification du cong\u00e9&#8221; subtitle=&#8221;&#8221; title_align=&#8221;uk-text-left&#8221; css=&#8221;.vc_custom_1615595965892{padding-bottom: 20px !important;}&#8221;]Il est important d\u2019aborder le sujet du d\u00e9part de l\u2019unit\u00e9 n\u00e9onatale avec l\u2019\u00e9quipe soignante tr\u00e8s t\u00f4t dans le s\u00e9jour hospitalier. Ceci permet d\u2019avoir des attentes r\u00e9alistes et de pouvoir bien se pr\u00e9parer \u00e0 l\u2019arriv\u00e9e du b\u00e9b\u00e9 \u00e0 la maison.[\/tw_heading][tw_button link=&#8221;url:https%3A%2F%2Finfo-prema.uqo.ca%2F%3Fpage_id%3D10274|title:En%20savoir%20plus|target:_blank&#8221; color=&#8221;#0a0a0a&#8221; style=&#8221;border uk-button-radius&#8221; hover=&#8221;dark-hover&#8221; icon=&#8221;ionicons&#8221; ionicons=&#8221;ion-android-arrow-forward&#8221;][\/vc_column][\/vc_row][vc_row size=&#8221;uk-section-xsmall&#8221; css=&#8221;.vc_custom_1616787446365{padding-top: 55px !important;}&#8221;][vc_column][tw_heading title_animate=&#8221;&#8221; title=&#8221;Particularit\u00e9s du pr\u00e9matur\u00e9&#8221; subtitle=&#8221;tout ce que vous devez savoir&#8221; max_width=&#8221;title_full&#8221; css=&#8221;.vc_custom_1615596402079{padding-bottom: px !important;}&#8221;]Lorsque vous \u00eates en contact avec votre b\u00e9b\u00e9, il est normal que l\u2019apparence et les comportements de celui-ci vous apportent des r\u00e9flexions et des questionnements. Certains \u00e9l\u00e9ments qui occasionnent du stress et qui portent \u00e0 r\u00e9fl\u00e9chir ont \u00e9t\u00e9 rapport\u00e9s par des parents ayant un b\u00e9b\u00e9 en n\u00e9onatologie.[\/tw_heading][\/vc_column][\/vc_row][vc_row size=&#8221;uk-section-small&#8221;][vc_column width=&#8221;1\/2&#8243;][tw_flipbox css=&#8221;.vc_custom_1536693945968{margin-right: 0px !important;margin-left: 0px !important;}&#8221;][tw_flipbox_item icon=&#8221;entypo&#8221; entypo=&#8221;entypo-icon entypo-icon-eye&#8221; animation=&#8221;fadeOutUp&#8221; animation_delay=&#8221;50&#8243; uk_light=&#8221;true&#8221; layout=&#8221;top_center&#8221; title=&#8221;Interpr\u00e9tation du comportement&#8221; css=&#8221;.vc_custom_1616717837875{background: rgba(10,10,10,0.91) url(https:\/\/info-prema.uqo.ca\/wp-content\/uploads\/2021\/03\/interpretation_comportement_accueil-e1616462902268.jpg?id=11117) !important;background-position: center !important;background-repeat: no-repeat !important;background-size: cover !important;*background-color: rgb(10,10,10) !important;}&#8221; fi_color=&#8221;#6fb1c7&#8243; fi_bgcolor=&#8221;#ffffff&#8221;]<\/p>\n<p style=\"text-align: center;\">Votre b\u00e9b\u00e9 vous parle avec ses gestes et comportements. En observant son comportement, vous pouvez d\u00e9tecter si votre b\u00e9b\u00e9 est calme et pos\u00e9 ou s\u2019il est stress\u00e9 ou inconfortable.<\/p>\n<p>[\/tw_flipbox_item][tw_flipbox_item icon=&#8221;entypo&#8221; entypo=&#8221;entypo-icon entypo-icon-eye&#8221; layout=&#8221;top_center&#8221; title=&#8221;Interpr\u00e9tation du comportement&#8221; css=&#8221;.vc_custom_1615597454976{background-color: #eaeaea !important;}&#8221; fi_color=&#8221;#ffffff&#8221; fi_bgcolor=&#8221;#6fb1c7&#8243;]<\/p>\n<p style=\"text-align: center;\">Si votre b\u00e9b\u00e9 pr\u00e9sente des signes d\u2019adaptation, c\u2019est parce qu\u2019il est bien adapt\u00e9 \u00e0 son environnement. En contrepartie, si votre b\u00e9b\u00e9 pr\u00e9sente des signes de stress, il a besoin d\u2019une ou de plusieurs interventions pour le ramener au calme.<\/p>\n<p style=\"text-align: center;\">[tw_button link=&#8221;https:\/\/info-prema.uqo.ca\/?page_id=2334&#8243; color=&#8221;&#8221; size=&#8221;small&#8221; style=&#8221;border uk-button-radius&#8221; hover=&#8221;light-hover&#8221; icon_class=&#8221;ion-ios-arrow-thin-right&#8221; margin=&#8221;0,0,0,0&#8243; animate_icon=&#8221;true&#8221;]En savoir plus[\/tw_button]<\/p>\n<p>[\/tw_flipbox_item][\/tw_flipbox][\/vc_column][vc_column width=&#8221;1\/2&#8243;][tw_flipbox][tw_flipbox_item icon=&#8221;typicons&#8221; typicons=&#8221;typcn typcn-heart&#8221; layout=&#8221;top_center&#8221; title=&#8221;Complications&#8221; fi_color=&#8221;#ffffff&#8221; fi_bgcolor=&#8221;#6fb1c7&#8243; css=&#8221;.vc_custom_1616193254213{background-color: #eaeaea !important;}&#8221;]<\/p>\n<p style=\"text-align: center;\">\u00catre parent d\u2019un b\u00e9b\u00e9 pr\u00e9matur\u00e9 vient avec beaucoup d\u2019incertitudes et de doutes concernant les complications possibles \u00e0 court et long terme.<\/p>\n<p>[\/tw_flipbox_item][tw_flipbox_item icon=&#8221;typicons&#8221; typicons=&#8221;typcn typcn-heart&#8221; uk_light=&#8221;true&#8221; layout=&#8221;top_center&#8221; title=&#8221;Complications&#8221; css=&#8221;.vc_custom_1616463042609{background: rgba(10,10,10,0.91) url(https:\/\/info-prema.uqo.ca\/wp-content\/uploads\/2021\/03\/complications_acceuil.jpg?id=11113) !important;background-position: center !important;background-repeat: no-repeat !important;background-size: cover !important;*background-color: rgb(10,10,10) !important;}&#8221; fi_color=&#8221;#6fb1c7&#8243; fi_bgcolor=&#8221;#ffffff&#8221;]<\/p>\n<p style=\"text-align: center;\">Consultez les listes des principales complications \u00e0 court et long terme qui peuvent survenir pour votre b\u00e9b\u00e9 pr\u00e9matur\u00e9, selon son \u00e2ge gestationnel \u00e0 la naissance.<\/p>\n<p style=\"text-align: center;\">[tw_button link=&#8221;https:\/\/info-prema.uqo.ca\/?page_id=10515&#8243; color=&#8221;&#8221; size=&#8221;small&#8221; style=&#8221;border uk-button-radius&#8221; hover=&#8221;light-hover&#8221; icon_class=&#8221;ion-ios-arrow-thin-right&#8221; margin=&#8221;0,0,0,0&#8243; animate_icon=&#8221;true&#8221;]En savoir plus[\/tw_button]<\/p>\n<p>[\/tw_flipbox_item][\/tw_flipbox][\/vc_column][\/vc_row][vc_row size=&#8221;uk-section-xsmall&#8221; css=&#8221;.vc_custom_1616787456692{padding-top: 55px !important;}&#8221;][vc_column][tw_heading title_animate=&#8221;&#8221; title=&#8221;La n\u00e9onatologie&#8221; subtitle=&#8221;D\u00e9couvrez l&#8217;environnement de soins&#8221; max_width=&#8221;title_full&#8221;]Des parents ayant v\u00e9cu l\u2019hospitalisation de leur b\u00e9b\u00e9 en n\u00e9onatologie ont rapport\u00e9 avoir v\u00e9cu beaucoup de stress en lien avec l\u2019environnement de la n\u00e9onatologie. La n\u00e9onatologie est un endroit o\u00f9 il y a beaucoup de technologie et o\u00f9 beaucoup de personnes travaillent. Aussi, votre b\u00e9b\u00e9 va recevoir beaucoup de soins qui peuvent \u00eatre inconnus pour vous.[\/tw_heading][\/vc_column][\/vc_row][vc_row size=&#8221;uk-section-xsmall&#8221; tablet=&#8221;true&#8221; mobile=&#8221;true&#8221; css=&#8221;.vc_custom_1616718211640{padding-bottom: 90px !important;}&#8221;][vc_column][vc_row_inner gutter=&#8221;uk-grid-collapse&#8221; equal_height=&#8221;&#8221;][vc_column_inner width=&#8221;1\/2&#8243; css=&#8221;.vc_custom_1536628894461{background-color: #ffffff !important;}&#8221;][tw_heading heading_tag=&#8221;h5&#8243; title_animate=&#8221;&#8221; title=&#8221;\u00c9quipement m\u00e9dical&#8221; subtitle=&#8221;&#8221; title_align=&#8221;uk-text-left&#8221; max_width=&#8221;title_400&#8243; animation=&#8221;fadeInUp&#8221; css=&#8221;.vc_custom_1616717710420{padding-top: 100px !important;padding-left: 60px !important;}&#8221;]<\/p>\n<p style=\"text-align: left;\">L\u2019unit\u00e9 n\u00e9onatale contient beaucoup de mat\u00e9riel servant \u00e0 prendre soins de votre b\u00e9b\u00e9 pr\u00e9matur\u00e9. D\u00e9couvrez l&#8217;\u00e9quipement m\u00e9dical qui entoure votre b\u00e9b\u00e9.<\/p>\n<p style=\"text-align: left;\">[tw_button link=&#8221;https:\/\/info-prema.uqo.ca\/?page_id=10192&#8243; color=&#8221; &#8221; size=&#8221;small&#8221; style=&#8221;border uk-button-radius&#8221; hover=&#8221;light-hover&#8221; icon_class=&#8221;ion-ios-arrow-thin-right&#8221; margin=&#8221;0,0,0,0&#8243; animate_icon=&#8221;true&#8221;]En savoir plus[\/tw_button]<\/p>\n<p>[\/tw_heading][\/vc_column_inner][vc_column_inner width=&#8221;1\/2&#8243; css=&#8221;.vc_custom_1615599921852{background-position: center !important;background-repeat: no-repeat !important;background-size: cover !important;}&#8221;][tw_image image=&#8221;10923&#8243; align=&#8221;uk-text-left&#8221; height=&#8221;350&#8243; css=&#8221;.vc_custom_1615679241778{background-position: center !important;background-repeat: no-repeat !important;background-size: cover !important;}&#8221;][\/vc_column_inner][\/vc_row_inner][vc_row_inner gutter=&#8221;uk-grid-collapse&#8221; equal_height=&#8221;&#8221;][vc_column_inner width=&#8221;1\/2&#8243;][tw_image image=&#8221;9300&#8243; align=&#8221;uk-text-left&#8221; height=&#8221;350&#8243; css=&#8221;.vc_custom_1615681281889{background-position: center !important;background-repeat: no-repeat !important;background-size: cover !important;}&#8221;][\/vc_column_inner][vc_column_inner width=&#8221;1\/2&#8243;][tw_heading heading_tag=&#8221;h5&#8243; title_animate=&#8221;&#8221; title=&#8221;Lexique&#8221; subtitle=&#8221;&#8221; title_align=&#8221;uk-text-left&#8221; max_width=&#8221;title_400&#8243; css=&#8221;.vc_custom_1615601003398{padding-top: 100px !important;padding-left: 60px !important;}&#8221;]Pour mieux conna\u00eetre les termes les plus utilis\u00e9s en n\u00e9onatologie, voici un lexique cr\u00e9\u00e9 pour vous.<\/p>\n<p>[tw_button link=&#8221;https:\/\/info-prema.uqo.ca\/?page_id=10620&#8243; color=&#8221; &#8221; size=&#8221;small&#8221; style=&#8221;border uk-button-radius&#8221; hover=&#8221;light-hover&#8221; icon_class=&#8221;ion-ios-arrow-thin-right&#8221; margin=&#8221;0,0,0,0&#8243; animate_icon=&#8221;true&#8221;]Consultez[\/tw_button][\/tw_heading][\/vc_column_inner][\/vc_row_inner][\/vc_column][\/vc_row][vc_row size=&#8221;uk-section-xsmall&#8221; large_screens=&#8221;true&#8221; desktop=&#8221;true&#8221; css=&#8221;.vc_custom_1616718378424{padding-top: 55px !important;padding-bottom: 90px !important;}&#8221;][vc_column][tw_image image=&#8221;10923&#8243; height=&#8221;300&#8243; css=&#8221;.vc_custom_1616718681253{background-position: center !important;background-repeat: no-repeat !important;background-size: cover !important;}&#8221;][tw_heading heading_tag=&#8221;h5&#8243; title_animate=&#8221;&#8221; title=&#8221;\u00c9quipement m\u00e9dical&#8221; subtitle=&#8221;&#8221; title_align=&#8221;uk-text-left&#8221; max_width=&#8221;title_400&#8243; animation=&#8221;fadeInUp&#8221; css=&#8221;.vc_custom_1616718644551{padding-top: 50px !important;padding-right: 40px !important;padding-bottom: 50px !important;padding-left: 40px !important;}&#8221;]<\/p>\n<p style=\"text-align: left;\">L\u2019unit\u00e9 n\u00e9onatale contient beaucoup de mat\u00e9riel servant \u00e0 prendre soins de votre b\u00e9b\u00e9 pr\u00e9matur\u00e9. D\u00e9couvrez l&#8217;\u00e9quipement m\u00e9dical qui entoure votre b\u00e9b\u00e9.<\/p>\n<p style=\"text-align: left;\">[tw_button link=&#8221;https:\/\/info-prema.uqo.ca\/?page_id=10192&#8243; color=&#8221; &#8221; size=&#8221;small&#8221; style=&#8221;border uk-button-radius&#8221; hover=&#8221;light-hover&#8221; icon_class=&#8221;ion-ios-arrow-thin-right&#8221; margin=&#8221;0,0,0,0&#8243; animate_icon=&#8221;true&#8221;]En savoir plus[\/tw_button]<\/p>\n<p>[\/tw_heading][vc_row_inner gutter=&#8221;uk-grid-collapse&#8221; equal_height=&#8221;&#8221;][vc_column_inner width=&#8221;1\/2&#8243;][tw_image image=&#8221;9300&#8243; align=&#8221;uk-text-left&#8221; height=&#8221;300&#8243; css=&#8221;.vc_custom_1616718733897{background-position: center !important;background-repeat: no-repeat !important;background-size: cover !important;}&#8221;][\/vc_column_inner][vc_column_inner width=&#8221;1\/2&#8243;][tw_heading heading_tag=&#8221;h5&#8243; title_animate=&#8221;&#8221; title=&#8221;Lexique&#8221; subtitle=&#8221;&#8221; title_align=&#8221;uk-text-left&#8221; max_width=&#8221;title_400&#8243; css=&#8221;.vc_custom_1616718602403{padding-top: 50px !important;padding-right: 40px !important;padding-bottom: 50px !important;padding-left: 40px !important;}&#8221;]Pour mieux conna\u00eetre les termes les plus utilis\u00e9s en n\u00e9onatologie, voici un lexique cr\u00e9\u00e9 pour vous.<\/p>\n<p>[tw_button link=&#8221;https:\/\/info-prema.uqo.ca\/?page_id=10620&#8243; color=&#8221; &#8221; size=&#8221;small&#8221; style=&#8221;border uk-button-radius&#8221; hover=&#8221;light-hover&#8221; icon_class=&#8221;ion-ios-arrow-thin-right&#8221; margin=&#8221;0,0,0,0&#8243; animate_icon=&#8221;true&#8221;]Consultez[\/tw_button][\/tw_heading][\/vc_column_inner][\/vc_row_inner][\/vc_column][\/vc_row]<\/p>\n<\/div>","protected":false},"excerpt":{"rendered":"<p>[vc_row tw_dimension_type=&#8221;custom-min-height&#8221; tw_dimension_height=&#8221;300&#8243; size=&#8221;uk-section-normal&#8221; uk_light=&#8221;true&#8221; tablet=&#8221;true&#8221; mobile=&#8221;true&#8221; overlay=&#8221;0.4&#8243; css=&#8221;.vc_custom_1616788649217{background: #0a0a0a url(https:\/\/info-prema.uqo.ca\/wp-content\/uploads\/2021\/03\/acceuil-1-e1616461936354.jpg?id=11102) !important;background-position: center !important;background-repeat: no-repeat !important;background-size: cover !important;}&#8221;][vc_column][tw_heading heading_tag=&#8221;h2&#8243; title_animate=&#8221;&#8221; title=&#8221;La n\u00e9onatologie et vous&#8221; subtitle=&#8221;Site informatif destin\u00e9 aux parents&#8221; max_width=&#8221;title_full&#8221; animation=&#8221;fadeInUp&#8221; animation_repeat=&#8221;true&#8221; css=&#8221;.vc_custom_1616788690419{padding-top: 55px !important;}&#8221;]Apr\u00e8s la naissance de votre enfant, il est hospitalis\u00e9 en n\u00e9onatologie et vous recevez beaucoup d&#8217;informations. Ce site vous permet de [&hellip;]<\/p>\n","protected":false},"author":1,"featured_media":0,"parent":0,"menu_order":0,"comment_status":"closed","ping_status":"closed","template":"","meta":{"footnotes":""},"class_list":["post-1426","page","type-page","status-publish","hentry"],"_links":{"self":[{"href":"https:\/\/info-prema.uqo.ca\/index.php?rest_route=\/wp\/v2\/pages\/1426","targetHints":{"allow":["GET"]}}],"collection":[{"href":"https:\/\/info-prema.uqo.ca\/index.php?rest_route=\/wp\/v2\/pages"}],"about":[{"href":"https:\/\/info-prema.uqo.ca\/index.php?rest_route=\/wp\/v2\/types\/page"}],"author":[{"embeddable":true,"href":"https:\/\/info-prema.uqo.ca\/index.php?rest_route=\/wp\/v2\/users\/1"}],"replies":[{"embeddable":true,"href":"https:\/\/info-prema.uqo.ca\/index.php?rest_route=%2Fwp%2Fv2%2Fcomments&post=1426"}],"version-history":[{"count":267,"href":"https:\/\/info-prema.uqo.ca\/index.php?rest_route=\/wp\/v2\/pages\/1426\/revisions"}],"predecessor-version":[{"id":11784,"href":"https:\/\/info-prema.uqo.ca\/index.php?rest_route=\/wp\/v2\/pages\/1426\/revisions\/11784"}],"wp:attachment":[{"href":"https:\/\/info-prema.uqo.ca\/index.php?rest_route=%2Fwp%2Fv2%2Fmedia&parent=1426"}],"curies":[{"name":"wp","href":"https:\/\/api.w.org\/{rel}","templated":true}]}}