{"id":2334,"date":"2018-04-05T06:54:17","date_gmt":"2018-04-05T06:54:17","guid":{"rendered":"http:\/\/lvly.themewaves.com\/?page_id=2334"},"modified":"2021-03-26T19:26:06","modified_gmt":"2021-03-27T00:26:06","slug":"interpretation-comportement","status":"publish","type":"page","link":"https:\/\/info-prema.uqo.ca\/?page_id=2334","title":{"rendered":"Interpr\u00e9tation du comportement de votre b\u00e9b\u00e9"},"content":{"rendered":"<div class=\"wpb-content-wrapper\"><p>[vc_row tw_dimension_type=&#8221;custom-min-height&#8221; tw_dimension_height=&#8221;300&#8243; size=&#8221;uk-section-normal&#8221; uk_light=&#8221;true&#8221; tablet=&#8221;true&#8221; mobile=&#8221;true&#8221; overlay=&#8221;0.3&#8243; css=&#8221;.vc_custom_1616803389972{margin-bottom: 55px !important;background: #0a0a0a url(https:\/\/info-prema.uqo.ca\/wp-content\/uploads\/2021\/03\/interpretation_comportement-1.jpg?id=11187) !important;background-position: center !important;background-repeat: no-repeat !important;background-size: cover !important;}&#8221;][vc_column][tw_heading heading_tag=&#8221;h2&#8243; title_animate=&#8221;&#8221; title=&#8221;Interpr\u00e9tation du comportement&#8221; subtitle=&#8221;&#8221; max_width=&#8221;title_full&#8221; uk_light=&#8221;true&#8221;][\/tw_heading][\/vc_column][\/vc_row][vc_row tw_dimension_type=&#8221;custom-min-height&#8221; tw_dimension_height=&#8221;200&#8243; size=&#8221;uk-section-normal&#8221; uk_light=&#8221;true&#8221; large_screens=&#8221;true&#8221; desktop=&#8221;true&#8221; overlay=&#8221;0.3&#8243; css=&#8221;.vc_custom_1616803406734{margin-bottom: 45px !important;background: #0a0a0a url(https:\/\/info-prema.uqo.ca\/wp-content\/uploads\/2021\/03\/interpretation_comportement-1.jpg?id=11187) !important;background-position: center !important;background-repeat: no-repeat !important;background-size: cover !important;}&#8221;][vc_column][tw_heading heading_tag=&#8221;h2&#8243; title_animate=&#8221;&#8221; title=&#8221;Interpr\u00e9tation du comportement&#8221; subtitle=&#8221;&#8221; max_width=&#8221;title_full&#8221; uk_light=&#8221;true&#8221; css=&#8221;.vc_custom_1616803492706{padding-top: 30px !important;}&#8221;][\/tw_heading][\/vc_column][\/vc_row][vc_row size=&#8221;uk-padding-remove-vertical&#8221;][vc_column][tw_heading title_animate=&#8221;&#8221; title=&#8221;Interpr\u00e9tation du comportement de votre b\u00e9b\u00e9&#8221; subtitle=&#8221;&#8221; title_align=&#8221;uk-text-left&#8221; max_width=&#8221;title_full&#8221;]Votre b\u00e9b\u00e9 vous parle avec ses gestes et comportements. En observant son comportement, vous pouvez d\u00e9tecter si votre b\u00e9b\u00e9 est calme et pos\u00e9 (signes d\u2019adaptation) ou s\u2019il est stress\u00e9 ou inconfortable (signes de stress). Si votre b\u00e9b\u00e9 pr\u00e9sente des signes d\u2019adaptation, c\u2019est parce qu\u2019il est bien adapt\u00e9 \u00e0 son environnement. En contrepartie, si votre b\u00e9b\u00e9 pr\u00e9sente des signes de stress, il a besoin d\u2019une ou de plusieurs interventions pour le ramener au calme.<\/p>\n<p>Voici un tableau qui r\u00e9sume les comportements \u00e0 observer chez votre b\u00e9b\u00e9 et les actions que vous pouvez poser en tant que parent pour aider votre b\u00e9b\u00e9 qui d\u00e9montre des signes de stress. Cette liste d\u2019actions \u00e0 poser en tant que parent n\u2019est pas exhaustive, elle sert plut\u00f4t de guide et d\u2019inspiration pour vos interventions aupr\u00e8s de votre b\u00e9b\u00e9.[\/tw_heading][\/vc_column][\/vc_row][vc_row size=&#8221;uk-section-xsmall&#8221;][vc_column][tw_text]<i class=\"el-icon-document\"><\/i>\u00a0<div id=\"footable_parent_10372\"\n         class=\" footable_parent ninja_table_wrapper loading_ninja_table wp_table_data_press_parent semantic_ui \">\n                        <div\n                class=\"table_description footable_description\">Tableau 1 : Interpr\u00e9tation du comportement de votre b\u00e9b\u00e9 et actions possibles<\/div>\n                    <table data-ninja_table_instance=\"ninja_table_instance_0\" data-footable_id=\"10372\" data-filter-delay=\"1000\" aria-label=\"Tableau 1 : Interpr\u00e9tation du comportement de votre b\u00e9b\u00e9 et actions possibles\"            id=\"footable_10372\"\n           data-unique_identifier=\"ninja_table_unique_id_937117551_10372\"\n           class=\" foo-table ninja_footable foo_table_10372 ninja_table_unique_id_937117551_10372 ui table  nt_type_ajax_table selectable striped compact  footable-paging-right ninja_table_search_disabled\">\n                <colgroup>\n                            <col class=\"ninja_column_0 \">\n                            <col class=\"ninja_column_1 \">\n                            <col class=\"ninja_column_2 \">\n                            <col class=\"ninja_column_3 \">\n                    <\/colgroup>\n            <\/table>\n                    <style type=\"text\/css\" id='ninja_table_custom_css_10372'>\n                        #footable_10372  {\n    font-family: ;\n    font-size: px;\n    }\n\n    \n    #footable_10372.ninja_stacked_table > tbody, #footable_10372.ninja_stacked_table {\n    background: transparent !important;\n    }\n        \n                        <\/style>\n                \n    \n    \n<\/div>\n[\/tw_text][tw_text]Adapt\u00e9 de Milette, Martel et da Silva (2019)[\/tw_text][vc_row_inner size=&#8221;uk-padding-remove-vertical&#8221; equal_height=&#8221;&#8221; css=&#8221;.vc_custom_1616803448233{padding-bottom: 75px !important;}&#8221;][vc_column_inner][tw_text]<\/p>\n<p style=\"text-align: right;\">[tw_button link=&#8221;https:\/\/info-prema.uqo.ca\/?page_id=10515&#8243;\u00a0 size=&#8221;small&#8221; style=&#8221;border uk-button-radius&#8221; hover=&#8221;dark-hover&#8221; icon_class=&#8221;ion-ios-arrow-thin-right&#8221; margin=&#8221;0,0,0,0&#8243; animate_icon=&#8221;true&#8221;]Complications[\/tw_button]<\/p>\n<p>[\/tw_text][\/vc_column_inner][\/vc_row_inner][\/vc_column][\/vc_row]<\/p>\n<\/div>","protected":false},"excerpt":{"rendered":"<p>[vc_row tw_dimension_type=&#8221;custom-min-height&#8221; tw_dimension_height=&#8221;300&#8243; size=&#8221;uk-section-normal&#8221; uk_light=&#8221;true&#8221; tablet=&#8221;true&#8221; mobile=&#8221;true&#8221; overlay=&#8221;0.3&#8243; css=&#8221;.vc_custom_1616803389972{margin-bottom: 55px !important;background: #0a0a0a url(https:\/\/info-prema.uqo.ca\/wp-content\/uploads\/2021\/03\/interpretation_comportement-1.jpg?id=11187) !important;background-position: center !important;background-repeat: no-repeat !important;background-size: cover !important;}&#8221;][vc_column][tw_heading heading_tag=&#8221;h2&#8243; title_animate=&#8221;&#8221; title=&#8221;Interpr\u00e9tation du comportement&#8221; subtitle=&#8221;&#8221; max_width=&#8221;title_full&#8221; uk_light=&#8221;true&#8221;][\/tw_heading][\/vc_column][\/vc_row][vc_row tw_dimension_type=&#8221;custom-min-height&#8221; tw_dimension_height=&#8221;200&#8243; size=&#8221;uk-section-normal&#8221; uk_light=&#8221;true&#8221; large_screens=&#8221;true&#8221; desktop=&#8221;true&#8221; overlay=&#8221;0.3&#8243; css=&#8221;.vc_custom_1616803406734{margin-bottom: 45px !important;background: #0a0a0a url(https:\/\/info-prema.uqo.ca\/wp-content\/uploads\/2021\/03\/interpretation_comportement-1.jpg?id=11187) !important;background-position: center !important;background-repeat: no-repeat !important;background-size: cover !important;}&#8221;][vc_column][tw_heading heading_tag=&#8221;h2&#8243; title_animate=&#8221;&#8221; title=&#8221;Interpr\u00e9tation du comportement&#8221; subtitle=&#8221;&#8221; max_width=&#8221;title_full&#8221; uk_light=&#8221;true&#8221; [&hellip;]<\/p>\n","protected":false},"author":1,"featured_media":0,"parent":0,"menu_order":0,"comment_status":"closed","ping_status":"closed","template":"","meta":{"footnotes":""},"class_list":["post-2334","page","type-page","status-publish","hentry"],"_links":{"self":[{"href":"https:\/\/info-prema.uqo.ca\/index.php?rest_route=\/wp\/v2\/pages\/2334","targetHints":{"allow":["GET"]}}],"collection":[{"href":"https:\/\/info-prema.uqo.ca\/index.php?rest_route=\/wp\/v2\/pages"}],"about":[{"href":"https:\/\/info-prema.uqo.ca\/index.php?rest_route=\/wp\/v2\/types\/page"}],"author":[{"embeddable":true,"href":"https:\/\/info-prema.uqo.ca\/index.php?rest_route=\/wp\/v2\/users\/1"}],"replies":[{"embeddable":true,"href":"https:\/\/info-prema.uqo.ca\/index.php?rest_route=%2Fwp%2Fv2%2Fcomments&post=2334"}],"version-history":[{"count":24,"href":"https:\/\/info-prema.uqo.ca\/index.php?rest_route=\/wp\/v2\/pages\/2334\/revisions"}],"predecessor-version":[{"id":11590,"href":"https:\/\/info-prema.uqo.ca\/index.php?rest_route=\/wp\/v2\/pages\/2334\/revisions\/11590"}],"wp:attachment":[{"href":"https:\/\/info-prema.uqo.ca\/index.php?rest_route=%2Fwp%2Fv2%2Fmedia&parent=2334"}],"curies":[{"name":"wp","href":"https:\/\/api.w.org\/{rel}","templated":true}]}}