{"id":5012,"date":"2017-10-02T12:13:22","date_gmt":"2017-10-02T12:13:22","guid":{"rendered":"http:\/\/lvly.themewaves.com\/?page_id=5012"},"modified":"2022-10-07T08:17:14","modified_gmt":"2022-10-07T13:17:14","slug":"apparence-et-comportement","status":"publish","type":"page","link":"https:\/\/info-prema.uqo.ca\/?page_id=5012","title":{"rendered":"Apparence et comportement"},"content":{"rendered":"<div class=\"wpb-content-wrapper\"><p>[vc_row tw_dimension_type=&#8221;custom-min-height&#8221; tw_dimension_height=&#8221;300&#8243; size=&#8221;uk-section-normal&#8221; custom_class=&#8221;background-size: cover !important&#8221; uk_light=&#8221;true&#8221; tablet=&#8221;true&#8221; mobile=&#8221;true&#8221; parallax=&#8221;-100&#8243; overlay=&#8221;0.3&#8243; css=&#8221;.vc_custom_1616801976237{margin-bottom: 55px !important;background: #0a0a0a url(https:\/\/info-prema.uqo.ca\/wp-content\/uploads\/2021\/03\/apparence_comportement.jpg?id=11110);background-position:center;background-repeat:-repeat !important;background-size: cover !important;}&#8221;][vc_column][tw_heading heading_tag=&#8221;h2&#8243; title_animate=&#8221;&#8221; title=&#8221;L&#8217;apparence et le comportement&#8221; subtitle=&#8221;Quelles sont les particularit\u00e9s ?&#8221; max_width=&#8221;title_full&#8221; css=&#8221;.vc_custom_1616802097423{padding-top: 15px !important;}&#8221;][\/tw_heading][\/vc_column][\/vc_row][vc_row tw_dimension_type=&#8221;custom-min-height&#8221; tw_dimension_height=&#8221;200&#8243; size=&#8221;uk-section-normal&#8221; custom_class=&#8221;background-size: cover !important&#8221; uk_light=&#8221;true&#8221; large_screens=&#8221;true&#8221; desktop=&#8221;true&#8221; parallax=&#8221;-100&#8243; overlay=&#8221;0.3&#8243; css=&#8221;.vc_custom_1616802058788{margin-bottom: 45px !important;background: #0a0a0a url(https:\/\/info-prema.uqo.ca\/wp-content\/uploads\/2021\/03\/apparence_comportement.jpg?id=11110);background-position:center;background-repeat:-repeat !important;background-size: cover !important;}&#8221;][vc_column][tw_heading heading_tag=&#8221;h2&#8243; title_animate=&#8221;&#8221; title=&#8221;L&#8217;apparence et le comportement&#8221; subtitle=&#8221;Quelles sont les particularit\u00e9s ?&#8221; max_width=&#8221;title_full&#8221; css=&#8221;.vc_custom_1616802083089{padding-top: 15px !important;}&#8221;][\/tw_heading][\/vc_column][\/vc_row][vc_row size=&#8221;uk-padding-remove-vertical&#8221;][vc_column][tw_heading title_animate=&#8221;&#8221; title=&#8221;Tout ce que vous devez savoir sur les caract\u00e9ristiques de votre b\u00e9b\u00e9&#8221; subtitle=&#8221;&#8221; title_align=&#8221;uk-text-left&#8221; max_width=&#8221;title_full&#8221;]<\/p>\n<p style=\"text-align: left;\">Lorsque vous \u00eates en contact avec votre b\u00e9b\u00e9, il est normal que l\u2019apparence et les comportements de celui-ci vous apportent des r\u00e9flexions et des questionnements. Certains \u00e9l\u00e9ments qui occasionnent du stress et qui portent \u00e0 r\u00e9fl\u00e9chir ont \u00e9t\u00e9 rapport\u00e9s par des parents ayant un b\u00e9b\u00e9 en n\u00e9onatologie\u00a0:<\/p>\n<p>[\/tw_heading][\/vc_column][\/vc_row][vc_row size=&#8221;uk-section-xsmall&#8221;][vc_column][tw_list list_style=&#8221;uk-list-icon&#8221; items=&#8221;Le b\u00e9b\u00e9 semble ressentir de la douleur;,Le b\u00e9b\u00e9 pr\u00e9sente une respiration anormale;,Le b\u00e9b\u00e9 semble triste;,Le b\u00e9b\u00e9 a une apparence faible et fragile;,Le b\u00e9b\u00e9 a des mouvements saccad\u00e9s et continus;,La pr\u00e9sence de tubes et d\u2019\u00e9quipement de soins sur le b\u00e9b\u00e9; ,Le b\u00e9b\u00e9 est incapable de pleurer comme les autres b\u00e9b\u00e9s; ,Difficult\u00e9 \u00e0 se r\u00e9f\u00e9rer au d\u00e9veloppement normal du b\u00e9b\u00e9 \u00e0 identifier ce qui est normal ou non.&#8221; color=&#8221;#999999&#8243; icon=&#8221;entypo&#8221; entypo=&#8221;entypo-icon entypo-icon-heart-empty&#8221;][\/vc_column][\/vc_row][vc_row size=&#8221;uk-section-xsmall&#8221; css=&#8221;.vc_custom_1614742883490{padding-bottom: 75px !important;}&#8221;][vc_column][tw_text]<\/p>\n<p style=\"text-align: left;\">Le b\u00e9b\u00e9 pr\u00e9matur\u00e9 a un d\u00e9veloppement diff\u00e9rent d\u2019un b\u00e9b\u00e9 n\u00e9 \u00e0 terme (\u00e0 la fin de la grossesse). Voici les particularit\u00e9s majeures du b\u00e9b\u00e9 pr\u00e9matur\u00e9, selon son \u00e2ge gestationnel (dur\u00e9e de la grossesse en semaines).<\/p>\n<p style=\"text-align: right;\">[tw_button link=&#8221;https:\/\/info-prema.uqo.ca\/?page_id=1403&#8243;\u00a0 size=&#8221;small&#8221; style=&#8221;border uk-button-radius&#8221; hover=&#8221;dark-hover&#8221; icon_class=&#8221;ion-ios-arrow-thin-right&#8221; margin=&#8221;0,0,0,0&#8243; animate_icon=&#8221;true&#8221;]N\u00e9s \u00e0 moins de 28 semaines[\/tw_button]<\/p>\n<p>[\/tw_text][\/vc_column][\/vc_row]<\/p>\n<\/div>","protected":false},"excerpt":{"rendered":"<p>[vc_row tw_dimension_type=&#8221;custom-min-height&#8221; tw_dimension_height=&#8221;300&#8243; size=&#8221;uk-section-normal&#8221; custom_class=&#8221;background-size: cover !important&#8221; uk_light=&#8221;true&#8221; tablet=&#8221;true&#8221; mobile=&#8221;true&#8221; parallax=&#8221;-100&#8243; overlay=&#8221;0.3&#8243; css=&#8221;.vc_custom_1616801976237{margin-bottom: 55px !important;background: #0a0a0a url(https:\/\/info-prema.uqo.ca\/wp-content\/uploads\/2021\/03\/apparence_comportement.jpg?id=11110);background-position:center;background-repeat:-repeat !important;background-size: cover !important;}&#8221;][vc_column][tw_heading heading_tag=&#8221;h2&#8243; title_animate=&#8221;&#8221; title=&#8221;L&#8217;apparence et le comportement&#8221; subtitle=&#8221;Quelles sont les particularit\u00e9s ?&#8221; max_width=&#8221;title_full&#8221; css=&#8221;.vc_custom_1616802097423{padding-top: 15px !important;}&#8221;][\/tw_heading][\/vc_column][\/vc_row][vc_row tw_dimension_type=&#8221;custom-min-height&#8221; tw_dimension_height=&#8221;200&#8243; size=&#8221;uk-section-normal&#8221; custom_class=&#8221;background-size: cover !important&#8221; uk_light=&#8221;true&#8221; large_screens=&#8221;true&#8221; desktop=&#8221;true&#8221; parallax=&#8221;-100&#8243; overlay=&#8221;0.3&#8243; css=&#8221;.vc_custom_1616802058788{margin-bottom: 45px !important;background: #0a0a0a url(https:\/\/info-prema.uqo.ca\/wp-content\/uploads\/2021\/03\/apparence_comportement.jpg?id=11110);background-position:center;background-repeat:-repeat !important;background-size: cover !important;}&#8221;][vc_column][tw_heading heading_tag=&#8221;h2&#8243; [&hellip;]<\/p>\n","protected":false},"author":1,"featured_media":0,"parent":0,"menu_order":0,"comment_status":"closed","ping_status":"closed","template":"","meta":{"footnotes":""},"class_list":["post-5012","page","type-page","status-publish","hentry"],"_links":{"self":[{"href":"https:\/\/info-prema.uqo.ca\/index.php?rest_route=\/wp\/v2\/pages\/5012","targetHints":{"allow":["GET"]}}],"collection":[{"href":"https:\/\/info-prema.uqo.ca\/index.php?rest_route=\/wp\/v2\/pages"}],"about":[{"href":"https:\/\/info-prema.uqo.ca\/index.php?rest_route=\/wp\/v2\/types\/page"}],"author":[{"embeddable":true,"href":"https:\/\/info-prema.uqo.ca\/index.php?rest_route=\/wp\/v2\/users\/1"}],"replies":[{"embeddable":true,"href":"https:\/\/info-prema.uqo.ca\/index.php?rest_route=%2Fwp%2Fv2%2Fcomments&post=5012"}],"version-history":[{"count":74,"href":"https:\/\/info-prema.uqo.ca\/index.php?rest_route=\/wp\/v2\/pages\/5012\/revisions"}],"predecessor-version":[{"id":11616,"href":"https:\/\/info-prema.uqo.ca\/index.php?rest_route=\/wp\/v2\/pages\/5012\/revisions\/11616"}],"wp:attachment":[{"href":"https:\/\/info-prema.uqo.ca\/index.php?rest_route=%2Fwp%2Fv2%2Fmedia&parent=5012"}],"curies":[{"name":"wp","href":"https:\/\/api.w.org\/{rel}","templated":true}]}}