{"id":512,"date":"2017-05-26T05:22:00","date_gmt":"2017-05-26T05:22:00","guid":{"rendered":"http:\/\/lvly.themewaves.com\/?page_id=512"},"modified":"2022-10-07T13:22:35","modified_gmt":"2022-10-07T18:22:35","slug":"role-parental","status":"publish","type":"page","link":"https:\/\/info-prema.uqo.ca\/?page_id=512","title":{"rendered":"R\u00f4le parental en n\u00e9onatologie"},"content":{"rendered":"<div class=\"wpb-content-wrapper\"><p>[vc_row tw_dimension_type=&#8221;custom-min-height&#8221; tw_dimension_height=&#8221;300&#8243; size=&#8221;uk-section-normal&#8221; uk_light=&#8221;true&#8221; tablet=&#8221;true&#8221; mobile=&#8221;true&#8221; parallax=&#8221;-200&#8243; overlay=&#8221;0.3&#8243; css=&#8221;.vc_custom_1616787830811{padding-top: 55px !important;background: rgba(10,10,10,0.91) url(https:\/\/info-prema.uqo.ca\/wp-content\/uploads\/2021\/03\/role_parental.jpg?id=11123);background-position:center;background-repeat:-repeat !important;background-size: cover !important;*background-color: rgb(10,10,10) !important;}&#8221;][vc_column][tw_heading heading_tag=&#8221;h2&#8243; title_animate=&#8221;&#8221; title=&#8221;R\u00f4le parental en n\u00e9onatologie&#8221; subtitle=&#8221;Quel est votre nouveau&#8221; max_width=&#8221;title_full&#8221; uk_light=&#8221;true&#8221; css=&#8221;.vc_custom_1616787655764{padding-top: 75px !important;}&#8221;][\/tw_heading][\/vc_column][\/vc_row][vc_row tw_dimension_type=&#8221;custom-min-height&#8221; tw_dimension_height=&#8221;200&#8243; size=&#8221;uk-section-normal&#8221; uk_light=&#8221;true&#8221; large_screens=&#8221;true&#8221; desktop=&#8221;true&#8221; parallax=&#8221;-200&#8243; overlay=&#8221;0.3&#8243; css=&#8221;.vc_custom_1616787898986{background: rgba(10,10,10,0.91) url(https:\/\/info-prema.uqo.ca\/wp-content\/uploads\/2021\/03\/role_parental.jpg?id=11123);background-position:center;background-repeat:-repeat !important;background-size: cover !important;*background-color: rgb(10,10,10) !important;}&#8221;][vc_column][tw_heading heading_tag=&#8221;h2&#8243; title_animate=&#8221;&#8221; title=&#8221;R\u00f4le parental en n\u00e9onatologie&#8221; subtitle=&#8221;Quel est votre nouveau&#8221; max_width=&#8221;title_full&#8221; uk_light=&#8221;true&#8221; css=&#8221;.vc_custom_1616788374947{padding-top: 15px !important;}&#8221;][\/tw_heading][\/vc_column][\/vc_row][vc_row size=&#8221;uk-section-normal&#8221; gutter=&#8221;uk-grid-large&#8221; css=&#8221;.vc_custom_1613871116697{padding-bottom: 20px !important;}&#8221;][vc_column][tw_heading title_animate=&#8221;&#8221; title=&#8221;Sentiments et \u00e9motions li\u00e9s \u00e0 votre nouveau r\u00f4le&#8221; subtitle=&#8221;R\u00f4le parental en n\u00e9onatologie&#8221; title_align=&#8221;uk-text-left&#8221; max_width=&#8221;title_large&#8221;][\/tw_heading][\/vc_column][\/vc_row][vc_row size=&#8221;uk-section-xsmall&#8221;][vc_column][tw_text]<\/p>\n<p style=\"text-align: left;\">Lors de l\u2019hospitalisation de votre b\u00e9b\u00e9 en n\u00e9onatologie, il est normal de ressentir plusieurs \u00e9motions et sentiments. Voici une liste non compl\u00e8te des \u00e9motions et sentiments rapport\u00e9s par des parents ayant v\u00e9cu cette exp\u00e9rience\u00a0:<\/p>\n<p>[\/tw_text][\/vc_column][\/vc_row][vc_row size=&#8221;uk-section-xsmall&#8221;][vc_column][tw_list list_style=&#8221;uk-list-icon&#8221; items=&#8221;Une perte de contr\u00f4le sur la situation. ,Se sentir non pr\u00e9par\u00e9s \u00e0 son r\u00f4le de parent d\u00fb aux transitions non normales pour devenir parent. ,Le deuil de l\u2019exp\u00e9rience de parent souhait\u00e9e et de la grossesse termin\u00e9e.,Surprotecteur envers son b\u00e9b\u00e9.,Isolement pour \u00e9viter la contamination du b\u00e9b\u00e9. ,Se sentir inutile pour aider son b\u00e9b\u00e9. ,Se sentir s\u00e9par\u00e9 de son b\u00e9b\u00e9.,Se sentir inutile et incapable de prot\u00e9ger son b\u00e9b\u00e9 de la douleur et des proc\u00e9dures douloureuses.,Ne pas \u00eatre en mesure de nourrir son b\u00e9b\u00e9 et de s\u2019occuper de lui soi-m\u00eame.,Se sentir triste.,En sentiment d\u2019\u00e9chec face \u00e0 la situation.,Avoir peur pour la survie et de l\u2019apparence du b\u00e9b\u00e9.,Incertitude face \u00e0 ses capacit\u00e9s \u00e0 s\u2019occuper du b\u00e9b\u00e9 et face \u00e0 la sant\u00e9 future du b\u00e9b\u00e9.&#8221; color=&#8221;#999999&#8243; icon=&#8221;entypo&#8221; entypo=&#8221;entypo-icon entypo-icon-heart-empty&#8221;][\/vc_column][\/vc_row][vc_row size=&#8221;uk-section-xsmall&#8221; css=&#8221;.vc_custom_1613269617033{padding-bottom: 70px !important;}&#8221;][vc_column][tw_text]<\/p>\n<p style=\"text-align: left;\">Afin de r\u00e9duire le stress ressenti et de vous aider \u00e0 g\u00e9rer les \u00e9motions et sentiments ressentis, vous pouvez vous impliquer aupr\u00e8s de votre b\u00e9b\u00e9. Pour ce faire, voici plusieurs informations au sujet des \u00e9tapes que vous pouvez traverser dans votre implication parentale et les diff\u00e9rentes fa\u00e7ons de vous impliquer aupr\u00e8s de votre b\u00e9b\u00e9 pr\u00e9matur\u00e9.<\/p>\n<p>&nbsp;<\/p>\n<p style=\"text-align: right;\">[tw_button link=&#8221;https:\/\/info-prema.uqo.ca\/?page_id=1399&#8243;\u00a0 size=&#8221;small&#8221; style=&#8221;border uk-button-radius&#8221; hover=&#8221;dark-hover&#8221; icon_class=&#8221;ion-ios-arrow-thin-right&#8221; margin=&#8221;0,0,0,0&#8243; animate_icon=&#8221;true&#8221;]Implication parentale[\/tw_button]<\/p>\n<p>[\/tw_text][\/vc_column][\/vc_row]<\/p>\n<\/div>","protected":false},"excerpt":{"rendered":"<p>[vc_row tw_dimension_type=&#8221;custom-min-height&#8221; tw_dimension_height=&#8221;300&#8243; size=&#8221;uk-section-normal&#8221; uk_light=&#8221;true&#8221; tablet=&#8221;true&#8221; mobile=&#8221;true&#8221; parallax=&#8221;-200&#8243; overlay=&#8221;0.3&#8243; css=&#8221;.vc_custom_1616787830811{padding-top: 55px !important;background: rgba(10,10,10,0.91) url(https:\/\/info-prema.uqo.ca\/wp-content\/uploads\/2021\/03\/role_parental.jpg?id=11123);background-position:center;background-repeat:-repeat !important;background-size: cover !important;*background-color: rgb(10,10,10) !important;}&#8221;][vc_column][tw_heading heading_tag=&#8221;h2&#8243; title_animate=&#8221;&#8221; title=&#8221;R\u00f4le parental en n\u00e9onatologie&#8221; subtitle=&#8221;Quel est votre nouveau&#8221; max_width=&#8221;title_full&#8221; uk_light=&#8221;true&#8221; css=&#8221;.vc_custom_1616787655764{padding-top: 75px !important;}&#8221;][\/tw_heading][\/vc_column][\/vc_row][vc_row tw_dimension_type=&#8221;custom-min-height&#8221; tw_dimension_height=&#8221;200&#8243; size=&#8221;uk-section-normal&#8221; uk_light=&#8221;true&#8221; large_screens=&#8221;true&#8221; desktop=&#8221;true&#8221; parallax=&#8221;-200&#8243; overlay=&#8221;0.3&#8243; css=&#8221;.vc_custom_1616787898986{background: rgba(10,10,10,0.91) url(https:\/\/info-prema.uqo.ca\/wp-content\/uploads\/2021\/03\/role_parental.jpg?id=11123);background-position:center;background-repeat:-repeat !important;background-size: cover !important;*background-color: rgb(10,10,10) !important;}&#8221;][vc_column][tw_heading heading_tag=&#8221;h2&#8243; title_animate=&#8221;&#8221; title=&#8221;R\u00f4le parental en [&hellip;]<\/p>\n","protected":false},"author":1,"featured_media":0,"parent":0,"menu_order":0,"comment_status":"closed","ping_status":"closed","template":"","meta":{"footnotes":""},"class_list":["post-512","page","type-page","status-publish","hentry"],"_links":{"self":[{"href":"https:\/\/info-prema.uqo.ca\/index.php?rest_route=\/wp\/v2\/pages\/512","targetHints":{"allow":["GET"]}}],"collection":[{"href":"https:\/\/info-prema.uqo.ca\/index.php?rest_route=\/wp\/v2\/pages"}],"about":[{"href":"https:\/\/info-prema.uqo.ca\/index.php?rest_route=\/wp\/v2\/types\/page"}],"author":[{"embeddable":true,"href":"https:\/\/info-prema.uqo.ca\/index.php?rest_route=\/wp\/v2\/users\/1"}],"replies":[{"embeddable":true,"href":"https:\/\/info-prema.uqo.ca\/index.php?rest_route=%2Fwp%2Fv2%2Fcomments&post=512"}],"version-history":[{"count":114,"href":"https:\/\/info-prema.uqo.ca\/index.php?rest_route=\/wp\/v2\/pages\/512\/revisions"}],"predecessor-version":[{"id":11718,"href":"https:\/\/info-prema.uqo.ca\/index.php?rest_route=\/wp\/v2\/pages\/512\/revisions\/11718"}],"wp:attachment":[{"href":"https:\/\/info-prema.uqo.ca\/index.php?rest_route=%2Fwp%2Fv2%2Fmedia&parent=512"}],"curies":[{"name":"wp","href":"https:\/\/api.w.org\/{rel}","templated":true}]}}