{"id":9867,"date":"2021-02-13T21:09:07","date_gmt":"2021-02-14T02:09:07","guid":{"rendered":"https:\/\/info-prema.uqo.ca\/?page_id=9867"},"modified":"2022-07-18T19:29:42","modified_gmt":"2022-07-19T00:29:42","slug":"lallaitement-2-2-2","status":"publish","type":"page","link":"https:\/\/info-prema.uqo.ca\/?page_id=9867","title":{"rendered":"Allaitement"},"content":{"rendered":"<div class=\"wpb-content-wrapper\"><p>[vc_row tw_dimension_type=&#8221;custom-min-height&#8221; tw_dimension_height=&#8221;300&#8243; uk_light=&#8221;true&#8221; tablet=&#8221;true&#8221; mobile=&#8221;true&#8221; overlay=&#8221;0.3&#8243; css=&#8221;.vc_custom_1616808404023{margin-bottom: 55px !important;background: #0a0a0a url(https:\/\/info-prema.uqo.ca\/wp-content\/uploads\/2021\/03\/allaitement-1-e1616808393717.jpg?id=11516) !important;background-position: center !important;background-repeat: no-repeat !important;background-size: cover !important;}&#8221;][vc_column][tw_heading heading_tag=&#8221;h2&#8243; title_animate=&#8221;&#8221; title=&#8221;Allaitement&#8221; subtitle=&#8221;&#8221; css=&#8221;.vc_custom_1615593130227{background-position: center !important;background-repeat: no-repeat !important;background-size: cover !important;}&#8221;][\/tw_heading][\/vc_column][\/vc_row][vc_row tw_dimension_type=&#8221;custom-min-height&#8221; tw_dimension_height=&#8221;200&#8243; size=&#8221;uk-section-normal&#8221; uk_light=&#8221;true&#8221; large_screens=&#8221;true&#8221; desktop=&#8221;true&#8221; overlay=&#8221;0.3&#8243; css=&#8221;.vc_custom_1616809811769{margin-bottom: 45px !important;background: #0a0a0a url(https:\/\/info-prema.uqo.ca\/wp-content\/uploads\/2021\/03\/allaitement-1-e1616808393717.jpg?id=11516) !important;background-position: center !important;background-repeat: no-repeat !important;background-size: cover !important;}&#8221;][vc_column][tw_heading heading_tag=&#8221;h2&#8243; title_animate=&#8221;&#8221; title=&#8221;Allaitement&#8221; subtitle=&#8221;&#8221; max_width=&#8221;title_full&#8221; css=&#8221;.vc_custom_1616797809812{padding-top: 30px !important;background-position: center !important;background-repeat: no-repeat !important;background-size: cover !important;}&#8221;][\/tw_heading][\/vc_column][\/vc_row][vc_row size=&#8221;uk-padding-remove-vertical&#8221; css=&#8221;.vc_custom_1616797844178{padding-bottom: 75px !important;}&#8221;][vc_column][tw_heading title_animate=&#8221;true&#8221; title=&#8221;&#8221; subtitle=&#8221;Allaitement&#8221; title_align=&#8221;uk-text-left&#8221; max_width=&#8221;title_full&#8221;][\/tw_heading][vc_row_inner][vc_column_inner][tw_heading title_animate=&#8221;&#8221; title=&#8221;L\u2019allaitement et l\u2019expression du lait maternel en n\u00e9onatologie&#8221; subtitle=&#8221;&#8221; title_align=&#8221;uk-text-left&#8221; max_width=&#8221;title_full&#8221;]Selon les experts, l\u2019allaitement est crucial pendant les 6 premiers mois pour tous les enfants mais en particulier pour les pr\u00e9matur\u00e9s. Le lait humain est la meilleure alimentation pour tous les enfants. L\u2019objectif est que les enfants re\u00e7oivent exclusivement du lait maternel pendant les premiers 6 mois de vie, puis qu\u2019ils continuent \u00e0 recevoir ce lait en combinaison avec des aliments solides jusqu\u2019\u00e0 au moins 1an.<\/p>\n<p>Les b\u00e9b\u00e9s pr\u00e9matur\u00e9s ont des besoins nutritionnels augment\u00e9s durant la p\u00e9riode n\u00e9onatale (avant 40 semaines d\u2019\u00e2ge gestationnel) car ils ont moins de r\u00e9serves de graisse et sont plus \u00e0 risque d\u2019infection et autres probl\u00e8mes de sant\u00e9 qui augmentent les besoins en \u00e9nergie.[\/tw_heading][\/vc_column_inner][\/vc_row_inner][\/vc_column][\/vc_row][vc_row tw_dimension_type=&#8221;custom-min-height&#8221; tw_dimension_height=&#8221;300&#8243; content_width=&#8221;uk-container-small&#8221; size=&#8221;uk-padding-remove-vertical&#8221; css=&#8221;.vc_custom_1616798123122{background-position: center !important;background-repeat: no-repeat !important;background-size: contain !important;}&#8221;][vc_column width=&#8221;1\/2&#8243; custom_class=&#8221;uk-light uk-padding-xlarge&#8221; uk_light=&#8221;true&#8221; overlay=&#8221;0.3&#8243; css=&#8221;.vc_custom_1616797577691{background: #0a0a0a url(https:\/\/info-prema.uqo.ca\/wp-content\/uploads\/2021\/03\/nes_28_32_gout-1.jpg?id=11184) !important;background-position: center !important;background-repeat: no-repeat !important;background-size: cover !important;}&#8221;][tw_heading title_animate=&#8221;&#8221; title=&#8221;B\u00e9n\u00e9fices du lait maternel&#8221; subtitle=&#8221;&#8221; title_align=&#8221;uk-text-left&#8221; max_width=&#8221;title_full&#8221; css=&#8221;.vc_custom_1615083584351{background-position: center !important;background-repeat: no-repeat !important;background-size: contain !important;}&#8221;]<\/p>\n<p style=\"text-align: left;\">[tw_button link=&#8221;https:\/\/info-prema.uqo.ca\/?page_id=10078&#8243;\u00a0 size=&#8221;small&#8221; style=&#8221;border uk-button-radius&#8221; hover=&#8221;light-hover&#8221; icon_class=&#8221;ion-ios-arrow-thin-right&#8221; margin=&#8221;0,0,0,0&#8243; animate_icon=&#8221;true&#8221;]En savoir plus[\/tw_button]<\/p>\n<p>[\/tw_heading][\/vc_column][vc_column width=&#8221;1\/2&#8243; custom_class=&#8221;uk-light uk-padding-xlarge&#8221; uk_light=&#8221;true&#8221; css=&#8221;.vc_custom_1613872300863{background-color: #1e73be !important;background-position: center !important;background-repeat: no-repeat !important;background-size: cover !important;}&#8221;][tw_heading title_animate=&#8221;&#8221; title=&#8221;Difficult\u00e9 et Complications&#8221; subtitle=&#8221;&#8221; title_align=&#8221;uk-text-left&#8221; max_width=&#8221;title_full&#8221;]<\/p>\n<p style=\"text-align: left;\">[tw_button link=&#8221;https:\/\/info-prema.uqo.ca\/?page_id=10075&#8243;\u00a0 size=&#8221;small&#8221; style=&#8221;border uk-button-radius&#8221; hover=&#8221;light-hover&#8221; icon_class=&#8221;ion-ios-arrow-thin-right&#8221; margin=&#8221;0,0,0,0&#8243; animate_icon=&#8221;true&#8221;]En savoir plus[\/tw_button]<\/p>\n<p>[\/tw_heading][\/vc_column][\/vc_row][vc_row tw_dimension_type=&#8221;custom-min-height&#8221; tw_dimension_height=&#8221;260&#8243; content_width=&#8221;uk-container-small&#8221; size=&#8221;uk-padding-remove-vertical&#8221; css=&#8221;.vc_custom_1614740762780{background-position: center !important;background-repeat: no-repeat !important;background-size: contain !important;}&#8221;][vc_column width=&#8221;1\/2&#8243; custom_class=&#8221;uk-light uk-padding-xlarge&#8221; uk_light=&#8221;true&#8221; css=&#8221;.vc_custom_1613875410676{background-color: #b5b5b5 !important;background-position: center !important;background-repeat: no-repeat !important;background-size: cover !important;}&#8221;][tw_heading title_animate=&#8221;&#8221; title=&#8221;Exp\u00e9rience des m\u00e8res qui allaitent&#8221; subtitle=&#8221;&#8221; title_align=&#8221;uk-text-left&#8221; max_width=&#8221;title_large&#8221; uk_light=&#8221;true&#8221; css=&#8221;.vc_custom_1615083655477{background-position: center !important;background-repeat: no-repeat !important;background-size: contain !important;}&#8221;]<\/p>\n<p style=\"text-align: left;\">[tw_button link=&#8221;https:\/\/info-prema.uqo.ca\/?page_id=10166&#8243;\u00a0 size=&#8221;small&#8221; style=&#8221;border uk-button-radius&#8221; hover=&#8221;light-hover&#8221; icon_class=&#8221;ion-ios-arrow-thin-right&#8221; margin=&#8221;0,0,0,0&#8243; animate_icon=&#8221;true&#8221;]En savoir plus[\/tw_button]<\/p>\n<p>[\/tw_heading][\/vc_column][vc_column width=&#8221;1\/2&#8243; custom_class=&#8221;uk-light uk-padding-xlarge&#8221; uk_light=&#8221;true&#8221; overlay=&#8221;0.3&#8243; css=&#8221;.vc_custom_1616808592432{background: #0a0a0a url(https:\/\/info-prema.uqo.ca\/wp-content\/uploads\/2021\/03\/banque_de_lait-e1616808585226.jpg?id=11519) !important;background-position: center !important;background-repeat: no-repeat !important;background-size: cover !important;}&#8221;][tw_heading title_animate=&#8221;&#8221; title=&#8221;Banque de lait humain&#8221; subtitle=&#8221;&#8221; title_align=&#8221;uk-text-left&#8221;]<\/p>\n<p style=\"text-align: left;\">[tw_button link=&#8221;https:\/\/info-prema.uqo.ca\/?page_id=10669&#8243;\u00a0 size=&#8221;small&#8221; style=&#8221;border uk-button-radius&#8221; hover=&#8221;light-hover&#8221; icon_class=&#8221;ion-ios-arrow-thin-right&#8221; margin=&#8221;0,0,0,0&#8243; animate_icon=&#8221;true&#8221;]En savoir plus[\/tw_button]<\/p>\n<p>[\/tw_heading][\/vc_column][\/vc_row][vc_row size=&#8221;uk-section-normal&#8221;][vc_column][\/vc_column][\/vc_row]<\/p>\n<\/div>","protected":false},"excerpt":{"rendered":"<p>[vc_row tw_dimension_type=&#8221;custom-min-height&#8221; tw_dimension_height=&#8221;300&#8243; uk_light=&#8221;true&#8221; tablet=&#8221;true&#8221; mobile=&#8221;true&#8221; overlay=&#8221;0.3&#8243; css=&#8221;.vc_custom_1616808404023{margin-bottom: 55px !important;background: #0a0a0a url(https:\/\/info-prema.uqo.ca\/wp-content\/uploads\/2021\/03\/allaitement-1-e1616808393717.jpg?id=11516) !important;background-position: center !important;background-repeat: no-repeat !important;background-size: cover !important;}&#8221;][vc_column][tw_heading heading_tag=&#8221;h2&#8243; title_animate=&#8221;&#8221; title=&#8221;Allaitement&#8221; subtitle=&#8221;&#8221; css=&#8221;.vc_custom_1615593130227{background-position: center !important;background-repeat: no-repeat !important;background-size: cover !important;}&#8221;][\/tw_heading][\/vc_column][\/vc_row][vc_row tw_dimension_type=&#8221;custom-min-height&#8221; tw_dimension_height=&#8221;200&#8243; size=&#8221;uk-section-normal&#8221; uk_light=&#8221;true&#8221; large_screens=&#8221;true&#8221; desktop=&#8221;true&#8221; overlay=&#8221;0.3&#8243; css=&#8221;.vc_custom_1616809811769{margin-bottom: 45px !important;background: #0a0a0a url(https:\/\/info-prema.uqo.ca\/wp-content\/uploads\/2021\/03\/allaitement-1-e1616808393717.jpg?id=11516) !important;background-position: center !important;background-repeat: no-repeat !important;background-size: cover !important;}&#8221;][vc_column][tw_heading heading_tag=&#8221;h2&#8243; title_animate=&#8221;&#8221; title=&#8221;Allaitement&#8221; subtitle=&#8221;&#8221; max_width=&#8221;title_full&#8221; css=&#8221;.vc_custom_1616797809812{padding-top: [&hellip;]<\/p>\n","protected":false},"author":1,"featured_media":0,"parent":0,"menu_order":0,"comment_status":"closed","ping_status":"closed","template":"","meta":{"footnotes":""},"class_list":["post-9867","page","type-page","status-publish","hentry"],"_links":{"self":[{"href":"https:\/\/info-prema.uqo.ca\/index.php?rest_route=\/wp\/v2\/pages\/9867","targetHints":{"allow":["GET"]}}],"collection":[{"href":"https:\/\/info-prema.uqo.ca\/index.php?rest_route=\/wp\/v2\/pages"}],"about":[{"href":"https:\/\/info-prema.uqo.ca\/index.php?rest_route=\/wp\/v2\/types\/page"}],"author":[{"embeddable":true,"href":"https:\/\/info-prema.uqo.ca\/index.php?rest_route=\/wp\/v2\/users\/1"}],"replies":[{"embeddable":true,"href":"https:\/\/info-prema.uqo.ca\/index.php?rest_route=%2Fwp%2Fv2%2Fcomments&post=9867"}],"version-history":[{"count":148,"href":"https:\/\/info-prema.uqo.ca\/index.php?rest_route=\/wp\/v2\/pages\/9867\/revisions"}],"predecessor-version":[{"id":11533,"href":"https:\/\/info-prema.uqo.ca\/index.php?rest_route=\/wp\/v2\/pages\/9867\/revisions\/11533"}],"wp:attachment":[{"href":"https:\/\/info-prema.uqo.ca\/index.php?rest_route=%2Fwp%2Fv2%2Fmedia&parent=9867"}],"curies":[{"name":"wp","href":"https:\/\/api.w.org\/{rel}","templated":true}]}}