{"id":9957,"date":"2021-02-19T18:20:19","date_gmt":"2021-02-19T23:20:19","guid":{"rendered":"https:\/\/info-prema.uqo.ca\/?page_id=9957"},"modified":"2021-03-26T20:35:37","modified_gmt":"2021-03-27T01:35:37","slug":"actions-a-faire-3","status":"publish","type":"page","link":"https:\/\/info-prema.uqo.ca\/?page_id=9957","title":{"rendered":"Actions \u00e0 faire"},"content":{"rendered":"<div class=\"wpb-content-wrapper\"><p>[vc_row tw_dimension_type=&#8221;custom-min-height&#8221; tw_dimension_height=&#8221;300&#8243; size=&#8221;uk-section-normal&#8221; uk_light=&#8221;true&#8221; tablet=&#8221;true&#8221; mobile=&#8221;true&#8221; overlay=&#8221;0.3&#8243; css=&#8221;.vc_custom_1616791579121{margin-bottom: 55px !important;background: #0a0a0a url(https:\/\/info-prema.uqo.ca\/wp-content\/uploads\/2021\/03\/que_puis_je_faire-e1616719198430.jpg?id=11150) !important;background-position: center !important;background-repeat: no-repeat !important;background-size: cover !important;}&#8221;][vc_column][tw_heading heading_tag=&#8221;h2&#8243; title_animate=&#8221;&#8221; title=&#8221;Que puis-je faire?&#8221; subtitle=&#8221;&#8221; max_width=&#8221;title_700&#8243;][\/tw_heading][\/vc_column][\/vc_row][vc_row tw_dimension_type=&#8221;custom-min-height&#8221; tw_dimension_height=&#8221;200&#8243; size=&#8221;uk-section-normal&#8221; uk_light=&#8221;true&#8221; large_screens=&#8221;true&#8221; desktop=&#8221;true&#8221; overlay=&#8221;0.3&#8243; css=&#8221;.vc_custom_1616794273955{margin-bottom: -30px !important;background: #0a0a0a url(https:\/\/info-prema.uqo.ca\/wp-content\/uploads\/2021\/03\/que_puis_je_faire-e1616719198430.jpg?id=11150) !important;background-position: center !important;background-repeat: no-repeat !important;background-size: cover !important;}&#8221;][vc_column][tw_heading heading_tag=&#8221;h2&#8243; title_animate=&#8221;&#8221; title=&#8221;Actions \u00e0 faire&#8221; subtitle=&#8221;Que puis-je faire?&#8221; max_width=&#8221;title_full&#8221; css=&#8221;.vc_custom_1616794007151{padding-top: 15px !important;}&#8221;][\/tw_heading][\/vc_column][\/vc_row][vc_row size=&#8221;uk-section-xsmall&#8221; gutter=&#8221;uk-grid-collapse&#8221; large_screens=&#8221;true&#8221; desktop=&#8221;true&#8221; css=&#8221;.vc_custom_1613863042638{padding-bottom: 75px !important;}&#8221;][vc_column width=&#8221;1\/4&#8243; tablet=&#8221;true&#8221; mobile=&#8221;true&#8221;][vc_widget_sidebar sidebar_id=&#8221;default-sidebar&#8221;][\/vc_column][\/vc_row][vc_row size=&#8221;uk-padding-remove-vertical&#8221; css=&#8221;.vc_custom_1616794025665{padding-bottom: 75px !important;}&#8221;][vc_column width=&#8221;1\/4&#8243;][vc_wp_custommenu title=&#8221;Sections&#8221; nav_menu=&#8221;117&#8243;][vc_row_inner size=&#8221;uk-section-xsmall&#8221; equal_height=&#8221;&#8221;][vc_column_inner][\/vc_column_inner][\/vc_row_inner][\/vc_column][vc_column width=&#8221;3\/4&#8243;][tw_heading title_animate=&#8221;true&#8221; title=&#8221;&#8221; subtitle=&#8221;Que puis-je faire?&#8221; title_align=&#8221;uk-text-left&#8221; max_width=&#8221;title_700&#8243;][\/tw_heading][tw_heading title_animate=&#8221;&#8221; title=&#8221;Actions \u00e0 faire pour favoriser l\u2019implication parentale et la proximit\u00e9&#8221; subtitle=&#8221;&#8221; title_align=&#8221;uk-text-left&#8221; max_width=&#8221;title_700&#8243;][\/tw_heading][tw_heading title_animate=&#8221;&#8221; title=&#8221;&#8221; subtitle=&#8221;&#8221; title_align=&#8221;uk-text-left&#8221; max_width=&#8221;title_700&#8243;]Pour favoriser votre implication aupr\u00e8s de votre b\u00e9b\u00e9 et d\u00e9velopper votre relation parent-b\u00e9b\u00e9 en favorisant la proximit\u00e9, voici quelques actions que vous pouvez faire quotidiennement\u00a0: \u00eatre pr\u00e9sent, favoriser le contact physique, avoir des interactions parent-enfant, prodiguer des soins, communiquer avec le personnel soignant, passer du temps en famille avec votre b\u00e9b\u00e9 et demander de l\u2019aide.[\/tw_heading][vc_row_inner equal_height=&#8221;&#8221; large_screens=&#8221;true&#8221; desktop=&#8221;true&#8221;][vc_column_inner][tw_text]<\/p>\n<p style=\"text-align: right;\">[tw_button link=&#8221;https:\/\/info-prema.uqo.ca\/?page_id=9965&#8243;\u00a0 size=&#8221;small&#8221; style=&#8221;border uk-button-radius&#8221; hover=&#8221;dark-hover&#8221; icon_class=&#8221;ion-ios-arrow-thin-right&#8221; margin=&#8221;0,0,0,0&#8243; animate_icon=&#8221;true&#8221;]\u00catre pr\u00e9sent au chevet de votre b\u00e9b\u00e9[\/tw_button]<\/p>\n<p>[\/tw_text][\/vc_column_inner][\/vc_row_inner][\/vc_column][\/vc_row]<\/p>\n<\/div>","protected":false},"excerpt":{"rendered":"<p>[vc_row tw_dimension_type=&#8221;custom-min-height&#8221; tw_dimension_height=&#8221;300&#8243; size=&#8221;uk-section-normal&#8221; uk_light=&#8221;true&#8221; tablet=&#8221;true&#8221; mobile=&#8221;true&#8221; overlay=&#8221;0.3&#8243; css=&#8221;.vc_custom_1616791579121{margin-bottom: 55px !important;background: #0a0a0a url(https:\/\/info-prema.uqo.ca\/wp-content\/uploads\/2021\/03\/que_puis_je_faire-e1616719198430.jpg?id=11150) !important;background-position: center !important;background-repeat: no-repeat !important;background-size: cover !important;}&#8221;][vc_column][tw_heading heading_tag=&#8221;h2&#8243; title_animate=&#8221;&#8221; title=&#8221;Que puis-je faire?&#8221; subtitle=&#8221;&#8221; max_width=&#8221;title_700&#8243;][\/tw_heading][\/vc_column][\/vc_row][vc_row tw_dimension_type=&#8221;custom-min-height&#8221; tw_dimension_height=&#8221;200&#8243; size=&#8221;uk-section-normal&#8221; uk_light=&#8221;true&#8221; large_screens=&#8221;true&#8221; desktop=&#8221;true&#8221; overlay=&#8221;0.3&#8243; css=&#8221;.vc_custom_1616794273955{margin-bottom: -30px !important;background: #0a0a0a url(https:\/\/info-prema.uqo.ca\/wp-content\/uploads\/2021\/03\/que_puis_je_faire-e1616719198430.jpg?id=11150) !important;background-position: center !important;background-repeat: no-repeat !important;background-size: cover !important;}&#8221;][vc_column][tw_heading heading_tag=&#8221;h2&#8243; title_animate=&#8221;&#8221; title=&#8221;Actions \u00e0 faire&#8221; subtitle=&#8221;Que puis-je faire?&#8221; max_width=&#8221;title_full&#8221; [&hellip;]<\/p>\n","protected":false},"author":1,"featured_media":0,"parent":0,"menu_order":0,"comment_status":"closed","ping_status":"closed","template":"","meta":{"footnotes":""},"class_list":["post-9957","page","type-page","status-publish","hentry"],"_links":{"self":[{"href":"https:\/\/info-prema.uqo.ca\/index.php?rest_route=\/wp\/v2\/pages\/9957","targetHints":{"allow":["GET"]}}],"collection":[{"href":"https:\/\/info-prema.uqo.ca\/index.php?rest_route=\/wp\/v2\/pages"}],"about":[{"href":"https:\/\/info-prema.uqo.ca\/index.php?rest_route=\/wp\/v2\/types\/page"}],"author":[{"embeddable":true,"href":"https:\/\/info-prema.uqo.ca\/index.php?rest_route=\/wp\/v2\/users\/1"}],"replies":[{"embeddable":true,"href":"https:\/\/info-prema.uqo.ca\/index.php?rest_route=%2Fwp%2Fv2%2Fcomments&post=9957"}],"version-history":[{"count":108,"href":"https:\/\/info-prema.uqo.ca\/index.php?rest_route=\/wp\/v2\/pages\/9957\/revisions"}],"predecessor-version":[{"id":11523,"href":"https:\/\/info-prema.uqo.ca\/index.php?rest_route=\/wp\/v2\/pages\/9957\/revisions\/11523"}],"wp:attachment":[{"href":"https:\/\/info-prema.uqo.ca\/index.php?rest_route=%2Fwp%2Fv2%2Fmedia&parent=9957"}],"curies":[{"name":"wp","href":"https:\/\/api.w.org\/{rel}","templated":true}]}}