{"id":9965,"date":"2021-02-19T19:23:13","date_gmt":"2021-02-20T00:23:13","guid":{"rendered":"https:\/\/info-prema.uqo.ca\/?page_id=9965"},"modified":"2021-03-26T20:37:38","modified_gmt":"2021-03-27T01:37:38","slug":"actions-a-faire-2","status":"publish","type":"page","link":"https:\/\/info-prema.uqo.ca\/?page_id=9965","title":{"rendered":"\u00catre pr\u00e9sent au chevet de votre b\u00e9b\u00e9"},"content":{"rendered":"<div class=\"wpb-content-wrapper\"><p>[vc_row tw_dimension_type=&#8221;custom-min-height&#8221; tw_dimension_height=&#8221;300&#8243; size=&#8221;uk-section-normal&#8221; uk_light=&#8221;true&#8221; tablet=&#8221;true&#8221; mobile=&#8221;true&#8221; overlay=&#8221;0.3&#8243; css=&#8221;.vc_custom_1616793316602{margin-bottom: 55px !important;background-image: url(https:\/\/info-prema.uqo.ca\/wp-content\/uploads\/2021\/03\/que_puis_je_faire-e1616719198430.jpg?id=11150) !important;background-position: center !important;background-repeat: no-repeat !important;background-size: cover !important;}&#8221;][vc_column][tw_heading heading_tag=&#8221;h2&#8243; title_animate=&#8221;&#8221; title=&#8221;Que puis-je faire?&#8221; subtitle=&#8221;&#8221; max_width=&#8221;title_700&#8243; css=&#8221;.vc_custom_1616793604133{padding-top: 30px !important;padding-bottom: 75px !important;}&#8221;][\/tw_heading][\/vc_column][\/vc_row][vc_row tw_dimension_type=&#8221;custom-min-height&#8221; tw_dimension_height=&#8221;200&#8243; size=&#8221;uk-section-normal&#8221; uk_light=&#8221;true&#8221; large_screens=&#8221;true&#8221; desktop=&#8221;true&#8221; overlay=&#8221;0.3&#8243; css=&#8221;.vc_custom_1616794297771{margin-bottom: 45px !important;background: #0a0a0a url(https:\/\/info-prema.uqo.ca\/wp-content\/uploads\/2021\/03\/que_puis_je_faire-e1616719198430.jpg?id=11150) !important;background-position: center !important;background-repeat: no-repeat !important;background-size: cover !important;}&#8221;][vc_column][tw_heading heading_tag=&#8221;h2&#8243; title_animate=&#8221;&#8221; title=&#8221;\u00catre pr\u00e9sent au chevet de votre b\u00e9b\u00e9&#8221; subtitle=&#8221;Que puis-je faire?&#8221; max_width=&#8221;title_700&#8243; css=&#8221;.vc_custom_1616793768967{padding-top: 15px !important;}&#8221;][\/tw_heading][\/vc_column][\/vc_row][vc_row size=&#8221;uk-padding-remove-vertical&#8221; gutter=&#8221;uk-grid-collapse&#8221; css=&#8221;.vc_custom_1616793267473{padding-bottom: 75px !important;}&#8221;][vc_column width=&#8221;1\/4&#8243;][vc_wp_custommenu title=&#8221;Sections&#8221; nav_menu=&#8221;117&#8243;][vc_row_inner size=&#8221;uk-section-xsmall&#8221; equal_height=&#8221;&#8221;][vc_column_inner][\/vc_column_inner][\/vc_row_inner][\/vc_column][vc_column width=&#8221;3\/4&#8243;][tw_heading title_animate=&#8221;true&#8221; title=&#8221;&#8221; subtitle=&#8221;Que puis-je faire?&#8221; title_align=&#8221;uk-text-left&#8221; max_width=&#8221;title_700&#8243;][\/tw_heading][tw_heading title_animate=&#8221;&#8221; title=&#8221;\u00catre pr\u00e9sent au chevet de votre b\u00e9b\u00e9&#8221; subtitle=&#8221;&#8221; title_align=&#8221;uk-text-left&#8221; max_width=&#8221;title_700&#8243;]Pour ce faire, vous pouvez d\u00e9velopper, en collaboration avec l\u2019\u00e9quipe soignante, des habitudes de visites selon un horaire qui <strong>favorisent l\u2019attachement parent-b\u00e9b\u00e9<\/strong> et qui vous permettent des habitudes de sommeil ad\u00e9quates. Ceci signifie que votre pr\u00e9sence est importante au chevet de votre b\u00e9b\u00e9 et qu\u2019il est recommand\u00e9 de passer le plus de temps possible aupr\u00e8s de lui. Par contre, <strong>il est important de vous reposer pour ne pas vous \u00e9puiser<\/strong>.<\/p>\n<p>Avec l\u2019\u00e9quipe soignante, vous pouvez d\u00e9terminer les meilleurs moments pour \u00eatre avec votre b\u00e9b\u00e9 selon vos besoins et ceux de votre enfant. Par exemple, vous pouvez d\u00e9terminer des p\u00e9riodes o\u00f9 le b\u00e9b\u00e9 a tendance \u00e0 \u00eatre plus calme ou endormi pour d\u00e9cider les moments o\u00f9 vous n\u2019\u00eates pas \u00e0 son chevet. Votre pr\u00e9sence au chevet de votre b\u00e9b\u00e9 va vous permettre d\u2019observer votre b\u00e9b\u00e9 pour apprendre \u00e0 le conna\u00eetre, c\u2019est-\u00e0-dire <strong>conna\u00eetre ses pr\u00e9f\u00e9rences, ses habitudes, ce qu\u2019il aime moins et autres<\/strong>.[\/tw_heading][vc_row_inner equal_height=&#8221;&#8221; large_screens=&#8221;true&#8221; desktop=&#8221;true&#8221;][vc_column_inner][tw_text]<\/p>\n<p style=\"text-align: right;\">[tw_button link=&#8221;https:\/\/info-prema.uqo.ca\/?page_id=9967&#8243;\u00a0 size=&#8221;small&#8221; style=&#8221;border uk-button-radius&#8221; hover=&#8221;dark-hover&#8221; icon_class=&#8221;ion-ios-arrow-thin-right&#8221; margin=&#8221;0,0,0,0&#8243; animate_icon=&#8221;true&#8221;]Favoriser le contact physique[\/tw_button]<\/p>\n<p>[\/tw_text][\/vc_column_inner][\/vc_row_inner][\/vc_column][\/vc_row][vc_row size=&#8221;uk-section-small&#8221; large_screens=&#8221;true&#8221; desktop=&#8221;true&#8221; css=&#8221;.vc_custom_1613862551229{padding-bottom: -50px !important;}&#8221;][vc_column][vc_wp_custommenu nav_menu=&#8221;115&#8243; title=&#8221;Sections&#8221;][\/vc_column][\/vc_row]<\/p>\n<\/div>","protected":false},"excerpt":{"rendered":"<p>[vc_row tw_dimension_type=&#8221;custom-min-height&#8221; tw_dimension_height=&#8221;300&#8243; size=&#8221;uk-section-normal&#8221; uk_light=&#8221;true&#8221; tablet=&#8221;true&#8221; mobile=&#8221;true&#8221; overlay=&#8221;0.3&#8243; css=&#8221;.vc_custom_1616793316602{margin-bottom: 55px !important;background-image: url(https:\/\/info-prema.uqo.ca\/wp-content\/uploads\/2021\/03\/que_puis_je_faire-e1616719198430.jpg?id=11150) !important;background-position: center !important;background-repeat: no-repeat !important;background-size: cover !important;}&#8221;][vc_column][tw_heading heading_tag=&#8221;h2&#8243; title_animate=&#8221;&#8221; title=&#8221;Que puis-je faire?&#8221; subtitle=&#8221;&#8221; max_width=&#8221;title_700&#8243; css=&#8221;.vc_custom_1616793604133{padding-top: 30px !important;padding-bottom: 75px !important;}&#8221;][\/tw_heading][\/vc_column][\/vc_row][vc_row tw_dimension_type=&#8221;custom-min-height&#8221; tw_dimension_height=&#8221;200&#8243; size=&#8221;uk-section-normal&#8221; uk_light=&#8221;true&#8221; large_screens=&#8221;true&#8221; desktop=&#8221;true&#8221; overlay=&#8221;0.3&#8243; css=&#8221;.vc_custom_1616794297771{margin-bottom: 45px !important;background: #0a0a0a url(https:\/\/info-prema.uqo.ca\/wp-content\/uploads\/2021\/03\/que_puis_je_faire-e1616719198430.jpg?id=11150) !important;background-position: center !important;background-repeat: no-repeat !important;background-size: cover !important;}&#8221;][vc_column][tw_heading heading_tag=&#8221;h2&#8243; title_animate=&#8221;&#8221; title=&#8221;\u00catre pr\u00e9sent au [&hellip;]<\/p>\n","protected":false},"author":1,"featured_media":0,"parent":0,"menu_order":0,"comment_status":"closed","ping_status":"closed","template":"","meta":{"footnotes":""},"class_list":["post-9965","page","type-page","status-publish","hentry"],"_links":{"self":[{"href":"https:\/\/info-prema.uqo.ca\/index.php?rest_route=\/wp\/v2\/pages\/9965","targetHints":{"allow":["GET"]}}],"collection":[{"href":"https:\/\/info-prema.uqo.ca\/index.php?rest_route=\/wp\/v2\/pages"}],"about":[{"href":"https:\/\/info-prema.uqo.ca\/index.php?rest_route=\/wp\/v2\/types\/page"}],"author":[{"embeddable":true,"href":"https:\/\/info-prema.uqo.ca\/index.php?rest_route=\/wp\/v2\/users\/1"}],"replies":[{"embeddable":true,"href":"https:\/\/info-prema.uqo.ca\/index.php?rest_route=%2Fwp%2Fv2%2Fcomments&post=9965"}],"version-history":[{"count":24,"href":"https:\/\/info-prema.uqo.ca\/index.php?rest_route=\/wp\/v2\/pages\/9965\/revisions"}],"predecessor-version":[{"id":11524,"href":"https:\/\/info-prema.uqo.ca\/index.php?rest_route=\/wp\/v2\/pages\/9965\/revisions\/11524"}],"wp:attachment":[{"href":"https:\/\/info-prema.uqo.ca\/index.php?rest_route=%2Fwp%2Fv2%2Fmedia&parent=9965"}],"curies":[{"name":"wp","href":"https:\/\/api.w.org\/{rel}","templated":true}]}}