{"id":9974,"date":"2021-02-19T19:37:26","date_gmt":"2021-02-20T00:37:26","guid":{"rendered":"https:\/\/info-prema.uqo.ca\/?page_id=9974"},"modified":"2021-03-26T20:40:38","modified_gmt":"2021-03-27T01:40:38","slug":"actions-a-faire-3-2","status":"publish","type":"page","link":"https:\/\/info-prema.uqo.ca\/?page_id=9974","title":{"rendered":"Avoir des interactions parent-enfant"},"content":{"rendered":"<div class=\"wpb-content-wrapper\"><p>[vc_row size=&#8221;uk-section-small&#8221; large_screens=&#8221;true&#8221; desktop=&#8221;true&#8221; css=&#8221;.vc_custom_1613862551229{padding-bottom: -50px !important;}&#8221;][vc_column][vc_wp_custommenu nav_menu=&#8221;115&#8243; title=&#8221;Sections&#8221;][\/vc_column][\/vc_row][vc_row tw_dimension_type=&#8221;custom-min-height&#8221; tw_dimension_height=&#8221;300&#8243; size=&#8221;uk-section-normal&#8221; uk_light=&#8221;true&#8221; tablet=&#8221;true&#8221; mobile=&#8221;true&#8221; overlay=&#8221;0.3&#8243; css=&#8221;.vc_custom_1616796177515{margin-bottom: 55px !important;background: #0a0a0a url(https:\/\/info-prema.uqo.ca\/wp-content\/uploads\/2021\/03\/que_puis_je_faire-e1616719198430.jpg?id=11150) !important;background-position: center !important;background-repeat: no-repeat !important;background-size: cover !important;}&#8221;][vc_column][tw_heading heading_tag=&#8221;h2&#8243; title_animate=&#8221;&#8221; title=&#8221;Que puis-je faire?&#8221; subtitle=&#8221;&#8221; max_width=&#8221;title_700&#8243;][\/tw_heading][\/vc_column][\/vc_row][vc_row tw_dimension_type=&#8221;custom-min-height&#8221; tw_dimension_height=&#8221;200&#8243; size=&#8221;uk-section-normal&#8221; uk_light=&#8221;true&#8221; large_screens=&#8221;true&#8221; desktop=&#8221;true&#8221; overlay=&#8221;0.3&#8243; css=&#8221;.vc_custom_1616796353502{margin-top: -40px !important;margin-bottom: 55px !important;background: #0a0a0a url(https:\/\/info-prema.uqo.ca\/wp-content\/uploads\/2021\/03\/que_puis_je_faire-e1616719198430.jpg?id=11150) !important;background-position: center !important;background-repeat: no-repeat !important;background-size: cover !important;}&#8221;][vc_column][tw_heading heading_tag=&#8221;h2&#8243; title_animate=&#8221;&#8221; title=&#8221;Avoir des interactions parent-enfant&#8221; subtitle=&#8221;Que puis-je faire?&#8221; max_width=&#8221;title_full&#8221;][\/tw_heading][\/vc_column][\/vc_row][vc_row size=&#8221;uk-padding-remove-vertical&#8221; gutter=&#8221;uk-grid-collapse&#8221; css=&#8221;.vc_custom_1616795011969{padding-bottom: 75px !important;}&#8221;][vc_column width=&#8221;1\/4&#8243;][vc_wp_custommenu title=&#8221;Sections&#8221; nav_menu=&#8221;117&#8243;][vc_row_inner size=&#8221;uk-section-xsmall&#8221; equal_height=&#8221;&#8221;][vc_column_inner][\/vc_column_inner][\/vc_row_inner][\/vc_column][vc_column width=&#8221;3\/4&#8243;][tw_heading title_animate=&#8221;true&#8221; title=&#8221;&#8221; subtitle=&#8221;Que puis-je faire?&#8221; title_align=&#8221;uk-text-left&#8221; max_width=&#8221;title_700&#8243;][\/tw_heading][tw_heading title_animate=&#8221;&#8221; title=&#8221;Avoir des interactions parent-enfant&#8221; subtitle=&#8221;&#8221; title_align=&#8221;uk-text-left&#8221; max_width=&#8221;title_700&#8243;]Il y a plusieurs fa\u00e7ons d\u2019interagir avec votre b\u00e9b\u00e9. Par exemple, vous pouvez avoir des contacts visuels avec lui et r\u00e9agir \u00e0 ses comportements, c\u2019est-\u00e0-dire interagir avec lui lorsqu\u2019il d\u00e9montre des signes qu\u2019il est dispos\u00e9 \u00e0 communiquer avec vous (Voir la partie intitul\u00e9e : \u00c9tat d\u2019attention et d\u2019interaction dans le <a href=\"https:\/\/info-prema.uqo.ca\/?page_id=2334\">tableau 1<\/a>). Vous pouvez aussi lui parler, lui chanter des chansons, lire une histoire pour qu\u2019il entende le son de votre voix. Ceci est positif pour son d\u00e9veloppement, puisque lors de la grossesse, le f\u0153tus entend le son de la voix de sa m\u00e8re.<\/p>\n<p>Lors d\u2019une naissance pr\u00e9matur\u00e9, l\u2019exposition \u00e0 la voix de la m\u00e8re dans l\u2019ut\u00e9rus est interrompue. Or, pour reproduire ce que votre b\u00e9b\u00e9 entendait lors de la grossesse, lors de ses p\u00e9riodes d\u2019\u00e9veil, vous pouvez lui parler doucement pour favoriser l\u2019exposition \u00e0 une stimulation auditive positive ayant un effet b\u00e9n\u00e9fique sur son d\u00e9veloppement. Il est cependant important de s\u2019assurer de ne pas exposer votre b\u00e9b\u00e9 \u00e0 des bruits forts pour ne pas faire une stimulation n\u00e9gative qui peut nuire \u00e0 votre b\u00e9b\u00e9. Pour ce faire, il faut parler \u00e0 voix basse ou chanter doucement.[\/tw_heading][vc_row_inner equal_height=&#8221;&#8221; large_screens=&#8221;true&#8221; desktop=&#8221;true&#8221;][vc_column_inner][tw_text]<\/p>\n<p style=\"text-align: right;\">[tw_button link=&#8221;https:\/\/info-prema.uqo.ca\/?page_id=9975&#8243;\u00a0 size=&#8221;small&#8221; style=&#8221;border uk-button-radius&#8221; hover=&#8221;dark-hover&#8221; icon_class=&#8221;ion-ios-arrow-thin-right&#8221; margin=&#8221;0,0,0,0&#8243; animate_icon=&#8221;true&#8221;]Prodiguer des soins[\/tw_button]<\/p>\n<p>[\/tw_text][\/vc_column_inner][\/vc_row_inner][\/vc_column][\/vc_row]<\/p>\n<\/div>","protected":false},"excerpt":{"rendered":"<p>[vc_row size=&#8221;uk-section-small&#8221; large_screens=&#8221;true&#8221; desktop=&#8221;true&#8221; css=&#8221;.vc_custom_1613862551229{padding-bottom: -50px !important;}&#8221;][vc_column][vc_wp_custommenu nav_menu=&#8221;115&#8243; title=&#8221;Sections&#8221;][\/vc_column][\/vc_row][vc_row tw_dimension_type=&#8221;custom-min-height&#8221; tw_dimension_height=&#8221;300&#8243; size=&#8221;uk-section-normal&#8221; uk_light=&#8221;true&#8221; tablet=&#8221;true&#8221; mobile=&#8221;true&#8221; overlay=&#8221;0.3&#8243; css=&#8221;.vc_custom_1616796177515{margin-bottom: 55px !important;background: #0a0a0a url(https:\/\/info-prema.uqo.ca\/wp-content\/uploads\/2021\/03\/que_puis_je_faire-e1616719198430.jpg?id=11150) !important;background-position: center !important;background-repeat: no-repeat !important;background-size: cover !important;}&#8221;][vc_column][tw_heading heading_tag=&#8221;h2&#8243; title_animate=&#8221;&#8221; title=&#8221;Que puis-je faire?&#8221; subtitle=&#8221;&#8221; max_width=&#8221;title_700&#8243;][\/tw_heading][\/vc_column][\/vc_row][vc_row tw_dimension_type=&#8221;custom-min-height&#8221; tw_dimension_height=&#8221;200&#8243; size=&#8221;uk-section-normal&#8221; uk_light=&#8221;true&#8221; large_screens=&#8221;true&#8221; desktop=&#8221;true&#8221; overlay=&#8221;0.3&#8243; css=&#8221;.vc_custom_1616796353502{margin-top: -40px !important;margin-bottom: 55px !important;background: #0a0a0a url(https:\/\/info-prema.uqo.ca\/wp-content\/uploads\/2021\/03\/que_puis_je_faire-e1616719198430.jpg?id=11150) !important;background-position: center !important;background-repeat: no-repeat !important;background-size: cover [&hellip;]<\/p>\n","protected":false},"author":1,"featured_media":0,"parent":0,"menu_order":0,"comment_status":"closed","ping_status":"closed","template":"","meta":{"footnotes":""},"class_list":["post-9974","page","type-page","status-publish","hentry"],"_links":{"self":[{"href":"https:\/\/info-prema.uqo.ca\/index.php?rest_route=\/wp\/v2\/pages\/9974","targetHints":{"allow":["GET"]}}],"collection":[{"href":"https:\/\/info-prema.uqo.ca\/index.php?rest_route=\/wp\/v2\/pages"}],"about":[{"href":"https:\/\/info-prema.uqo.ca\/index.php?rest_route=\/wp\/v2\/types\/page"}],"author":[{"embeddable":true,"href":"https:\/\/info-prema.uqo.ca\/index.php?rest_route=\/wp\/v2\/users\/1"}],"replies":[{"embeddable":true,"href":"https:\/\/info-prema.uqo.ca\/index.php?rest_route=%2Fwp%2Fv2%2Fcomments&post=9974"}],"version-history":[{"count":31,"href":"https:\/\/info-prema.uqo.ca\/index.php?rest_route=\/wp\/v2\/pages\/9974\/revisions"}],"predecessor-version":[{"id":11526,"href":"https:\/\/info-prema.uqo.ca\/index.php?rest_route=\/wp\/v2\/pages\/9974\/revisions\/11526"}],"wp:attachment":[{"href":"https:\/\/info-prema.uqo.ca\/index.php?rest_route=%2Fwp%2Fv2%2Fmedia&parent=9974"}],"curies":[{"name":"wp","href":"https:\/\/api.w.org\/{rel}","templated":true}]}}