{"id":9976,"date":"2021-02-19T19:39:46","date_gmt":"2021-02-20T00:39:46","guid":{"rendered":"https:\/\/info-prema.uqo.ca\/?page_id=9976"},"modified":"2021-03-26T20:47:34","modified_gmt":"2021-03-27T01:47:34","slug":"actions-a-faire-3-4","status":"publish","type":"page","link":"https:\/\/info-prema.uqo.ca\/?page_id=9976","title":{"rendered":"Communiquer avec le personnel soignant"},"content":{"rendered":"<div class=\"wpb-content-wrapper\"><p>[vc_row tw_dimension_type=&#8221;custom-min-height&#8221; tw_dimension_height=&#8221;300&#8243; size=&#8221;uk-section-normal&#8221; uk_light=&#8221;true&#8221; tablet=&#8221;true&#8221; mobile=&#8221;true&#8221; overlay=&#8221;0.3&#8243; css=&#8221;.vc_custom_1616796718075{margin-bottom: 55px !important;background: #0a0a0a url(https:\/\/info-prema.uqo.ca\/wp-content\/uploads\/2021\/03\/que_puis_je_faire-e1616719198430.jpg?id=11150) !important;background-position: center !important;background-repeat: no-repeat !important;background-size: cover !important;}&#8221;][vc_column][tw_heading heading_tag=&#8221;h2&#8243; title_animate=&#8221;&#8221; title=&#8221;Que puis-je faire?&#8221; subtitle=&#8221;&#8221; max_width=&#8221;title_700&#8243; css=&#8221;.vc_custom_1616796727459{padding-top: 30px !important;}&#8221;][\/tw_heading][\/vc_column][\/vc_row][vc_row tw_dimension_type=&#8221;custom-min-height&#8221; tw_dimension_height=&#8221;200&#8243; size=&#8221;uk-section-normal&#8221; uk_light=&#8221;true&#8221; large_screens=&#8221;true&#8221; desktop=&#8221;true&#8221; overlay=&#8221;0.3&#8243; css=&#8221;.vc_custom_1616796843569{margin-bottom: 45px !important;background: #0a0a0a url(https:\/\/info-prema.uqo.ca\/wp-content\/uploads\/2021\/03\/que_puis_je_faire-e1616719198430.jpg?id=11150) !important;background-position: center !important;background-repeat: no-repeat !important;background-size: cover !important;}&#8221;][vc_column][tw_heading heading_tag=&#8221;h2&#8243; title_animate=&#8221;&#8221; title=&#8221;Communiquer avec le personnel&#8221; subtitle=&#8221;Que puis-je faire?&#8221; max_width=&#8221;title_700&#8243;][\/tw_heading][\/vc_column][\/vc_row][vc_row size=&#8221;uk-padding-remove-vertical&#8221; gutter=&#8221;uk-grid-collapse&#8221; css=&#8221;.vc_custom_1616796763377{padding-bottom: 75px !important;}&#8221;][vc_column width=&#8221;1\/4&#8243;][vc_wp_custommenu title=&#8221;Sections&#8221; nav_menu=&#8221;117&#8243;][vc_row_inner size=&#8221;uk-section-xsmall&#8221; equal_height=&#8221;&#8221;][vc_column_inner][\/vc_column_inner][\/vc_row_inner][\/vc_column][vc_column width=&#8221;3\/4&#8243;][tw_heading title_animate=&#8221;true&#8221; title=&#8221;&#8221; subtitle=&#8221;Que puis-je faire?&#8221; title_align=&#8221;uk-text-left&#8221; max_width=&#8221;title_700&#8243;][\/tw_heading][tw_heading title_animate=&#8221;&#8221; title=&#8221;Communiquer avec le personnel soignant&#8221; subtitle=&#8221;&#8221; title_align=&#8221;uk-text-left&#8221; max_width=&#8221;title_700&#8243;]Il est important de communiquer avec les membres du personnel soignant pour obtenir de l\u2019information au sujet de votre b\u00e9b\u00e9. Les occasions de communiquer avec les membres du personnel soignant sont nombreuses : lors de la tourn\u00e9e m\u00e9dicale, lorsque l\u2019infirmi\u00e8re ou un autre membre du personnel soignant (inhaloth\u00e9rapeute, physioth\u00e9rapeute et autres) est dans la chambre de votre b\u00e9b\u00e9, lorsque vous contactez l\u2019infirmi\u00e8re par t\u00e9l\u00e9phone pour prendre des nouvelles de votre b\u00e9b\u00e9 en votre absence du d\u00e9partement et autres. Vous pouvez poser des questions et valider vos connaissances au sujet de votre b\u00e9b\u00e9, son d\u00e9veloppement et son \u00e9tat de sant\u00e9 avec eux. <strong>Il est aussi important dans votre r\u00f4le parental de participer \u00e0 la prise de d\u00e9cision concernant les soins de votre b\u00e9b\u00e9.<\/strong> La communication avec les membres du personnel soignant est primordiale en ce sens. De plus, pour am\u00e9liorer la communication avec les membres du personnel soignant, lorsque vous ne pouvez pas \u00eatre pr\u00e9sent au chevet de votre b\u00e9b\u00e9, demandez-leur de vous contacter si un changement survient dans l\u2019\u00e9tat de sant\u00e9 de votre b\u00e9b\u00e9.<\/p>\n<blockquote>\n<p>N&#8217;h\u00e9sitez pas \u00e0 parler aux membres de l&#8217;\u00e9quipe soignante et \u00e0 poser des questions. Les membres de la familles sont aussi importants pour le personnel soignant.<\/p>\n<\/blockquote>\n<p><strong>Il faut \u00e9viter de consulter des sources d\u2019informations invalides telles que des informations non scientifiques sur internet<\/strong> ou des personnes qui ne connaissent pas les particularit\u00e9s de votre b\u00e9b\u00e9. Il est plut\u00f4t recommand\u00e9 de consulter le site internet d\u2019associations reconnues tel que Pr\u00e9ma Qu\u00e9bec ou la Soci\u00e9t\u00e9 Canadienne de p\u00e9diatrie pour consulter des informations valides et pertinentes. Vous pouvez aussi demander aux membres du personnel soignant de vous fournir des documents informatifs disponibles sur l\u2019unit\u00e9.[\/tw_heading][vc_row_inner equal_height=&#8221;&#8221; large_screens=&#8221;true&#8221; desktop=&#8221;true&#8221;][vc_column_inner][tw_text]<\/p>\n<p style=\"text-align: right;\">[tw_button link=&#8221;https:\/\/info-prema.uqo.ca\/?page_id=9982&#8243;\u00a0 size=&#8221;small&#8221; style=&#8221;border uk-button-radius&#8221; hover=&#8221;dark-hover&#8221; icon_class=&#8221;ion-ios-arrow-thin-right&#8221; margin=&#8221;0,0,0,0&#8243; animate_icon=&#8221;true&#8221;]\u00catre en famille[\/tw_button]<\/p>\n<p>[\/tw_text][\/vc_column_inner][\/vc_row_inner][\/vc_column][\/vc_row][vc_row size=&#8221;uk-section-small&#8221; large_screens=&#8221;true&#8221; desktop=&#8221;true&#8221; css=&#8221;.vc_custom_1613862551229{padding-bottom: -50px !important;}&#8221;][vc_column][vc_wp_custommenu nav_menu=&#8221;115&#8243; title=&#8221;Sections&#8221;][\/vc_column][\/vc_row]<\/p>\n<\/div>","protected":false},"excerpt":{"rendered":"<p>[vc_row tw_dimension_type=&#8221;custom-min-height&#8221; tw_dimension_height=&#8221;300&#8243; size=&#8221;uk-section-normal&#8221; uk_light=&#8221;true&#8221; tablet=&#8221;true&#8221; mobile=&#8221;true&#8221; overlay=&#8221;0.3&#8243; css=&#8221;.vc_custom_1616796718075{margin-bottom: 55px !important;background: #0a0a0a url(https:\/\/info-prema.uqo.ca\/wp-content\/uploads\/2021\/03\/que_puis_je_faire-e1616719198430.jpg?id=11150) !important;background-position: center !important;background-repeat: no-repeat !important;background-size: cover !important;}&#8221;][vc_column][tw_heading heading_tag=&#8221;h2&#8243; title_animate=&#8221;&#8221; title=&#8221;Que puis-je faire?&#8221; subtitle=&#8221;&#8221; max_width=&#8221;title_700&#8243; css=&#8221;.vc_custom_1616796727459{padding-top: 30px !important;}&#8221;][\/tw_heading][\/vc_column][\/vc_row][vc_row tw_dimension_type=&#8221;custom-min-height&#8221; tw_dimension_height=&#8221;200&#8243; size=&#8221;uk-section-normal&#8221; uk_light=&#8221;true&#8221; large_screens=&#8221;true&#8221; desktop=&#8221;true&#8221; overlay=&#8221;0.3&#8243; css=&#8221;.vc_custom_1616796843569{margin-bottom: 45px !important;background: #0a0a0a url(https:\/\/info-prema.uqo.ca\/wp-content\/uploads\/2021\/03\/que_puis_je_faire-e1616719198430.jpg?id=11150) !important;background-position: center !important;background-repeat: no-repeat !important;background-size: cover !important;}&#8221;][vc_column][tw_heading heading_tag=&#8221;h2&#8243; title_animate=&#8221;&#8221; title=&#8221;Communiquer avec le personnel&#8221; [&hellip;]<\/p>\n","protected":false},"author":1,"featured_media":0,"parent":0,"menu_order":0,"comment_status":"closed","ping_status":"closed","template":"","meta":{"footnotes":""},"class_list":["post-9976","page","type-page","status-publish","hentry"],"_links":{"self":[{"href":"https:\/\/info-prema.uqo.ca\/index.php?rest_route=\/wp\/v2\/pages\/9976","targetHints":{"allow":["GET"]}}],"collection":[{"href":"https:\/\/info-prema.uqo.ca\/index.php?rest_route=\/wp\/v2\/pages"}],"about":[{"href":"https:\/\/info-prema.uqo.ca\/index.php?rest_route=\/wp\/v2\/types\/page"}],"author":[{"embeddable":true,"href":"https:\/\/info-prema.uqo.ca\/index.php?rest_route=\/wp\/v2\/users\/1"}],"replies":[{"embeddable":true,"href":"https:\/\/info-prema.uqo.ca\/index.php?rest_route=%2Fwp%2Fv2%2Fcomments&post=9976"}],"version-history":[{"count":14,"href":"https:\/\/info-prema.uqo.ca\/index.php?rest_route=\/wp\/v2\/pages\/9976\/revisions"}],"predecessor-version":[{"id":11531,"href":"https:\/\/info-prema.uqo.ca\/index.php?rest_route=\/wp\/v2\/pages\/9976\/revisions\/11531"}],"wp:attachment":[{"href":"https:\/\/info-prema.uqo.ca\/index.php?rest_route=%2Fwp%2Fv2%2Fmedia&parent=9976"}],"curies":[{"name":"wp","href":"https:\/\/api.w.org\/{rel}","templated":true}]}}